{"id":17178,"date":"2025-07-15T23:43:35","date_gmt":"2025-07-15T21:43:35","guid":{"rendered":"https:\/\/uj.adatbank.ro\/lexikon\/termek\/ori-filep-istvan-fulop-fulop\/"},"modified":"2025-07-15T23:43:35","modified_gmt":"2025-07-15T21:43:35","slug":"ori-filep-istvan-fulop-fulop","status":"publish","type":"product","link":"https:\/\/uj.adatbank.ro\/lexikon\/termek\/ori-filep-istvan-fulop-fulop\/","title":{"rendered":"\u0150RI FILEP Istv\u00e1n; F\u00fcl\u00f6p F\u00fcl\u00f6p"},"content":{"rendered":"<p>? \u2020 ?: sz\u00edn\u00e9sz. \u2013 Az els\u0151, pest-budai m. sz\u00ednt\u00e1rs. tagja, az els\u0151 m. nyelv\u0171 el\u0151ad\u00e1sokon (1790\u201392), Simai K.: Igazh\u00e1zi c. magyar\u00edtott darabj\u00e1ban L\u00e1z\u00e1r szerep\u00e9t j\u00e1tszotta (1792. okt. 25. \u00e9s 27.). Felmer\u00fclt, hogy a Kv.-ra k\u00f6lt\u00f6zik, \u00e9s seg\u00edti az erd\u00e9lyi m. sz\u00edn\u00e9szet szervez\u00e9s\u00e9t. Utols\u00f3 pesti fell\u00e9p\u00e9se 1792. szept. 26-\u00e1n volt. Kv.-ott el\u0151sz\u00f6r 1793. jan. 30-\u00e1n l\u00e9pett sz\u00ednpadra. A pest-budai egy\u00fcttest mag\u00e1nvagyon\u00e1b\u00f3l t\u00e1mogatta. S\u00f3os M\u00e1rton aj\u00e1nlotta Aranka figyelm\u00e9be, amikor a kv.-i sz\u00ednh\u00e1z megszervez\u00e9s\u00e9r\u0151l leveleztek. Meg\u00e9rkezett Kv.-ra (1792 \u0151sz\u00e9n), ahova igazgat\u00f3i becsv\u00e1gy vitte, l\u00e1tv\u00e1nyos el\u0151ad\u00e1sokat finansz\u00edrozott. Tragikus \u00e9s \u00e9rz\u00e9kenyj\u00e1t\u00e9ki h\u0151s\u00f6ket alak\u00edtott. Szerepk\u00f6ri \u00fctk\u00f6z\u00e9sei t\u00e1madtak az ig. K\u00f3tsi Patk\u00f3 J\u00e1nossal, aki szerepeket vont meg t\u0151le, majd id\u0151leges t\u00e1voz\u00e1sra k\u00e9sztette (1794). Tervet k\u00e9sz\u00edtett egy Mv.-en l\u00e9tes\u00edtend\u0151 \u00e1lland\u00f3 sz\u00ednh\u00e1zr\u00f3l, amit beny\u00fajtott az Erd\u00e9lyi M. Nyelvm\u00edvel\u0151 T\u00e1rsas\u00e1gnak. (1794. m\u00e1j. 27.). Az \u00e9p\u00edtkez\u00e9st\u0151l a felszerel\u00e9sig, a reperto\u00e1rt\u00f3l a t\u00e1rsulat\u00e9p\u00edt\u00e9sig, a k\u00f6z\u00f6ns\u00e9ggel val\u00f3 kapcsolatig kiterjedt p\u00e1ly\u00e1zata, amely meglep\u0151 gyakorlatiass\u00e1ggal alkalmazkodott a korabeli viszonyokhoz. A t\u00e1rsulat \u00e9p\u00edt\u00e9s\u00e9ben a helybeli er\u0151kre k\u00edv\u00e1nt t\u00e1maszkodni, akik a koll\u00e9giumi sz\u00ednj\u00e1tsz\u00e1sban t\u00fcntek fel. A terv nem r\u00e9szes\u00fclt kell\u0151 figyelemben. \u00dajabb kv.-i fell\u00e9p\u00e9seir\u0151l tudunk (1794\u20131797). Tov\u00e1bbi \u00e9let\u00fatja nem ismert. \u2013 <strong>F. sz.:<\/strong> Gy\u00e1rf\u00e1s (Dugonics A.\u2013Endr\u0151dy J.: Az arany perecek); Kir\u00e1ly (Sh.\u2013Schr\u00f6der: Hamlet); Limison (Fenouillet: G\u00e1lyarab); Esm\u00e9retlen (Kotzebue: Embergy\u0171l\u00f6l\u00e9s \u00e9s megb\u00e1n\u00e1s); R\u00f3me\u00f3 (Sh.\u2013Weisse: R\u00f3me\u00f3 \u00e9s J\u00falia) Cato (Gottsched: A haldokl\u00f3 Cato). <br \/><strong>Irod.:<\/strong> Enyedi S.: Egy ismeretlen dokumentum a kolozsv\u00e1ri magyar sz\u00ednj\u00e1tsz\u00e1s t\u00f6rt\u00e9net\u00e9b\u0151l (Sz\u00ednh\u00e1ztudom\u00e1nyi Szemle, 1985. 17. sz.); Enyedi: erd\u00e9lyi m. sz\u00ednj\u00e1tsz\u00e1s; Id\u0151t\u00e1r 1; Jancs\u00f3 E.: Az Erd\u00e9lyi Magyar Nyelvm\u00edvel\u0151 T\u00e1rsas\u00e1g iratai (Bukarest, 1955); K\u00e1ntor-K\u00f6t\u0151; Kov\u00e1cs Levente; MSZL; P\u00e1l-Antal 2009; [Peris Ter\u00e9z]: A M. J\u00e1czo T\u00e1rsas\u00e1gnak Organiz\u00e1ci\u00f3j\u00e1r\u00f3l, avagy a mv.-i sz\u00ednj\u00e1tsz\u00e1s t\u00f6rt\u00e9net\u00e9b\u0151l (N\u00fa., 1994. jan. 26.); Szentimrei<\/br><\/p>\n","protected":false},"excerpt":{"rendered":"<p>? \u2020 ?: sz\u00edn\u00e9sz. \u2013 Az els\u0151, pest-budai m. sz\u00ednt\u00e1rs. tagja, az els\u0151 m. nyelv\u0171 el\u0151ad\u00e1sokon (1790\u201392), Simai K.: Igazh\u00e1zi c. magyar\u00edtott darabj\u00e1ban L\u00e1z\u00e1r szerep\u00e9t j\u00e1tszotta (1792. okt. 25. \u00e9s 27.). Felmer\u00fclt, hogy a Kv.-ra k\u00f6lt\u00f6zik, \u00e9s seg\u00edti az erd\u00e9lyi m. sz\u00edn\u00e9szet szervez\u00e9s\u00e9t. Utols\u00f3 pesti fell\u00e9p\u00e9se 1792. szept. 26-\u00e1n volt. Kv.-ott el\u0151sz\u00f6r 1793. jan. 30-\u00e1n [&hellip;]<\/p>\n","protected":false},"featured_media":0,"comment_status":"open","ping_status":"closed","template":"","meta":[],"product_brand":[],"product_cat":[137],"product_tag":[],"class_list":{"0":"post-17178","1":"product","2":"type-product","3":"status-publish","5":"product_cat-maros-megyei-eletrajzi-lexikon","7":"first","8":"instock","9":"shipping-taxable","10":"product-type-simple"},"_links":{"self":[{"href":"https:\/\/uj.adatbank.ro\/lexikon\/wp-json\/wp\/v2\/product\/17178","targetHints":{"allow":["GET"]}}],"collection":[{"href":"https:\/\/uj.adatbank.ro\/lexikon\/wp-json\/wp\/v2\/product"}],"about":[{"href":"https:\/\/uj.adatbank.ro\/lexikon\/wp-json\/wp\/v2\/types\/product"}],"replies":[{"embeddable":true,"href":"https:\/\/uj.adatbank.ro\/lexikon\/wp-json\/wp\/v2\/comments?post=17178"}],"wp:attachment":[{"href":"https:\/\/uj.adatbank.ro\/lexikon\/wp-json\/wp\/v2\/media?parent=17178"}],"wp:term":[{"taxonomy":"product_brand","embeddable":true,"href":"https:\/\/uj.adatbank.ro\/lexikon\/wp-json\/wp\/v2\/product_brand?post=17178"},{"taxonomy":"product_cat","embeddable":true,"href":"https:\/\/uj.adatbank.ro\/lexikon\/wp-json\/wp\/v2\/product_cat?post=17178"},{"taxonomy":"product_tag","embeddable":true,"href":"https:\/\/uj.adatbank.ro\/lexikon\/wp-json\/wp\/v2\/product_tag?post=17178"}],"curies":[{"name":"wp","href":"https:\/\/api.w.org\/{rel}","templated":true}]}}