{"id":1722,"date":"2025-06-28T11:51:05","date_gmt":"2025-06-28T09:51:05","guid":{"rendered":"https:\/\/uj.adatbank.ro\/lexikon\/termek\/albert-janos-2\/"},"modified":"2025-06-28T11:51:05","modified_gmt":"2025-06-28T09:51:05","slug":"albert-janos-2","status":"publish","type":"product","link":"https:\/\/uj.adatbank.ro\/lexikon\/termek\/albert-janos-2\/","title":{"rendered":"ALBERT J\u00e1nos"},"content":{"rendered":"<p>1834. j\u00fan. 13., \u2020 Magyar\u00f3, 1885. febr. 21,: ref. lelk\u00e9sz. \u2013 A. Gy\u00f6rgy ref. lelk\u00e9sz fia \u00e9s ut\u00f3da. \u2013 Magyar\u00f3n szolg\u00e1lt (1860\u201385). <br \/><strong>Irod.:<\/strong> B\u00f6jthe Andor<\/br><\/p>\n","protected":false},"excerpt":{"rendered":"<p>1834. j\u00fan. 13., \u2020 Magyar\u00f3, 1885. febr. 21,: ref. lelk\u00e9sz. \u2013 A. Gy\u00f6rgy ref. lelk\u00e9sz fia \u00e9s ut\u00f3da. \u2013 Magyar\u00f3n szolg\u00e1lt (1860\u201385). Irod.: B\u00f6jthe Andor<\/p>\n","protected":false},"featured_media":0,"comment_status":"open","ping_status":"closed","template":"","meta":[],"product_brand":[],"product_cat":[137],"product_tag":[],"class_list":{"0":"post-1722","1":"product","2":"type-product","3":"status-publish","5":"product_cat-maros-megyei-eletrajzi-lexikon","7":"first","8":"instock","9":"shipping-taxable","10":"product-type-simple"},"_links":{"self":[{"href":"https:\/\/uj.adatbank.ro\/lexikon\/wp-json\/wp\/v2\/product\/1722","targetHints":{"allow":["GET"]}}],"collection":[{"href":"https:\/\/uj.adatbank.ro\/lexikon\/wp-json\/wp\/v2\/product"}],"about":[{"href":"https:\/\/uj.adatbank.ro\/lexikon\/wp-json\/wp\/v2\/types\/product"}],"replies":[{"embeddable":true,"href":"https:\/\/uj.adatbank.ro\/lexikon\/wp-json\/wp\/v2\/comments?post=1722"}],"wp:attachment":[{"href":"https:\/\/uj.adatbank.ro\/lexikon\/wp-json\/wp\/v2\/media?parent=1722"}],"wp:term":[{"taxonomy":"product_brand","embeddable":true,"href":"https:\/\/uj.adatbank.ro\/lexikon\/wp-json\/wp\/v2\/product_brand?post=1722"},{"taxonomy":"product_cat","embeddable":true,"href":"https:\/\/uj.adatbank.ro\/lexikon\/wp-json\/wp\/v2\/product_cat?post=1722"},{"taxonomy":"product_tag","embeddable":true,"href":"https:\/\/uj.adatbank.ro\/lexikon\/wp-json\/wp\/v2\/product_tag?post=1722"}],"curies":[{"name":"wp","href":"https:\/\/api.w.org\/{rel}","templated":true}]}}