{"id":1724,"date":"2025-06-28T11:51:09","date_gmt":"2025-06-28T09:51:09","guid":{"rendered":"https:\/\/uj.adatbank.ro\/lexikon\/termek\/albert-janos-4\/"},"modified":"2025-06-28T11:51:09","modified_gmt":"2025-06-28T09:51:09","slug":"albert-janos-4","status":"publish","type":"product","link":"https:\/\/uj.adatbank.ro\/lexikon\/termek\/albert-janos-4\/","title":{"rendered":"ALBERT J\u00e1nos"},"content":{"rendered":"<p>? \u2020\u00a0? : tan\u00edt\u00f3, l\u00e9vita. \u2013 Ny\u00e1r\u00e1dg\u00e1lfalv\u00e1n a tan\u00edt\u00e1s mellett a lelk\u00e9szi teend\u0151ket is ell\u00e1tta (1896\u20131901). <br \/><strong>Irod.:<\/strong> Ny\u00e1r\u00e1dg\u00e1lfalva<\/br><\/p>\n","protected":false},"excerpt":{"rendered":"<p>? \u2020\u00a0? : tan\u00edt\u00f3, l\u00e9vita. \u2013 Ny\u00e1r\u00e1dg\u00e1lfalv\u00e1n a tan\u00edt\u00e1s mellett a lelk\u00e9szi teend\u0151ket is ell\u00e1tta (1896\u20131901). Irod.: Ny\u00e1r\u00e1dg\u00e1lfalva<\/p>\n","protected":false},"featured_media":0,"comment_status":"open","ping_status":"closed","template":"","meta":[],"product_brand":[],"product_cat":[137],"product_tag":[],"class_list":{"0":"post-1724","1":"product","2":"type-product","3":"status-publish","5":"product_cat-maros-megyei-eletrajzi-lexikon","7":"first","8":"instock","9":"shipping-taxable","10":"product-type-simple"},"_links":{"self":[{"href":"https:\/\/uj.adatbank.ro\/lexikon\/wp-json\/wp\/v2\/product\/1724","targetHints":{"allow":["GET"]}}],"collection":[{"href":"https:\/\/uj.adatbank.ro\/lexikon\/wp-json\/wp\/v2\/product"}],"about":[{"href":"https:\/\/uj.adatbank.ro\/lexikon\/wp-json\/wp\/v2\/types\/product"}],"replies":[{"embeddable":true,"href":"https:\/\/uj.adatbank.ro\/lexikon\/wp-json\/wp\/v2\/comments?post=1724"}],"wp:attachment":[{"href":"https:\/\/uj.adatbank.ro\/lexikon\/wp-json\/wp\/v2\/media?parent=1724"}],"wp:term":[{"taxonomy":"product_brand","embeddable":true,"href":"https:\/\/uj.adatbank.ro\/lexikon\/wp-json\/wp\/v2\/product_brand?post=1724"},{"taxonomy":"product_cat","embeddable":true,"href":"https:\/\/uj.adatbank.ro\/lexikon\/wp-json\/wp\/v2\/product_cat?post=1724"},{"taxonomy":"product_tag","embeddable":true,"href":"https:\/\/uj.adatbank.ro\/lexikon\/wp-json\/wp\/v2\/product_tag?post=1724"}],"curies":[{"name":"wp","href":"https:\/\/api.w.org\/{rel}","templated":true}]}}