{"id":17249,"date":"2025-07-15T23:45:59","date_gmt":"2025-07-15T21:45:59","guid":{"rendered":"https:\/\/uj.adatbank.ro\/lexikon\/termek\/osz-istvan\/"},"modified":"2025-07-15T23:45:59","modified_gmt":"2025-07-15T21:45:59","slug":"osz-istvan","status":"publish","type":"product","link":"https:\/\/uj.adatbank.ro\/lexikon\/termek\/osz-istvan\/","title":{"rendered":"\u0150SZ Istv\u00e1n"},"content":{"rendered":"<p>1832.?, \u2020 Mv., 1859. m\u00e1rc. 27.: tan\u00edt\u00f3. \u2013 A mv.-i ref. f\u0151iskola k\u00f6ztan\u00edt\u00f3ja volt. <br \/><strong>Irod.:<\/strong> Gy\u00e1szjelent\u0151; P\u00e1lmay J\u00f3zsef<\/br><\/p>\n","protected":false},"excerpt":{"rendered":"<p>1832.?, \u2020 Mv., 1859. m\u00e1rc. 27.: tan\u00edt\u00f3. \u2013 A mv.-i ref. f\u0151iskola k\u00f6ztan\u00edt\u00f3ja volt. Irod.: Gy\u00e1szjelent\u0151; P\u00e1lmay J\u00f3zsef<\/p>\n","protected":false},"featured_media":0,"comment_status":"open","ping_status":"closed","template":"","meta":[],"product_brand":[],"product_cat":[137],"product_tag":[],"class_list":{"0":"post-17249","1":"product","2":"type-product","3":"status-publish","5":"product_cat-maros-megyei-eletrajzi-lexikon","7":"first","8":"instock","9":"shipping-taxable","10":"product-type-simple"},"_links":{"self":[{"href":"https:\/\/uj.adatbank.ro\/lexikon\/wp-json\/wp\/v2\/product\/17249","targetHints":{"allow":["GET"]}}],"collection":[{"href":"https:\/\/uj.adatbank.ro\/lexikon\/wp-json\/wp\/v2\/product"}],"about":[{"href":"https:\/\/uj.adatbank.ro\/lexikon\/wp-json\/wp\/v2\/types\/product"}],"replies":[{"embeddable":true,"href":"https:\/\/uj.adatbank.ro\/lexikon\/wp-json\/wp\/v2\/comments?post=17249"}],"wp:attachment":[{"href":"https:\/\/uj.adatbank.ro\/lexikon\/wp-json\/wp\/v2\/media?parent=17249"}],"wp:term":[{"taxonomy":"product_brand","embeddable":true,"href":"https:\/\/uj.adatbank.ro\/lexikon\/wp-json\/wp\/v2\/product_brand?post=17249"},{"taxonomy":"product_cat","embeddable":true,"href":"https:\/\/uj.adatbank.ro\/lexikon\/wp-json\/wp\/v2\/product_cat?post=17249"},{"taxonomy":"product_tag","embeddable":true,"href":"https:\/\/uj.adatbank.ro\/lexikon\/wp-json\/wp\/v2\/product_tag?post=17249"}],"curies":[{"name":"wp","href":"https:\/\/api.w.org\/{rel}","templated":true}]}}