{"id":17250,"date":"2025-07-15T23:46:00","date_gmt":"2025-07-15T21:46:00","guid":{"rendered":"https:\/\/uj.adatbank.ro\/lexikon\/termek\/osz-janos-szekesi\/"},"modified":"2025-07-15T23:46:00","modified_gmt":"2025-07-15T21:46:00","slug":"osz-janos-szekesi","status":"publish","type":"product","link":"https:\/\/uj.adatbank.ro\/lexikon\/termek\/osz-janos-szekesi\/","title":{"rendered":"\u0150SZ J\u00e1nos, sz\u00e9kesi"},"content":{"rendered":"<p>Magyarkir\u00e1lyfalva, 1863. febr. 7., \u2020 Mv., 1941. febr. 7..: tan\u00edt\u00f3, l\u00e9vita, n\u00e9pmesegy\u0171jt\u0151. \u2013 Testv\u00e9rei: sz\u00e9kesi \u0150.S\u00e1ndor; \u0150. Lajos; Kali Albertn\u00e9.Feles\u00e9ge: gal\u00f3ci T\u00f6m\u00f6sv\u00e1ri Ilona.Gyermekeik: dr. \u0150. S\u00e1ndor, feles\u00e9ge Fenyvessy M\u00e1ria; \u0150. Erzs\u00e9bet Gyenes Gyul\u00e1n\u00e9; \u0150. R\u00f3za M\u00f3ra Tiborn\u00e9; dr. \u0150. Gyula, feles\u00e9ge Fenyvessy Zelma; \u0150. G\u00e9za R\u00e1cz Juli\u00e1nna; \u0150. Ilona; \u0150. Zolt\u00e1n. \u2013 A nagyenyedi Bethlen-koll.-hoz kapcsol\u00f3d\u00f3 tan\u00edt\u00f3k\u00e9pz\u0151 int.-ben ta\u00adn\u00edt\u00f3i oklevelet szerzett. Felekezeti tan\u00edt\u00f3 volt Kib\u00e9den (1884\u201391), ahol k\u00f6zs\u00e9gi faiskol\u00e1t l\u00e9tes\u00edtett. \u00c1llami iskolai igazgat\u00f3tan\u00edt\u00f3 K\u00fck\u00fcll\u0151p\u00f3csfalv\u00e1n (1901\u2013); l\u00e9vitalelk\u00e9szi diplom\u00e1t szerzett Kv.-on (1919) \u00e9s faluj\u00e1ban a magyar ref. elemi iskol\u00e1ban tan\u00edtott; nyugd\u00edjaz\u00e1sa (1933) ut\u00e1n Mv.-en \u00e9lt. A Magyar Nyelv\u0151rben \u00e9s az Etnographi\u00e1ban n\u00e9prajzi jelens\u00e9gekr\u0151l sz\u00e1molt be, mes\u00e9ket, anekd\u00f3t\u00e1kat, k\u00f6zmond\u00e1sokat t\u00e1ncsz\u00f3kat k\u00f6z\u00f6lt. Maros-Torda \u00e9s Kisk\u00fck\u00fcll\u0151 vm.-ben n\u00e9pmes\u00e9\u00adket, valamint a M. Nyelv\u0151r c. foly\u00f3irat sz\u00e1m\u00e1ra n\u00e9pnyelvi anyagot is gy\u0171jt\u00f6tt (1899\u201312), Kib\u00e9den kezdte n\u00e9pk\u00f6lt\u00e9szeti alkot\u00e1sok gy\u0171jt\u00e9s\u00e9t, az \u00e1latala lejegyzett 23 n\u00e9pmes\u00e9vel elnyerte a KZST n\u00e9pmesep\u00e1ly\u00e1zat\u00e1t (1897), de gy\u0171jtem\u00e9nye csak hal\u00e1la ut\u00e1n jelent meg. Kisk\u00fck\u00fcll\u0151v\u00f6lgyi n\u00e9pmes\u00e9ib\u0151l Berde M\u00e1ria \u00e9s Farag\u00f3 J\u00f3zsef is k\u00f6zreadott v\u00e1logat\u00e1st. T\u00f6bb nevel\u00e9s\u00fcgyi tanulm\u00e1nyt \u00edrt. \u2013 <strong>F. m.:<\/strong> \u00dcnnepi rigmusok, kar\u00e1csonyi, nagyp\u00e9nteki \u00e9s h\u00fasv\u00e9ti rigmusok (Ethn., 1900); Marossz\u00e9ki sz\u00e9kely n\u00e9pmes\u00e9k, 1\u20132. (Bp., 1917); A sz\u00e9p kir\u00e1lyfi (Mv., 1940); A csudat\u00e1ska (Bev. Kov\u00e1cs L\u00e1szl\u00f3; Kv., 1941); Az \u00e9let vize : Kisk\u00fck\u00fcllpv\u00f6lgyi n\u00e9pmes\u00e9k \u0150. J. gy\u0171jtem\u00e9ny\u00e9b\u0151l Farag\u00f3 J\u00f3zsef v\u00e1logat\u00e1s\u00e1ban (Buk., 1969). <br \/><strong>Irod.:<\/strong> Beke \u00d6d\u00f6n: Egy falusi tan\u00edt\u00f3 \u00e9lett\u00f6rt\u00e9net\u00e9hez (Erd\u00e9lyi Helikon, 1942); Czirj\u00e1k; Encyc. Hung.; F\u00fcl\u00f6p\u2013Ferencz; Guly\u00e1s; Gy\u00e1szjelent\u0151; Helikon 1924\u20131944; Kib\u00e9d; Kov\u00e1cs L\u00e1szl\u00f3: Az irodalom \u00fatj\u00e1n (Kv., 1941; Marosi-KZST; M\u00c9L; MIIB; Olosz Katalin: A marosv\u00e1s\u00e1rhelyi Kem\u00e9ny Zsigmond T\u00e1rsas\u00e1g n\u00e9pk\u00f6lt\u00e9szeti tev\u00e9kenys\u00e9ge = Olosz Katalin 2003); RMIL; Rugonfalvi Kiss; S\u00e1ndor; Sz\u00e9kelyf\u00f6ld \u00ed.k.; Szinnyei; \u00daM\u00c9L; \u00daMIL<\/br><\/p>\n","protected":false},"excerpt":{"rendered":"<p>Magyarkir\u00e1lyfalva, 1863. febr. 7., \u2020 Mv., 1941. febr. 7..: tan\u00edt\u00f3, l\u00e9vita, n\u00e9pmesegy\u0171jt\u0151. \u2013 Testv\u00e9rei: sz\u00e9kesi \u0150.S\u00e1ndor; \u0150. Lajos; Kali Albertn\u00e9.Feles\u00e9ge: gal\u00f3ci T\u00f6m\u00f6sv\u00e1ri Ilona.Gyermekeik: dr. \u0150. S\u00e1ndor, feles\u00e9ge Fenyvessy M\u00e1ria; \u0150. Erzs\u00e9bet Gyenes Gyul\u00e1n\u00e9; \u0150. R\u00f3za M\u00f3ra Tiborn\u00e9; dr. \u0150. Gyula, feles\u00e9ge Fenyvessy Zelma; \u0150. G\u00e9za R\u00e1cz Juli\u00e1nna; \u0150. Ilona; \u0150. Zolt\u00e1n. \u2013 A nagyenyedi Bethlen-koll.-hoz [&hellip;]<\/p>\n","protected":false},"featured_media":0,"comment_status":"open","ping_status":"closed","template":"","meta":[],"product_brand":[],"product_cat":[137],"product_tag":[],"class_list":{"0":"post-17250","1":"product","2":"type-product","3":"status-publish","5":"product_cat-maros-megyei-eletrajzi-lexikon","7":"first","8":"instock","9":"shipping-taxable","10":"product-type-simple"},"_links":{"self":[{"href":"https:\/\/uj.adatbank.ro\/lexikon\/wp-json\/wp\/v2\/product\/17250","targetHints":{"allow":["GET"]}}],"collection":[{"href":"https:\/\/uj.adatbank.ro\/lexikon\/wp-json\/wp\/v2\/product"}],"about":[{"href":"https:\/\/uj.adatbank.ro\/lexikon\/wp-json\/wp\/v2\/types\/product"}],"replies":[{"embeddable":true,"href":"https:\/\/uj.adatbank.ro\/lexikon\/wp-json\/wp\/v2\/comments?post=17250"}],"wp:attachment":[{"href":"https:\/\/uj.adatbank.ro\/lexikon\/wp-json\/wp\/v2\/media?parent=17250"}],"wp:term":[{"taxonomy":"product_brand","embeddable":true,"href":"https:\/\/uj.adatbank.ro\/lexikon\/wp-json\/wp\/v2\/product_brand?post=17250"},{"taxonomy":"product_cat","embeddable":true,"href":"https:\/\/uj.adatbank.ro\/lexikon\/wp-json\/wp\/v2\/product_cat?post=17250"},{"taxonomy":"product_tag","embeddable":true,"href":"https:\/\/uj.adatbank.ro\/lexikon\/wp-json\/wp\/v2\/product_tag?post=17250"}],"curies":[{"name":"wp","href":"https:\/\/api.w.org\/{rel}","templated":true}]}}