{"id":17253,"date":"2025-07-15T23:46:06","date_gmt":"2025-07-15T21:46:06","guid":{"rendered":"https:\/\/uj.adatbank.ro\/lexikon\/termek\/osz-sandor-szekesi-id\/"},"modified":"2025-07-15T23:46:06","modified_gmt":"2025-07-15T21:46:06","slug":"osz-sandor-szekesi-id","status":"publish","type":"product","link":"https:\/\/uj.adatbank.ro\/lexikon\/termek\/osz-sandor-szekesi-id\/","title":{"rendered":"\u0150SZ S\u00e1ndor, sz\u00e9kesi id."},"content":{"rendered":"<p>1885 k. \u2020\u00a0?: tan\u00edt\u00f3, tan\u00fcgyi el\u0151ad\u00f3. \u2013 Nagyenyeden tanult. Tan\u00edtott Mez\u0151m\u00e9nesen (1902\u201319), Galambodon (1919\u2013).T\u00f6bb k\u00f6nyve jelent meg, sz\u00e1mos elismer\u00e9sben \u00e9s kit\u00fcntet\u00e9sben volt r\u00e9sze, a falu kultur\u00e1lis \u00e9s szoci\u00e1lis meg\u00e9lhet\u00e9s\u00e9t gy\u00e9k\u00e9ny- \u00e9s s\u00e1ssz\u00f6v\u00e9s tan\u00edt\u00e1s\u00e1val seg\u00edtette el\u0151. Minden hazafias, t\u00e1rsadalmi \u00e9s kultur\u00e1lis egyes\u00fclet m\u0171k\u00f6d\u00e9s\u00e9ben vezet\u0151 szerepet v\u00e1llalt. \u00c1b\u00e9c\u00e9sk\u00f6nyvet is \u00edrt, amit hossz\u00fa \u00e9vekig haszn\u00e1ltak. \u2013 <strong>F. m.:<\/strong> <strong>szerk.:<\/strong> Maros-Torda v\u00e1rmegye f\u00f6ldrajza (Mv., 1911). <br \/><strong>Irod.:<\/strong> Guly\u00e1s; Maros megye\u00a0; Sz\u00e9kelyf\u00f6ld \u00ed.k.<\/br><\/p>\n","protected":false},"excerpt":{"rendered":"<p>1885 k. \u2020\u00a0?: tan\u00edt\u00f3, tan\u00fcgyi el\u0151ad\u00f3. \u2013 Nagyenyeden tanult. Tan\u00edtott Mez\u0151m\u00e9nesen (1902\u201319), Galambodon (1919\u2013).T\u00f6bb k\u00f6nyve jelent meg, sz\u00e1mos elismer\u00e9sben \u00e9s kit\u00fcntet\u00e9sben volt r\u00e9sze, a falu kultur\u00e1lis \u00e9s szoci\u00e1lis meg\u00e9lhet\u00e9s\u00e9t gy\u00e9k\u00e9ny- \u00e9s s\u00e1ssz\u00f6v\u00e9s tan\u00edt\u00e1s\u00e1val seg\u00edtette el\u0151. Minden hazafias, t\u00e1rsadalmi \u00e9s kultur\u00e1lis egyes\u00fclet m\u0171k\u00f6d\u00e9s\u00e9ben vezet\u0151 szerepet v\u00e1llalt. \u00c1b\u00e9c\u00e9sk\u00f6nyvet is \u00edrt, amit hossz\u00fa \u00e9vekig haszn\u00e1ltak. \u2013 F. m.: [&hellip;]<\/p>\n","protected":false},"featured_media":0,"comment_status":"open","ping_status":"closed","template":"","meta":[],"product_brand":[],"product_cat":[137],"product_tag":[],"class_list":{"0":"post-17253","1":"product","2":"type-product","3":"status-publish","5":"product_cat-maros-megyei-eletrajzi-lexikon","7":"first","8":"instock","9":"shipping-taxable","10":"product-type-simple"},"_links":{"self":[{"href":"https:\/\/uj.adatbank.ro\/lexikon\/wp-json\/wp\/v2\/product\/17253","targetHints":{"allow":["GET"]}}],"collection":[{"href":"https:\/\/uj.adatbank.ro\/lexikon\/wp-json\/wp\/v2\/product"}],"about":[{"href":"https:\/\/uj.adatbank.ro\/lexikon\/wp-json\/wp\/v2\/types\/product"}],"replies":[{"embeddable":true,"href":"https:\/\/uj.adatbank.ro\/lexikon\/wp-json\/wp\/v2\/comments?post=17253"}],"wp:attachment":[{"href":"https:\/\/uj.adatbank.ro\/lexikon\/wp-json\/wp\/v2\/media?parent=17253"}],"wp:term":[{"taxonomy":"product_brand","embeddable":true,"href":"https:\/\/uj.adatbank.ro\/lexikon\/wp-json\/wp\/v2\/product_brand?post=17253"},{"taxonomy":"product_cat","embeddable":true,"href":"https:\/\/uj.adatbank.ro\/lexikon\/wp-json\/wp\/v2\/product_cat?post=17253"},{"taxonomy":"product_tag","embeddable":true,"href":"https:\/\/uj.adatbank.ro\/lexikon\/wp-json\/wp\/v2\/product_tag?post=17253"}],"curies":[{"name":"wp","href":"https:\/\/api.w.org\/{rel}","templated":true}]}}