{"id":17254,"date":"2025-07-15T23:46:08","date_gmt":"2025-07-15T21:46:08","guid":{"rendered":"https:\/\/uj.adatbank.ro\/lexikon\/termek\/osz-sandor-szekesi-ifj\/"},"modified":"2025-07-15T23:46:08","modified_gmt":"2025-07-15T21:46:08","slug":"osz-sandor-szekesi-ifj","status":"publish","type":"product","link":"https:\/\/uj.adatbank.ro\/lexikon\/termek\/osz-sandor-szekesi-ifj\/","title":{"rendered":"\u0150SZ S\u00e1ndor, sz\u00e9kesi, ifj"},"content":{"rendered":"<p>Mez\u0151m\u00e9nes, 1908., \u2020\u00a0?: tan\u00edt\u00f3. \u2013 Mv.-en \u00e9s Nagyenyeden tanult. Tan\u00edt\u00f3 volt Hagym\u00e1sbodon, Mez\u0151bergenye, Jedd, Csejden (1934). A Hangya \u00fczletvezet\u0151je, a gazdak\u00f6r titik\u00e1ra, az \u00c1llatbiztos\u00edt\u00f3 T\u00e1rsas\u00e1g eln\u00f6ke volt. <br \/><strong>Irod.:<\/strong> Guly\u00e1s; Sz\u00e9kelyf\u00f6ld \u00ed.k.<\/br><\/p>\n","protected":false},"excerpt":{"rendered":"<p>Mez\u0151m\u00e9nes, 1908., \u2020\u00a0?: tan\u00edt\u00f3. \u2013 Mv.-en \u00e9s Nagyenyeden tanult. Tan\u00edt\u00f3 volt Hagym\u00e1sbodon, Mez\u0151bergenye, Jedd, Csejden (1934). A Hangya \u00fczletvezet\u0151je, a gazdak\u00f6r titik\u00e1ra, az \u00c1llatbiztos\u00edt\u00f3 T\u00e1rsas\u00e1g eln\u00f6ke volt. Irod.: Guly\u00e1s; Sz\u00e9kelyf\u00f6ld \u00ed.k.<\/p>\n","protected":false},"featured_media":0,"comment_status":"open","ping_status":"closed","template":"","meta":[],"product_brand":[],"product_cat":[137],"product_tag":[],"class_list":{"0":"post-17254","1":"product","2":"type-product","3":"status-publish","5":"product_cat-maros-megyei-eletrajzi-lexikon","7":"first","8":"instock","9":"shipping-taxable","10":"product-type-simple"},"_links":{"self":[{"href":"https:\/\/uj.adatbank.ro\/lexikon\/wp-json\/wp\/v2\/product\/17254","targetHints":{"allow":["GET"]}}],"collection":[{"href":"https:\/\/uj.adatbank.ro\/lexikon\/wp-json\/wp\/v2\/product"}],"about":[{"href":"https:\/\/uj.adatbank.ro\/lexikon\/wp-json\/wp\/v2\/types\/product"}],"replies":[{"embeddable":true,"href":"https:\/\/uj.adatbank.ro\/lexikon\/wp-json\/wp\/v2\/comments?post=17254"}],"wp:attachment":[{"href":"https:\/\/uj.adatbank.ro\/lexikon\/wp-json\/wp\/v2\/media?parent=17254"}],"wp:term":[{"taxonomy":"product_brand","embeddable":true,"href":"https:\/\/uj.adatbank.ro\/lexikon\/wp-json\/wp\/v2\/product_brand?post=17254"},{"taxonomy":"product_cat","embeddable":true,"href":"https:\/\/uj.adatbank.ro\/lexikon\/wp-json\/wp\/v2\/product_cat?post=17254"},{"taxonomy":"product_tag","embeddable":true,"href":"https:\/\/uj.adatbank.ro\/lexikon\/wp-json\/wp\/v2\/product_tag?post=17254"}],"curies":[{"name":"wp","href":"https:\/\/api.w.org\/{rel}","templated":true}]}}