{"id":17262,"date":"2025-07-15T23:46:25","date_gmt":"2025-07-15T21:46:25","guid":{"rendered":"https:\/\/uj.adatbank.ro\/lexikon\/termek\/otves-gero\/"},"modified":"2025-07-15T23:46:25","modified_gmt":"2025-07-15T21:46:25","slug":"otves-gero","status":"publish","type":"product","link":"https:\/\/uj.adatbank.ro\/lexikon\/termek\/otves-gero\/","title":{"rendered":"\u00d6TVES Ger\u0151"},"content":{"rendered":"<p>? \u2020\u00a0?: orvos. \u2013 P\u00e1ly\u00e1zaton v\u00e1lasztott\u00e1k meg Szov\u00e1ta falu orvosi ell\u00e1t\u00e1s\u00e1ra (1901. \u00e1pr. 26.\u2013). Mint makfalvi k\u00f6rzeti orvos biztos\u00edtotta havonta egyszeri f\u00e9lnapi rendel\u00e9ssel a betegek ell\u00e1t\u00e1s\u00e1t, nyaranta f\u00fcrd\u0151orvosk\u00e9nt is m\u0171k\u00f6d\u00f6tt. <br \/><strong>Irod.:<\/strong> Szov\u00e1ta<\/br><\/p>\n","protected":false},"excerpt":{"rendered":"<p>? \u2020\u00a0?: orvos. \u2013 P\u00e1ly\u00e1zaton v\u00e1lasztott\u00e1k meg Szov\u00e1ta falu orvosi ell\u00e1t\u00e1s\u00e1ra (1901. \u00e1pr. 26.\u2013). Mint makfalvi k\u00f6rzeti orvos biztos\u00edtotta havonta egyszeri f\u00e9lnapi rendel\u00e9ssel a betegek ell\u00e1t\u00e1s\u00e1t, nyaranta f\u00fcrd\u0151orvosk\u00e9nt is m\u0171k\u00f6d\u00f6tt. Irod.: Szov\u00e1ta<\/p>\n","protected":false},"featured_media":0,"comment_status":"open","ping_status":"closed","template":"","meta":[],"product_brand":[],"product_cat":[137],"product_tag":[],"class_list":{"0":"post-17262","1":"product","2":"type-product","3":"status-publish","5":"product_cat-maros-megyei-eletrajzi-lexikon","7":"first","8":"instock","9":"shipping-taxable","10":"product-type-simple"},"_links":{"self":[{"href":"https:\/\/uj.adatbank.ro\/lexikon\/wp-json\/wp\/v2\/product\/17262","targetHints":{"allow":["GET"]}}],"collection":[{"href":"https:\/\/uj.adatbank.ro\/lexikon\/wp-json\/wp\/v2\/product"}],"about":[{"href":"https:\/\/uj.adatbank.ro\/lexikon\/wp-json\/wp\/v2\/types\/product"}],"replies":[{"embeddable":true,"href":"https:\/\/uj.adatbank.ro\/lexikon\/wp-json\/wp\/v2\/comments?post=17262"}],"wp:attachment":[{"href":"https:\/\/uj.adatbank.ro\/lexikon\/wp-json\/wp\/v2\/media?parent=17262"}],"wp:term":[{"taxonomy":"product_brand","embeddable":true,"href":"https:\/\/uj.adatbank.ro\/lexikon\/wp-json\/wp\/v2\/product_brand?post=17262"},{"taxonomy":"product_cat","embeddable":true,"href":"https:\/\/uj.adatbank.ro\/lexikon\/wp-json\/wp\/v2\/product_cat?post=17262"},{"taxonomy":"product_tag","embeddable":true,"href":"https:\/\/uj.adatbank.ro\/lexikon\/wp-json\/wp\/v2\/product_tag?post=17262"}],"curies":[{"name":"wp","href":"https:\/\/api.w.org\/{rel}","templated":true}]}}