{"id":17263,"date":"2025-07-15T23:46:27","date_gmt":"2025-07-15T21:46:27","guid":{"rendered":"https:\/\/uj.adatbank.ro\/lexikon\/termek\/otves-goldschmid-zakarias-goldschmidt-zakarias\/"},"modified":"2025-07-15T23:46:27","modified_gmt":"2025-07-15T21:46:27","slug":"otves-goldschmid-zakarias-goldschmidt-zakarias","status":"publish","type":"product","link":"https:\/\/uj.adatbank.ro\/lexikon\/termek\/otves-goldschmid-zakarias-goldschmidt-zakarias\/","title":{"rendered":"\u00d6TVES GOLDSCHMID Zakari\u00e1s, Goldschmidt Zakari\u00e1s"},"content":{"rendered":"<p>1792.? \u2020\u00a0Segesv\u00e1r, 1863. febr. 15.: keresked\u0151. \u2013 Testv\u00e9rei: G. Regina, J\u00f3zsef, Adeod\u00e1t. Feles\u00e9ge: Issekutz Katalin (1802\u20131888. aug. 16.). <br \/><strong>Irod.:<\/strong> Gy\u00e1szjelent.<\/br><\/p>\n","protected":false},"excerpt":{"rendered":"<p>1792.? \u2020\u00a0Segesv\u00e1r, 1863. febr. 15.: keresked\u0151. \u2013 Testv\u00e9rei: G. Regina, J\u00f3zsef, Adeod\u00e1t. Feles\u00e9ge: Issekutz Katalin (1802\u20131888. aug. 16.). Irod.: Gy\u00e1szjelent.<\/p>\n","protected":false},"featured_media":0,"comment_status":"open","ping_status":"closed","template":"","meta":[],"product_brand":[],"product_cat":[137],"product_tag":[],"class_list":{"0":"post-17263","1":"product","2":"type-product","3":"status-publish","5":"product_cat-maros-megyei-eletrajzi-lexikon","7":"first","8":"instock","9":"shipping-taxable","10":"product-type-simple"},"_links":{"self":[{"href":"https:\/\/uj.adatbank.ro\/lexikon\/wp-json\/wp\/v2\/product\/17263","targetHints":{"allow":["GET"]}}],"collection":[{"href":"https:\/\/uj.adatbank.ro\/lexikon\/wp-json\/wp\/v2\/product"}],"about":[{"href":"https:\/\/uj.adatbank.ro\/lexikon\/wp-json\/wp\/v2\/types\/product"}],"replies":[{"embeddable":true,"href":"https:\/\/uj.adatbank.ro\/lexikon\/wp-json\/wp\/v2\/comments?post=17263"}],"wp:attachment":[{"href":"https:\/\/uj.adatbank.ro\/lexikon\/wp-json\/wp\/v2\/media?parent=17263"}],"wp:term":[{"taxonomy":"product_brand","embeddable":true,"href":"https:\/\/uj.adatbank.ro\/lexikon\/wp-json\/wp\/v2\/product_brand?post=17263"},{"taxonomy":"product_cat","embeddable":true,"href":"https:\/\/uj.adatbank.ro\/lexikon\/wp-json\/wp\/v2\/product_cat?post=17263"},{"taxonomy":"product_tag","embeddable":true,"href":"https:\/\/uj.adatbank.ro\/lexikon\/wp-json\/wp\/v2\/product_tag?post=17263"}],"curies":[{"name":"wp","href":"https:\/\/api.w.org\/{rel}","templated":true}]}}