{"id":17272,"date":"2025-07-15T23:46:46","date_gmt":"2025-07-15T21:46:46","guid":{"rendered":"https:\/\/uj.adatbank.ro\/lexikon\/termek\/ozdi-gergely-galfavi\/"},"modified":"2025-07-15T23:46:46","modified_gmt":"2025-07-15T21:46:46","slug":"ozdi-gergely-galfavi","status":"publish","type":"product","link":"https:\/\/uj.adatbank.ro\/lexikon\/termek\/ozdi-gergely-galfavi\/","title":{"rendered":"\u00d3ZDI Gergely, g\u00e1lfavi"},"content":{"rendered":"<p>? \u2020 1631. nov. 14.: not\u00e1rius. \u2013 Le\u00e1nyai:. Zsuzsanna, Borb\u00e1la, Maxai Mih\u00e1lyn\u00e9.ih\u00e1lye \u2013 Marossz\u00e9k jegyz\u0151je (1610\u201331). B\u00e1thory G\u00e1bor fejedelem adom\u00e1nylev\u00e9lben er\u0151s\u00edtette meg O. Gergelyt l\u0151rincfalvi \u00e9s lukafalvi birtokaiban, valamint Szentront\u00e1st is neki adta t\u00f6bb m\u00e1s faluval egy\u00fctt (1609). Jobb\u00e1gyokat is szerzett. Birtokos volt Ny\u00e1r\u00e1dszentl\u00e1szl\u00f3n, a Sig\u00e9r L\u00e1szl\u00f3 f\u00e9le birtokot kapta meg B\u00e1thory G\u00e1bort\u00f3l. <br \/><strong>Irod.:<\/strong> Benk\u0151 Samu; Kelemen Lajos 2006; Ny\u00e1r\u00e1dszentl\u00e1szl\u00f3; P\u00e1l-Antal; P\u00e1l-Antal 2002; Sebesty\u00e9n Mih\u00e1ly: Sikl\u00f3di Gy\u00f6rgy v\u00e9grendelete 1620-b\u00f3l (N\u00fa. \u00e9vk., 2009); Szenth\u00e1roms\u00e1g; SzOkl, 6<\/br><\/p>\n","protected":false},"excerpt":{"rendered":"<p>? \u2020 1631. nov. 14.: not\u00e1rius. \u2013 Le\u00e1nyai:. Zsuzsanna, Borb\u00e1la, Maxai Mih\u00e1lyn\u00e9.ih\u00e1lye \u2013 Marossz\u00e9k jegyz\u0151je (1610\u201331). B\u00e1thory G\u00e1bor fejedelem adom\u00e1nylev\u00e9lben er\u0151s\u00edtette meg O. Gergelyt l\u0151rincfalvi \u00e9s lukafalvi birtokaiban, valamint Szentront\u00e1st is neki adta t\u00f6bb m\u00e1s faluval egy\u00fctt (1609). Jobb\u00e1gyokat is szerzett. Birtokos volt Ny\u00e1r\u00e1dszentl\u00e1szl\u00f3n, a Sig\u00e9r L\u00e1szl\u00f3 f\u00e9le birtokot kapta meg B\u00e1thory G\u00e1bort\u00f3l. Irod.: Benk\u0151 [&hellip;]<\/p>\n","protected":false},"featured_media":0,"comment_status":"open","ping_status":"closed","template":"","meta":[],"product_brand":[],"product_cat":[137],"product_tag":[],"class_list":{"0":"post-17272","1":"product","2":"type-product","3":"status-publish","5":"product_cat-maros-megyei-eletrajzi-lexikon","7":"first","8":"instock","9":"shipping-taxable","10":"product-type-simple"},"_links":{"self":[{"href":"https:\/\/uj.adatbank.ro\/lexikon\/wp-json\/wp\/v2\/product\/17272","targetHints":{"allow":["GET"]}}],"collection":[{"href":"https:\/\/uj.adatbank.ro\/lexikon\/wp-json\/wp\/v2\/product"}],"about":[{"href":"https:\/\/uj.adatbank.ro\/lexikon\/wp-json\/wp\/v2\/types\/product"}],"replies":[{"embeddable":true,"href":"https:\/\/uj.adatbank.ro\/lexikon\/wp-json\/wp\/v2\/comments?post=17272"}],"wp:attachment":[{"href":"https:\/\/uj.adatbank.ro\/lexikon\/wp-json\/wp\/v2\/media?parent=17272"}],"wp:term":[{"taxonomy":"product_brand","embeddable":true,"href":"https:\/\/uj.adatbank.ro\/lexikon\/wp-json\/wp\/v2\/product_brand?post=17272"},{"taxonomy":"product_cat","embeddable":true,"href":"https:\/\/uj.adatbank.ro\/lexikon\/wp-json\/wp\/v2\/product_cat?post=17272"},{"taxonomy":"product_tag","embeddable":true,"href":"https:\/\/uj.adatbank.ro\/lexikon\/wp-json\/wp\/v2\/product_tag?post=17272"}],"curies":[{"name":"wp","href":"https:\/\/api.w.org\/{rel}","templated":true}]}}