{"id":17274,"date":"2025-07-15T23:46:49","date_gmt":"2025-07-15T21:46:49","guid":{"rendered":"https:\/\/uj.adatbank.ro\/lexikon\/termek\/ozdi-gyorgy-galfalvi-2\/"},"modified":"2025-07-15T23:46:49","modified_gmt":"2025-07-15T21:46:49","slug":"ozdi-gyorgy-galfalvi-2","status":"publish","type":"product","link":"https:\/\/uj.adatbank.ro\/lexikon\/termek\/ozdi-gyorgy-galfalvi-2\/","title":{"rendered":"\u00d3ZDI Gy\u00f6rgy, g\u00e1lfalvi"},"content":{"rendered":"<p>? \u2020\u00a0?: alkir\u00e1lyb\u00edr\u00f3, f\u00f6ldbirtokos. \u2013 Birtokos, alkir\u00e1lyb\u00edr\u00f3 (1598\u20131604), B\u00e1thory G\u00e1bort\u00f3l nyert \u00fajabb adom\u00e1nylevelet (1609. dec. 13.). Szenth\u00e1roms\u00e1gon v. G\u00e1lfalv\u00e1n telket adom\u00e1nyozott \u00e9s unit templomot \u00e9p\u00edtetett r\u00e1.\u2013Irod.: Kelemen Lajos; K\u0151v\u00e1ry 1899; L\u00e9sty\u00e1n \u2013 templomok 1.; P\u00e1lmay; SzOkl \u00das<\/br><\/p>\n","protected":false},"excerpt":{"rendered":"<p>? \u2020\u00a0?: alkir\u00e1lyb\u00edr\u00f3, f\u00f6ldbirtokos. \u2013 Birtokos, alkir\u00e1lyb\u00edr\u00f3 (1598\u20131604), B\u00e1thory G\u00e1bort\u00f3l nyert \u00fajabb adom\u00e1nylevelet (1609. dec. 13.). Szenth\u00e1roms\u00e1gon v. G\u00e1lfalv\u00e1n telket adom\u00e1nyozott \u00e9s unit templomot \u00e9p\u00edtetett r\u00e1.\u2013Irod.: Kelemen Lajos; K\u0151v\u00e1ry 1899; L\u00e9sty\u00e1n \u2013 templomok 1.; P\u00e1lmay; SzOkl \u00das<\/p>\n","protected":false},"featured_media":0,"comment_status":"open","ping_status":"closed","template":"","meta":[],"product_brand":[],"product_cat":[137],"product_tag":[],"class_list":{"0":"post-17274","1":"product","2":"type-product","3":"status-publish","5":"product_cat-maros-megyei-eletrajzi-lexikon","7":"first","8":"instock","9":"shipping-taxable","10":"product-type-simple"},"_links":{"self":[{"href":"https:\/\/uj.adatbank.ro\/lexikon\/wp-json\/wp\/v2\/product\/17274","targetHints":{"allow":["GET"]}}],"collection":[{"href":"https:\/\/uj.adatbank.ro\/lexikon\/wp-json\/wp\/v2\/product"}],"about":[{"href":"https:\/\/uj.adatbank.ro\/lexikon\/wp-json\/wp\/v2\/types\/product"}],"replies":[{"embeddable":true,"href":"https:\/\/uj.adatbank.ro\/lexikon\/wp-json\/wp\/v2\/comments?post=17274"}],"wp:attachment":[{"href":"https:\/\/uj.adatbank.ro\/lexikon\/wp-json\/wp\/v2\/media?parent=17274"}],"wp:term":[{"taxonomy":"product_brand","embeddable":true,"href":"https:\/\/uj.adatbank.ro\/lexikon\/wp-json\/wp\/v2\/product_brand?post=17274"},{"taxonomy":"product_cat","embeddable":true,"href":"https:\/\/uj.adatbank.ro\/lexikon\/wp-json\/wp\/v2\/product_cat?post=17274"},{"taxonomy":"product_tag","embeddable":true,"href":"https:\/\/uj.adatbank.ro\/lexikon\/wp-json\/wp\/v2\/product_tag?post=17274"}],"curies":[{"name":"wp","href":"https:\/\/api.w.org\/{rel}","templated":true}]}}