{"id":1728,"date":"2025-06-28T11:51:17","date_gmt":"2025-06-28T09:51:17","guid":{"rendered":"https:\/\/uj.adatbank.ro\/lexikon\/termek\/albert-jozsef\/"},"modified":"2025-06-28T11:51:17","modified_gmt":"2025-06-28T09:51:17","slug":"albert-jozsef","status":"publish","type":"product","link":"https:\/\/uj.adatbank.ro\/lexikon\/termek\/albert-jozsef\/","title":{"rendered":"ALBERT J\u00f3zsef"},"content":{"rendered":"<p>1925., \u2020\u00a0Marosugra, 1994. m\u00e1rc. 2.: ref. lelk\u00e9sz. <br \/><strong>Irod.:<\/strong> [Nekrol\u00f3g] (1994. m\u00e1rc. 3.)<\/br><\/p>\n","protected":false},"excerpt":{"rendered":"<p>1925., \u2020\u00a0Marosugra, 1994. m\u00e1rc. 2.: ref. lelk\u00e9sz. Irod.: [Nekrol\u00f3g] (1994. m\u00e1rc. 3.)<\/p>\n","protected":false},"featured_media":0,"comment_status":"open","ping_status":"closed","template":"","meta":[],"product_brand":[],"product_cat":[137],"product_tag":[],"class_list":{"0":"post-1728","1":"product","2":"type-product","3":"status-publish","5":"product_cat-maros-megyei-eletrajzi-lexikon","7":"first","8":"instock","9":"shipping-taxable","10":"product-type-simple"},"_links":{"self":[{"href":"https:\/\/uj.adatbank.ro\/lexikon\/wp-json\/wp\/v2\/product\/1728","targetHints":{"allow":["GET"]}}],"collection":[{"href":"https:\/\/uj.adatbank.ro\/lexikon\/wp-json\/wp\/v2\/product"}],"about":[{"href":"https:\/\/uj.adatbank.ro\/lexikon\/wp-json\/wp\/v2\/types\/product"}],"replies":[{"embeddable":true,"href":"https:\/\/uj.adatbank.ro\/lexikon\/wp-json\/wp\/v2\/comments?post=1728"}],"wp:attachment":[{"href":"https:\/\/uj.adatbank.ro\/lexikon\/wp-json\/wp\/v2\/media?parent=1728"}],"wp:term":[{"taxonomy":"product_brand","embeddable":true,"href":"https:\/\/uj.adatbank.ro\/lexikon\/wp-json\/wp\/v2\/product_brand?post=1728"},{"taxonomy":"product_cat","embeddable":true,"href":"https:\/\/uj.adatbank.ro\/lexikon\/wp-json\/wp\/v2\/product_cat?post=1728"},{"taxonomy":"product_tag","embeddable":true,"href":"https:\/\/uj.adatbank.ro\/lexikon\/wp-json\/wp\/v2\/product_tag?post=1728"}],"curies":[{"name":"wp","href":"https:\/\/api.w.org\/{rel}","templated":true}]}}