{"id":17293,"date":"2025-07-16T10:09:18","date_gmt":"2025-07-16T08:09:18","guid":{"rendered":"https:\/\/uj.adatbank.ro\/lexikon\/termek\/paal-arpad-%c2%a7-bethlenfalvi\/"},"modified":"2025-07-16T10:09:18","modified_gmt":"2025-07-16T08:09:18","slug":"paal-arpad-%c2%a7-bethlenfalvi","status":"publish","type":"product","link":"https:\/\/uj.adatbank.ro\/lexikon\/termek\/paal-arpad-%c2%a7-bethlenfalvi\/","title":{"rendered":"PA\u00c1L \u00c1rp\u00e1d, \u00a7 bethlenfalvi"},"content":{"rendered":"<p>Brass\u00f3, 1880. okt. 16., \u2020 Nagyv\u00e1rad, 1944. szept. 14.: szerkeszt\u0151, politikus, ogy.-i k\u00e9pvisel\u0151. \u2013 Kv.-on a Keleti \u00dajs\u00e1g munkat\u00e1rsa (1919. dec.\u20131924; 1927- ism\u00e9t munkat\u00e1rs), a Napkelet f\u0151szerk.-je (1920\u201324). Egyike az Orsz\u00e1gos M. P\u00e1rt (OMP)(1922. dec. 4.) \u00e9s az Erd\u00e9lyi Sz\u00e9pm\u0171ves C\u00e9h alap\u00edt\u00f3inak (1924). Az OMP egyik aleln\u00f6ke az alap\u00edt\u00e1st\u00f3l. Mv.-en f\u0151szerk.-je az \u00dajs\u00e1g c. lapnak (1925. 84. sz.-t\u00f3l) megsz\u00fcn\u00e9s\u00e9ig (1927. aug. 13.). A KZST tagja (1926\u2013). Bern\u00e1dy seg\u00edt\u0151je \u00e9s h\u00edve volt (1926), nagy szerepe volt polg\u00e1rmesterr\u00e9 v\u00e1laszt\u00e1s\u00e1ban. Az OMP sz\u00edneiben Szatm\u00e1rr megye k\u00e9pvisel\u0151je a rom\u00e1n ogy.-ben (1927\u201331). <br \/><strong>Irod.:<\/strong> Bern\u00e1dy; Fodor J\u00e1nos; Id\u0151t\u00e1r 3; KZST1930; Marosi Ildik\u00f3; Molter 1., 2.; RMIL; \u00dcnnepi k\u00f6nyv<\/br><\/p>\n","protected":false},"excerpt":{"rendered":"<p>Brass\u00f3, 1880. okt. 16., \u2020 Nagyv\u00e1rad, 1944. szept. 14.: szerkeszt\u0151, politikus, ogy.-i k\u00e9pvisel\u0151. \u2013 Kv.-on a Keleti \u00dajs\u00e1g munkat\u00e1rsa (1919. dec.\u20131924; 1927- ism\u00e9t munkat\u00e1rs), a Napkelet f\u0151szerk.-je (1920\u201324). Egyike az Orsz\u00e1gos M. P\u00e1rt (OMP)(1922. dec. 4.) \u00e9s az Erd\u00e9lyi Sz\u00e9pm\u0171ves C\u00e9h alap\u00edt\u00f3inak (1924). Az OMP egyik aleln\u00f6ke az alap\u00edt\u00e1st\u00f3l. Mv.-en f\u0151szerk.-je az \u00dajs\u00e1g c. lapnak [&hellip;]<\/p>\n","protected":false},"featured_media":0,"comment_status":"open","ping_status":"closed","template":"","meta":[],"product_brand":[],"product_cat":[137],"product_tag":[],"class_list":{"0":"post-17293","1":"product","2":"type-product","3":"status-publish","5":"product_cat-maros-megyei-eletrajzi-lexikon","7":"first","8":"instock","9":"shipping-taxable","10":"product-type-simple"},"_links":{"self":[{"href":"https:\/\/uj.adatbank.ro\/lexikon\/wp-json\/wp\/v2\/product\/17293","targetHints":{"allow":["GET"]}}],"collection":[{"href":"https:\/\/uj.adatbank.ro\/lexikon\/wp-json\/wp\/v2\/product"}],"about":[{"href":"https:\/\/uj.adatbank.ro\/lexikon\/wp-json\/wp\/v2\/types\/product"}],"replies":[{"embeddable":true,"href":"https:\/\/uj.adatbank.ro\/lexikon\/wp-json\/wp\/v2\/comments?post=17293"}],"wp:attachment":[{"href":"https:\/\/uj.adatbank.ro\/lexikon\/wp-json\/wp\/v2\/media?parent=17293"}],"wp:term":[{"taxonomy":"product_brand","embeddable":true,"href":"https:\/\/uj.adatbank.ro\/lexikon\/wp-json\/wp\/v2\/product_brand?post=17293"},{"taxonomy":"product_cat","embeddable":true,"href":"https:\/\/uj.adatbank.ro\/lexikon\/wp-json\/wp\/v2\/product_cat?post=17293"},{"taxonomy":"product_tag","embeddable":true,"href":"https:\/\/uj.adatbank.ro\/lexikon\/wp-json\/wp\/v2\/product_tag?post=17293"}],"curies":[{"name":"wp","href":"https:\/\/api.w.org\/{rel}","templated":true}]}}