{"id":17294,"date":"2025-07-16T10:09:20","date_gmt":"2025-07-16T08:09:20","guid":{"rendered":"https:\/\/uj.adatbank.ro\/lexikon\/termek\/paal-gusztav\/"},"modified":"2025-07-16T10:09:20","modified_gmt":"2025-07-16T08:09:20","slug":"paal-gusztav","status":"publish","type":"product","link":"https:\/\/uj.adatbank.ro\/lexikon\/termek\/paal-gusztav\/","title":{"rendered":"PA\u00c1L Guszt\u00e1v"},"content":{"rendered":"<p>? \u2020 ?: tan\u00e1r. \u2013 A Ref.Koll. igazgat\u00f3ja (mikor?). A mv.-i Polg\u00e1ri P\u00e1rt eln\u00f6ke megsz\u00fcn\u00e9s\u00e9ig (1932. szept.\u20131933. j\u00fan. 2.), beolvad\u00e1s\u00e1ig az Orsz\u00e1gos M. P\u00e1rttal.- Stephan Ludwig Roth = \u00dcnnepi k\u00f6nyv <br \/><strong>Irod.:<\/strong> Fodor J\u00e1nos; KZST1930; \u00dcnnepi k\u00f6nyv<\/br><\/p>\n","protected":false},"excerpt":{"rendered":"<p>? \u2020 ?: tan\u00e1r. \u2013 A Ref.Koll. igazgat\u00f3ja (mikor?). A mv.-i Polg\u00e1ri P\u00e1rt eln\u00f6ke megsz\u00fcn\u00e9s\u00e9ig (1932. szept.\u20131933. j\u00fan. 2.), beolvad\u00e1s\u00e1ig az Orsz\u00e1gos M. P\u00e1rttal.- Stephan Ludwig Roth = \u00dcnnepi k\u00f6nyv Irod.: Fodor J\u00e1nos; KZST1930; \u00dcnnepi k\u00f6nyv<\/p>\n","protected":false},"featured_media":0,"comment_status":"open","ping_status":"closed","template":"","meta":[],"product_brand":[],"product_cat":[137],"product_tag":[],"class_list":{"0":"post-17294","1":"product","2":"type-product","3":"status-publish","5":"product_cat-maros-megyei-eletrajzi-lexikon","7":"first","8":"instock","9":"shipping-taxable","10":"product-type-simple"},"_links":{"self":[{"href":"https:\/\/uj.adatbank.ro\/lexikon\/wp-json\/wp\/v2\/product\/17294","targetHints":{"allow":["GET"]}}],"collection":[{"href":"https:\/\/uj.adatbank.ro\/lexikon\/wp-json\/wp\/v2\/product"}],"about":[{"href":"https:\/\/uj.adatbank.ro\/lexikon\/wp-json\/wp\/v2\/types\/product"}],"replies":[{"embeddable":true,"href":"https:\/\/uj.adatbank.ro\/lexikon\/wp-json\/wp\/v2\/comments?post=17294"}],"wp:attachment":[{"href":"https:\/\/uj.adatbank.ro\/lexikon\/wp-json\/wp\/v2\/media?parent=17294"}],"wp:term":[{"taxonomy":"product_brand","embeddable":true,"href":"https:\/\/uj.adatbank.ro\/lexikon\/wp-json\/wp\/v2\/product_brand?post=17294"},{"taxonomy":"product_cat","embeddable":true,"href":"https:\/\/uj.adatbank.ro\/lexikon\/wp-json\/wp\/v2\/product_cat?post=17294"},{"taxonomy":"product_tag","embeddable":true,"href":"https:\/\/uj.adatbank.ro\/lexikon\/wp-json\/wp\/v2\/product_tag?post=17294"}],"curies":[{"name":"wp","href":"https:\/\/api.w.org\/{rel}","templated":true}]}}