{"id":17295,"date":"2025-07-16T10:09:21","date_gmt":"2025-07-16T08:09:21","guid":{"rendered":"https:\/\/uj.adatbank.ro\/lexikon\/termek\/paal-gyula-bethlenfalvi\/"},"modified":"2025-07-16T10:09:21","modified_gmt":"2025-07-16T08:09:21","slug":"paal-gyula-bethlenfalvi","status":"publish","type":"product","link":"https:\/\/uj.adatbank.ro\/lexikon\/termek\/paal-gyula-bethlenfalvi\/","title":{"rendered":"PA\u00c1L Gyula, bethlenfalvi"},"content":{"rendered":"<p>? \u2020 ?: tan\u00e1r. \u2013 Testv\u00e9re: Ida, M\u00e9lik Krist\u00f3fn\u00e9. Feles\u00e9ge: L\u0151rinczi Vilma (\u2020 Mv., 1888. \u00e1pr. 9.). Mv.-en r. k. Gim.-i tan\u00e1r, megalakult az iskolasz\u00e9k, amelynek megv\u00e1lasztott jegyz\u0151je (1871. m\u00e1j.). <br \/><strong>Irod.:<\/strong> Gy\u00e1szjelent\u0151; Nemes<\/br><\/p>\n","protected":false},"excerpt":{"rendered":"<p>? \u2020 ?: tan\u00e1r. \u2013 Testv\u00e9re: Ida, M\u00e9lik Krist\u00f3fn\u00e9. Feles\u00e9ge: L\u0151rinczi Vilma (\u2020 Mv., 1888. \u00e1pr. 9.). Mv.-en r. k. Gim.-i tan\u00e1r, megalakult az iskolasz\u00e9k, amelynek megv\u00e1lasztott jegyz\u0151je (1871. m\u00e1j.). Irod.: Gy\u00e1szjelent\u0151; Nemes<\/p>\n","protected":false},"featured_media":0,"comment_status":"open","ping_status":"closed","template":"","meta":[],"product_brand":[],"product_cat":[137],"product_tag":[],"class_list":{"0":"post-17295","1":"product","2":"type-product","3":"status-publish","5":"product_cat-maros-megyei-eletrajzi-lexikon","7":"first","8":"instock","9":"shipping-taxable","10":"product-type-simple"},"_links":{"self":[{"href":"https:\/\/uj.adatbank.ro\/lexikon\/wp-json\/wp\/v2\/product\/17295","targetHints":{"allow":["GET"]}}],"collection":[{"href":"https:\/\/uj.adatbank.ro\/lexikon\/wp-json\/wp\/v2\/product"}],"about":[{"href":"https:\/\/uj.adatbank.ro\/lexikon\/wp-json\/wp\/v2\/types\/product"}],"replies":[{"embeddable":true,"href":"https:\/\/uj.adatbank.ro\/lexikon\/wp-json\/wp\/v2\/comments?post=17295"}],"wp:attachment":[{"href":"https:\/\/uj.adatbank.ro\/lexikon\/wp-json\/wp\/v2\/media?parent=17295"}],"wp:term":[{"taxonomy":"product_brand","embeddable":true,"href":"https:\/\/uj.adatbank.ro\/lexikon\/wp-json\/wp\/v2\/product_brand?post=17295"},{"taxonomy":"product_cat","embeddable":true,"href":"https:\/\/uj.adatbank.ro\/lexikon\/wp-json\/wp\/v2\/product_cat?post=17295"},{"taxonomy":"product_tag","embeddable":true,"href":"https:\/\/uj.adatbank.ro\/lexikon\/wp-json\/wp\/v2\/product_tag?post=17295"}],"curies":[{"name":"wp","href":"https:\/\/api.w.org\/{rel}","templated":true}]}}