{"id":17296,"date":"2025-07-16T10:09:22","date_gmt":"2025-07-16T08:09:22","guid":{"rendered":"https:\/\/uj.adatbank.ro\/lexikon\/termek\/paal-jeno\/"},"modified":"2025-07-16T10:09:22","modified_gmt":"2025-07-16T08:09:22","slug":"paal-jeno","status":"publish","type":"product","link":"https:\/\/uj.adatbank.ro\/lexikon\/termek\/paal-jeno\/","title":{"rendered":"PA\u00c1L Jen\u0151"},"content":{"rendered":"<p>1920., \u2020 Mv., 1998. febr. 3.: tan\u00e1r, a Bethlen G\u00e1bor Bar\u00e1ti T\u00e1rsas\u00e1g mv.-i csoportj\u00e1nak tagja. <br \/><strong>Irod.:<\/strong> [Nekrol\u00f3g] (N\u00fa., 1998. febr. 4.)<\/br><\/p>\n","protected":false},"excerpt":{"rendered":"<p>1920., \u2020 Mv., 1998. febr. 3.: tan\u00e1r, a Bethlen G\u00e1bor Bar\u00e1ti T\u00e1rsas\u00e1g mv.-i csoportj\u00e1nak tagja. Irod.: [Nekrol\u00f3g] (N\u00fa., 1998. febr. 4.)<\/p>\n","protected":false},"featured_media":0,"comment_status":"open","ping_status":"closed","template":"","meta":[],"product_brand":[],"product_cat":[137],"product_tag":[],"class_list":{"0":"post-17296","1":"product","2":"type-product","3":"status-publish","5":"product_cat-maros-megyei-eletrajzi-lexikon","7":"first","8":"instock","9":"shipping-taxable","10":"product-type-simple"},"_links":{"self":[{"href":"https:\/\/uj.adatbank.ro\/lexikon\/wp-json\/wp\/v2\/product\/17296","targetHints":{"allow":["GET"]}}],"collection":[{"href":"https:\/\/uj.adatbank.ro\/lexikon\/wp-json\/wp\/v2\/product"}],"about":[{"href":"https:\/\/uj.adatbank.ro\/lexikon\/wp-json\/wp\/v2\/types\/product"}],"replies":[{"embeddable":true,"href":"https:\/\/uj.adatbank.ro\/lexikon\/wp-json\/wp\/v2\/comments?post=17296"}],"wp:attachment":[{"href":"https:\/\/uj.adatbank.ro\/lexikon\/wp-json\/wp\/v2\/media?parent=17296"}],"wp:term":[{"taxonomy":"product_brand","embeddable":true,"href":"https:\/\/uj.adatbank.ro\/lexikon\/wp-json\/wp\/v2\/product_brand?post=17296"},{"taxonomy":"product_cat","embeddable":true,"href":"https:\/\/uj.adatbank.ro\/lexikon\/wp-json\/wp\/v2\/product_cat?post=17296"},{"taxonomy":"product_tag","embeddable":true,"href":"https:\/\/uj.adatbank.ro\/lexikon\/wp-json\/wp\/v2\/product_tag?post=17296"}],"curies":[{"name":"wp","href":"https:\/\/api.w.org\/{rel}","templated":true}]}}