{"id":17299,"date":"2025-07-16T10:09:26","date_gmt":"2025-07-16T08:09:26","guid":{"rendered":"https:\/\/uj.adatbank.ro\/lexikon\/termek\/pacatian-teodor-v-%c2%a7\/"},"modified":"2025-07-16T10:09:26","modified_gmt":"2025-07-16T08:09:26","slug":"pacatian-teodor-v-%c2%a7","status":"publish","type":"product","link":"https:\/\/uj.adatbank.ro\/lexikon\/termek\/pacatian-teodor-v-%c2%a7\/","title":{"rendered":"P\u0102C\u0102\u0162IAN, Teodor V., \u00a7"},"content":{"rendered":"<p>Marosassz\u00f3, 1852. nov. 28., \u2020 Kv., 1941. febr. 11.: szerkeszt\u0151, t\u00f6rt\u00e9n\u00e9sz. \u2013 K\u00f6z\u00e9piskol\u00e1t Lugoson, Aradon Kecskem\u00e9ten (1878( v\u00e9gzett. Autodidakta m\u00f3don nagy tud\u00e1sra tett szert a t\u00f6rt\u00e9nelem filoz\u00f3fia, jog \u00e9s teol\u00f3gia ter\u00e9n. Solymoson Radna mellett jegyz\u0151, bel\u00e9pett a nemzet\u0151rs\u00e9gbe (1872), ekkor kezdett el verseket \u00edrni \u00e9s publik\u00e1lni a bp.-i Familia-ban, Amicul Familiei (Szamos\u00fajv\u00e1r), Aurora Rom\u00e2n\u0103 (Cern\u0103u\u0163i), Foaia Literar\u0103 (Brass\u00f3), Lumin\u0103torul (Szeben).Seg\u00e9djegyz\u0151 Mez\u0151zsad\u00e1nyban.T\u00f6bb \u00fajs\u00e1got alap\u00edtott Temesv\u00e1ron, \u00e9s szerkesztett Erd\u00e9lyszerte: Gazeta Timisoreana k\u00e9s\u0151bb Gazeta Poporului, Tribuna (Szeben). Buk.-ben k\u00f6nyvel\u0151 a Kultur\u00e1lis Lig\u00e1n\u00e1l, munkat\u00e1rsa a Dreptatea, Mesagerul Roman c. lapnak, majd f\u0151szerkeszt\u0151je a Telegraful Roman-nak. Tagja az ASTRA-nak (1906), a t\u00f6rt\u00e9nelmi tagozat eln\u00f6ke (1911), \u00f6r\u00f6k\u00f6s tag. Dics\u0151szentm\u00e1rtonban \u00e9lt \u00e9s m\u0171k\u00f6d\u00f6tt (1920- 24.). Kv.-ra k\u00f6lt\u00f6z\u00f6tt (1924\u2013). Nemzeti elk\u00f6telezetts\u00e9ge miatt t\u00f6bb pert ind\u00edtottak ellene, Szegeden volt b\u00f6rt\u00f6nben hazafias magatart\u00e1sa miatt. T\u00f6rt\u00e9nelmi, politikai \u00edr\u00e1s\u00e1i megjelentek : Transilvania, Patria, Cos\u00e2nzeana, Societatea de M\u00e2ine, Revista Economic\u0103, Amicul poporulri, Calendarul s\u0103teanului, Calendarul Astrei, Calendarul Dacia Traiana, Romania Nou\u0103-ban. <strong>Kit\u00fcntet\u00e9sei:<\/strong> A Rom\u00e1n Akad\u00e9mia, Adamachi d\u00edja (1905); I. K\u00e1roly kir\u00e1ly jubileumi \u00e9rme (1906); Bene merenti \u00e9rdem\u00e9rem I. fokozat (1911). A Rom\u00e1n Akad\u00e9mia Aurel Cosma d\u00edja (1930). \u2013 <strong>F. m.:<\/strong> Flori de toamn\u0103 (Timi\u015foara, 1882); Din legile ungare.Judec\u0103toriile cu jura\u0163ii (Sibiu, 1899), Cartea de aur sau luptele politice-na\u0163ionale ale rom\u00e2nilor de sub coroana ungar\u0103 8 vol. (Sibiu, 1902\u20131915); Jertfele rom\u00e2nilor din Ardeal, Banat, Cri\u015fana, S\u0103tmar \u015fi Maramur\u0103\u015f, aduse \u00een r\u0103sboiul mondial din anii 1914\u201318 (Sibiu, 1923), antolog.: Perpessicius : Repertoriu critic (Arad, 1925). <br \/><strong>Irod.:<\/strong> Albu, Nicolae\u00a0: Istoria \u00eenv\u0103\u0163\u0103m\u00e2ntului rom. din Transilvania p\u00e2n\u0103 la 1800 (Blaj, 1944); Ne\u015f, Teodor\u00a0: Oameni din Bihor (Oradea, 1937); Predescu; Sigmirean, Cornel. Teodor P.: O via\u0163\u0103 de c\u0103rturar (Tg.M., 1996); Todea\u2013F\u00fcl\u00f6p\u2013Avram; Transilvania<\/br><\/p>\n","protected":false},"excerpt":{"rendered":"<p>Marosassz\u00f3, 1852. nov. 28., \u2020 Kv., 1941. febr. 11.: szerkeszt\u0151, t\u00f6rt\u00e9n\u00e9sz. \u2013 K\u00f6z\u00e9piskol\u00e1t Lugoson, Aradon Kecskem\u00e9ten (1878( v\u00e9gzett. Autodidakta m\u00f3don nagy tud\u00e1sra tett szert a t\u00f6rt\u00e9nelem filoz\u00f3fia, jog \u00e9s teol\u00f3gia ter\u00e9n. Solymoson Radna mellett jegyz\u0151, bel\u00e9pett a nemzet\u0151rs\u00e9gbe (1872), ekkor kezdett el verseket \u00edrni \u00e9s publik\u00e1lni a bp.-i Familia-ban, Amicul Familiei (Szamos\u00fajv\u00e1r), Aurora Rom\u00e2n\u0103 (Cern\u0103u\u0163i), [&hellip;]<\/p>\n","protected":false},"featured_media":0,"comment_status":"open","ping_status":"closed","template":"","meta":[],"product_brand":[],"product_cat":[137],"product_tag":[],"class_list":{"0":"post-17299","1":"product","2":"type-product","3":"status-publish","5":"product_cat-maros-megyei-eletrajzi-lexikon","7":"first","8":"instock","9":"shipping-taxable","10":"product-type-simple"},"_links":{"self":[{"href":"https:\/\/uj.adatbank.ro\/lexikon\/wp-json\/wp\/v2\/product\/17299","targetHints":{"allow":["GET"]}}],"collection":[{"href":"https:\/\/uj.adatbank.ro\/lexikon\/wp-json\/wp\/v2\/product"}],"about":[{"href":"https:\/\/uj.adatbank.ro\/lexikon\/wp-json\/wp\/v2\/types\/product"}],"replies":[{"embeddable":true,"href":"https:\/\/uj.adatbank.ro\/lexikon\/wp-json\/wp\/v2\/comments?post=17299"}],"wp:attachment":[{"href":"https:\/\/uj.adatbank.ro\/lexikon\/wp-json\/wp\/v2\/media?parent=17299"}],"wp:term":[{"taxonomy":"product_brand","embeddable":true,"href":"https:\/\/uj.adatbank.ro\/lexikon\/wp-json\/wp\/v2\/product_brand?post=17299"},{"taxonomy":"product_cat","embeddable":true,"href":"https:\/\/uj.adatbank.ro\/lexikon\/wp-json\/wp\/v2\/product_cat?post=17299"},{"taxonomy":"product_tag","embeddable":true,"href":"https:\/\/uj.adatbank.ro\/lexikon\/wp-json\/wp\/v2\/product_tag?post=17299"}],"curies":[{"name":"wp","href":"https:\/\/api.w.org\/{rel}","templated":true}]}}