{"id":17302,"date":"2025-07-16T10:09:30","date_gmt":"2025-07-16T08:09:30","guid":{"rendered":"https:\/\/uj.adatbank.ro\/lexikon\/termek\/pacuraru-andrei-%c2%a7\/"},"modified":"2025-07-16T10:09:30","modified_gmt":"2025-07-16T08:09:30","slug":"pacuraru-andrei-%c2%a7","status":"publish","type":"product","link":"https:\/\/uj.adatbank.ro\/lexikon\/termek\/pacuraru-andrei-%c2%a7\/","title":{"rendered":"P\u0102CURARU, Andrei, \u00a7"},"content":{"rendered":"<p>Mv., 1923. jan. 10., \u2020\u00a0Buk., 2002.: szab\u00f3, p\u00e1rtpolitikus, RKP KB \u2013tagja, nagyk\u00f6vet. \u2013 Tanulm\u00e1nyai: szakiskola, 3 \u00e9v l\u00edc., p\u00e1rtoktat\u00e1s (1945), \u015etefan Gheorghiu Akad. Levelez\u0151 tagozat (1968). Mv.-en szab\u00f3inas (1936\u201343). Katonas\u00e1g a neh\u00e9zt\u0171z\u00e9r ezredn\u00e9l (1943\u201345). P\u00e1rttag (1945\u2013). A Halad\u00f3 Ifj\u00fas\u00e1g mv.-i szervezet\u00e9nek titk\u00e1ra (1945\u201348), a Maros megyei P\u00e1rtbizotts\u00e1g aktivist\u00e1ja (1948\u201349). A RMP KB helyettes tagja (1960. j\u00fan. 25.\u201365. j\u00fal. 24) \u00e9s tagja (1965. j\u00fal. 24.\u201369. aug. 12.), a kancell\u00e1ri\u00e1j\u00e1nak helyettes vezet\u0151je (1950\u201353. szept. 25.), vezet\u0151je (1953. szept. 25\u20131968), a k\u00e1deroszt\u00e1ly f\u0151n\u00f6ke (1968\u201369). A MAT Nagy Nemezetgy\u0171l\u00e9si k\u00e9pvisel\u0151je a MAT (1961\u201369, 1969\u201375). A K\u00f6zgazdas\u00e1gi \u00e9s helyi gazd\u00e1lkod\u00e1si bizotts\u00e1g aleln\u00f6ke \/ eln\u00f6ke (1969\u201373), a p\u00e1rttags\u00e1g nyilv\u00e1ntart\u00e1s\u00e1t v\u00e9gz\u0151 KB oszt\u00e1ly f\u0151n\u00f6ke (1973. j\u00fan. 7.\u201378), a RSZK nagyk\u00f6vete Libi\u00e1ban (1978. jan. 7.\u20131985. jan. 25.). <strong>Kit\u00fcntet\u00e9sei:<\/strong> RNK V. \u00e9vfordul\u00f3ja \u00e9rem; \u201eTudor Vladimirescu\u201c \u00e9rdemrend III. o. (1966); RSZK Csillaga \u00e9rdemrend IV. o.; \u201e23. August\u201d \u00e9rdemrend III. o.; Munka\u00e9rdemrend II. o. <br \/><strong>Irod.:<\/strong> Membrii C.C. al P.C.R.<\/br><\/p>\n","protected":false},"excerpt":{"rendered":"<p>Mv., 1923. jan. 10., \u2020\u00a0Buk., 2002.: szab\u00f3, p\u00e1rtpolitikus, RKP KB \u2013tagja, nagyk\u00f6vet. \u2013 Tanulm\u00e1nyai: szakiskola, 3 \u00e9v l\u00edc., p\u00e1rtoktat\u00e1s (1945), \u015etefan Gheorghiu Akad. Levelez\u0151 tagozat (1968). Mv.-en szab\u00f3inas (1936\u201343). Katonas\u00e1g a neh\u00e9zt\u0171z\u00e9r ezredn\u00e9l (1943\u201345). P\u00e1rttag (1945\u2013). A Halad\u00f3 Ifj\u00fas\u00e1g mv.-i szervezet\u00e9nek titk\u00e1ra (1945\u201348), a Maros megyei P\u00e1rtbizotts\u00e1g aktivist\u00e1ja (1948\u201349). A RMP KB helyettes tagja (1960. [&hellip;]<\/p>\n","protected":false},"featured_media":0,"comment_status":"open","ping_status":"closed","template":"","meta":[],"product_brand":[],"product_cat":[137],"product_tag":[],"class_list":{"0":"post-17302","1":"product","2":"type-product","3":"status-publish","5":"product_cat-maros-megyei-eletrajzi-lexikon","7":"first","8":"instock","9":"shipping-taxable","10":"product-type-simple"},"_links":{"self":[{"href":"https:\/\/uj.adatbank.ro\/lexikon\/wp-json\/wp\/v2\/product\/17302","targetHints":{"allow":["GET"]}}],"collection":[{"href":"https:\/\/uj.adatbank.ro\/lexikon\/wp-json\/wp\/v2\/product"}],"about":[{"href":"https:\/\/uj.adatbank.ro\/lexikon\/wp-json\/wp\/v2\/types\/product"}],"replies":[{"embeddable":true,"href":"https:\/\/uj.adatbank.ro\/lexikon\/wp-json\/wp\/v2\/comments?post=17302"}],"wp:attachment":[{"href":"https:\/\/uj.adatbank.ro\/lexikon\/wp-json\/wp\/v2\/media?parent=17302"}],"wp:term":[{"taxonomy":"product_brand","embeddable":true,"href":"https:\/\/uj.adatbank.ro\/lexikon\/wp-json\/wp\/v2\/product_brand?post=17302"},{"taxonomy":"product_cat","embeddable":true,"href":"https:\/\/uj.adatbank.ro\/lexikon\/wp-json\/wp\/v2\/product_cat?post=17302"},{"taxonomy":"product_tag","embeddable":true,"href":"https:\/\/uj.adatbank.ro\/lexikon\/wp-json\/wp\/v2\/product_tag?post=17302"}],"curies":[{"name":"wp","href":"https:\/\/api.w.org\/{rel}","templated":true}]}}