{"id":17304,"date":"2025-07-16T10:09:36","date_gmt":"2025-07-16T08:09:36","guid":{"rendered":"https:\/\/uj.adatbank.ro\/lexikon\/termek\/pacurat-remus\/"},"modified":"2025-07-16T10:09:36","modified_gmt":"2025-07-16T08:09:36","slug":"pacurat-remus","status":"publish","type":"product","link":"https:\/\/uj.adatbank.ro\/lexikon\/termek\/pacurat-remus\/","title":{"rendered":"P\u0102CURAT, Remus"},"content":{"rendered":"<p>? \u2020 Petele, 1980.: g.kat.pap. \u2013 Esperes Petel\u00e9n (1947\u2013 48 \u00e9s 1953\u201379). Nyugd\u00edjaz\u00e1sa ut\u00e1n (1979. jan. 1.\u2013) is szolg\u00e1lt hal\u00e1l\u00e1ig (1980). <br \/><strong>Irod.:<\/strong> Reghin, Protopopiat<\/br><\/p>\n","protected":false},"excerpt":{"rendered":"<p>? \u2020 Petele, 1980.: g.kat.pap. \u2013 Esperes Petel\u00e9n (1947\u2013 48 \u00e9s 1953\u201379). Nyugd\u00edjaz\u00e1sa ut\u00e1n (1979. jan. 1.\u2013) is szolg\u00e1lt hal\u00e1l\u00e1ig (1980). Irod.: Reghin, Protopopiat<\/p>\n","protected":false},"featured_media":0,"comment_status":"open","ping_status":"closed","template":"","meta":[],"product_brand":[],"product_cat":[137],"product_tag":[],"class_list":{"0":"post-17304","1":"product","2":"type-product","3":"status-publish","5":"product_cat-maros-megyei-eletrajzi-lexikon","7":"first","8":"instock","9":"shipping-taxable","10":"product-type-simple"},"_links":{"self":[{"href":"https:\/\/uj.adatbank.ro\/lexikon\/wp-json\/wp\/v2\/product\/17304","targetHints":{"allow":["GET"]}}],"collection":[{"href":"https:\/\/uj.adatbank.ro\/lexikon\/wp-json\/wp\/v2\/product"}],"about":[{"href":"https:\/\/uj.adatbank.ro\/lexikon\/wp-json\/wp\/v2\/types\/product"}],"replies":[{"embeddable":true,"href":"https:\/\/uj.adatbank.ro\/lexikon\/wp-json\/wp\/v2\/comments?post=17304"}],"wp:attachment":[{"href":"https:\/\/uj.adatbank.ro\/lexikon\/wp-json\/wp\/v2\/media?parent=17304"}],"wp:term":[{"taxonomy":"product_brand","embeddable":true,"href":"https:\/\/uj.adatbank.ro\/lexikon\/wp-json\/wp\/v2\/product_brand?post=17304"},{"taxonomy":"product_cat","embeddable":true,"href":"https:\/\/uj.adatbank.ro\/lexikon\/wp-json\/wp\/v2\/product_cat?post=17304"},{"taxonomy":"product_tag","embeddable":true,"href":"https:\/\/uj.adatbank.ro\/lexikon\/wp-json\/wp\/v2\/product_tag?post=17304"}],"curies":[{"name":"wp","href":"https:\/\/api.w.org\/{rel}","templated":true}]}}