{"id":17305,"date":"2025-07-16T10:09:39","date_gmt":"2025-07-16T08:09:39","guid":{"rendered":"https:\/\/uj.adatbank.ro\/lexikon\/termek\/padurean-ioan\/"},"modified":"2025-07-16T10:09:39","modified_gmt":"2025-07-16T08:09:39","slug":"padurean-ioan","status":"publish","type":"product","link":"https:\/\/uj.adatbank.ro\/lexikon\/termek\/padurean-ioan\/","title":{"rendered":"P\u0102DUREAN, Ioan"},"content":{"rendered":"<p>K\u00f3r\u00f3d, 1880. \u00e1pr. 17 \u2020\u00a0Sz\u00e9naver\u0151s, 1958. okt. 24.: g. kat pap, politikus. \u2013 G. kat. fels\u0151fok\u00fa gimn\u00e1ziumot \u00e9s teol\u00f3gi\u00e1t Bal\u00e1zsfalv\u00e1n v\u00e9gzett, felszentelt\u00e9k (1907). Pl\u00e9b\u00e1niai gondnok K\u00fck\u00fcll\u0151solymoson majd pl\u00e9b\u00e1nos (1911\u2013). Kisk\u00fck\u00fcll\u0151 vm. Rom\u00e1n Nemzeti Tan\u00e1cs\u00e1nak tagja, K\u00fck\u00fcll\u0151solymos \u00e9s K\u00f3rod hivatalos k\u00fcld\u00f6tte a gyulafeh\u00e9rv\u00e1ri nagygy\u0171l\u00e9sen (1918. dec. 1.). A lakoss\u00e1g nagyr\u00e9sz\u00e9vel \u00e1tt\u00e9rt az ortodox hitre (1927), A Rom\u00e1n Nemzeti P\u00e1rt, a K\u00fck\u00fcll\u0151 megyei tan\u00e1cs tagja, tan\u00e1csos (1934\u201337). Anyagilag t\u00e1mogatta az iskola\u00fcgyet, \u00faj iskol\u00e1k l\u00e9tes\u00edt\u00e9s\u00e9t a megy\u00e9ben. A Dics\u0151szentm\u00e1rtoni Kereskedelmi \u00e9s Hitelbank vezet\u0151s\u00e9gi tagja. <br \/><strong>Irod.:<\/strong> Bosoanc\u0103; Todea 2013<\/br><\/p>\n","protected":false},"excerpt":{"rendered":"<p>K\u00f3r\u00f3d, 1880. \u00e1pr. 17 \u2020\u00a0Sz\u00e9naver\u0151s, 1958. okt. 24.: g. kat pap, politikus. \u2013 G. kat. fels\u0151fok\u00fa gimn\u00e1ziumot \u00e9s teol\u00f3gi\u00e1t Bal\u00e1zsfalv\u00e1n v\u00e9gzett, felszentelt\u00e9k (1907). Pl\u00e9b\u00e1niai gondnok K\u00fck\u00fcll\u0151solymoson majd pl\u00e9b\u00e1nos (1911\u2013). Kisk\u00fck\u00fcll\u0151 vm. Rom\u00e1n Nemzeti Tan\u00e1cs\u00e1nak tagja, K\u00fck\u00fcll\u0151solymos \u00e9s K\u00f3rod hivatalos k\u00fcld\u00f6tte a gyulafeh\u00e9rv\u00e1ri nagygy\u0171l\u00e9sen (1918. dec. 1.). A lakoss\u00e1g nagyr\u00e9sz\u00e9vel \u00e1tt\u00e9rt az ortodox hitre (1927), A [&hellip;]<\/p>\n","protected":false},"featured_media":0,"comment_status":"open","ping_status":"closed","template":"","meta":[],"product_brand":[],"product_cat":[137],"product_tag":[],"class_list":{"0":"post-17305","1":"product","2":"type-product","3":"status-publish","5":"product_cat-maros-megyei-eletrajzi-lexikon","7":"first","8":"instock","9":"shipping-taxable","10":"product-type-simple"},"_links":{"self":[{"href":"https:\/\/uj.adatbank.ro\/lexikon\/wp-json\/wp\/v2\/product\/17305","targetHints":{"allow":["GET"]}}],"collection":[{"href":"https:\/\/uj.adatbank.ro\/lexikon\/wp-json\/wp\/v2\/product"}],"about":[{"href":"https:\/\/uj.adatbank.ro\/lexikon\/wp-json\/wp\/v2\/types\/product"}],"replies":[{"embeddable":true,"href":"https:\/\/uj.adatbank.ro\/lexikon\/wp-json\/wp\/v2\/comments?post=17305"}],"wp:attachment":[{"href":"https:\/\/uj.adatbank.ro\/lexikon\/wp-json\/wp\/v2\/media?parent=17305"}],"wp:term":[{"taxonomy":"product_brand","embeddable":true,"href":"https:\/\/uj.adatbank.ro\/lexikon\/wp-json\/wp\/v2\/product_brand?post=17305"},{"taxonomy":"product_cat","embeddable":true,"href":"https:\/\/uj.adatbank.ro\/lexikon\/wp-json\/wp\/v2\/product_cat?post=17305"},{"taxonomy":"product_tag","embeddable":true,"href":"https:\/\/uj.adatbank.ro\/lexikon\/wp-json\/wp\/v2\/product_tag?post=17305"}],"curies":[{"name":"wp","href":"https:\/\/api.w.org\/{rel}","templated":true}]}}