{"id":17306,"date":"2025-07-16T10:09:43","date_gmt":"2025-07-16T08:09:43","guid":{"rendered":"https:\/\/uj.adatbank.ro\/lexikon\/termek\/padurean-teodor\/"},"modified":"2025-07-16T10:09:43","modified_gmt":"2025-07-16T08:09:43","slug":"padurean-teodor","status":"publish","type":"product","link":"https:\/\/uj.adatbank.ro\/lexikon\/termek\/padurean-teodor\/","title":{"rendered":"P\u0102DUREAN, Teodor"},"content":{"rendered":"<p>? \u2020\u00a0?: ort. pap. \u2013 Mez\u0151pagocs\u00e1ban, szolg\u00e1lata idej\u00e9ben (1930\u201339), kezdt\u00e9k \u00e9p\u00edteni a ma is \u00e1ll\u00f3 ort. templomot, a r\u00e9gi templom mell\u00e9 (1931\u201332). A templomot a h\u00edvek k\u00f6zadakoz\u00e1s\u00e1b\u00f3l \u00e9p\u00edtett\u00e9k, \u00e9s a Sz\u0171zany\u00e1nak aj\u00e1lott\u00e1k fel. <br \/><strong>Irod.:<\/strong> \u015eincan 2006<\/br><\/p>\n","protected":false},"excerpt":{"rendered":"<p>? \u2020\u00a0?: ort. pap. \u2013 Mez\u0151pagocs\u00e1ban, szolg\u00e1lata idej\u00e9ben (1930\u201339), kezdt\u00e9k \u00e9p\u00edteni a ma is \u00e1ll\u00f3 ort. templomot, a r\u00e9gi templom mell\u00e9 (1931\u201332). A templomot a h\u00edvek k\u00f6zadakoz\u00e1s\u00e1b\u00f3l \u00e9p\u00edtett\u00e9k, \u00e9s a Sz\u0171zany\u00e1nak aj\u00e1lott\u00e1k fel. Irod.: \u015eincan 2006<\/p>\n","protected":false},"featured_media":0,"comment_status":"open","ping_status":"closed","template":"","meta":[],"product_brand":[],"product_cat":[137],"product_tag":[],"class_list":{"0":"post-17306","1":"product","2":"type-product","3":"status-publish","5":"product_cat-maros-megyei-eletrajzi-lexikon","7":"first","8":"instock","9":"shipping-taxable","10":"product-type-simple"},"_links":{"self":[{"href":"https:\/\/uj.adatbank.ro\/lexikon\/wp-json\/wp\/v2\/product\/17306","targetHints":{"allow":["GET"]}}],"collection":[{"href":"https:\/\/uj.adatbank.ro\/lexikon\/wp-json\/wp\/v2\/product"}],"about":[{"href":"https:\/\/uj.adatbank.ro\/lexikon\/wp-json\/wp\/v2\/types\/product"}],"replies":[{"embeddable":true,"href":"https:\/\/uj.adatbank.ro\/lexikon\/wp-json\/wp\/v2\/comments?post=17306"}],"wp:attachment":[{"href":"https:\/\/uj.adatbank.ro\/lexikon\/wp-json\/wp\/v2\/media?parent=17306"}],"wp:term":[{"taxonomy":"product_brand","embeddable":true,"href":"https:\/\/uj.adatbank.ro\/lexikon\/wp-json\/wp\/v2\/product_brand?post=17306"},{"taxonomy":"product_cat","embeddable":true,"href":"https:\/\/uj.adatbank.ro\/lexikon\/wp-json\/wp\/v2\/product_cat?post=17306"},{"taxonomy":"product_tag","embeddable":true,"href":"https:\/\/uj.adatbank.ro\/lexikon\/wp-json\/wp\/v2\/product_tag?post=17306"}],"curies":[{"name":"wp","href":"https:\/\/api.w.org\/{rel}","templated":true}]}}