{"id":17307,"date":"2025-07-16T10:09:46","date_gmt":"2025-07-16T08:09:46","guid":{"rendered":"https:\/\/uj.adatbank.ro\/lexikon\/termek\/padureanu-ioan\/"},"modified":"2025-07-16T10:09:46","modified_gmt":"2025-07-16T08:09:46","slug":"padureanu-ioan","status":"publish","type":"product","link":"https:\/\/uj.adatbank.ro\/lexikon\/termek\/padureanu-ioan\/","title":{"rendered":"P\u0102DUREANU, Ioan"},"content":{"rendered":"<p>Sz\u00e1sz\u00fajfalu , 1921. dec. 21 \u2020 G\u00f6rg\u00e9nyszentimre, 2005. jan.: ort. pap. \u2013 Elemi iskol\u00e1t Pagocs\u00e1n, majd a mv.-i Papiu Ilarian L\u00edc.-ban \u00e9s Nasz\u00f3don tanult, g. kat. teol\u00f3gi\u00e1t Kv.-on (1941\u201345) v\u00e9gzett. K\u00e9t \u00e9vig Tek\u00e9ben vall\u00e1stan\u00e1r (1945\u201346), majd Ol\u00e1hbog\u00e1ton (Szeben) papp\u00e1 szentelt\u00e9k \u00e9s ott szolg\u00e1lt (1946\u201349). \u00c1tt\u00e9rt az ortodox vall\u00e1sra, \u00e9s B\u00e9lborban lett lelk\u00e9sz, onnan Kincsesf\u0151ben (1950\u2013), Dedr\u00e1dsz\u00e9plakon szolg\u00e1lt, megh\u00edvt\u00e1k a g\u00f6rg\u00e9nyszentimrei pl\u00e9b\u00e1ni\u00e1ba, ahol hal\u00e1l\u00e1ig szolg\u00e1lt (1952\u20132005). P\u00e1rhuzamosan a r\u00e9geni Ort. Pl\u00e9b\u00e1nia k\u00f6nyvel\u0151je \u00e9s titk\u00e1ra is volt (1978\u2013). \u00c9rdemei elismer\u00e9sek\u00e9nt az ortodox egyh\u00e1z minden kit\u00fcntet\u00e9s\u00e9t megkapta. <br \/><strong>Irod.:<\/strong> Reghin, Protopopiat; \u015eincan\u2013B\u0103ciu\u0163 2006<\/br><\/p>\n","protected":false},"excerpt":{"rendered":"<p>Sz\u00e1sz\u00fajfalu , 1921. dec. 21 \u2020 G\u00f6rg\u00e9nyszentimre, 2005. jan.: ort. pap. \u2013 Elemi iskol\u00e1t Pagocs\u00e1n, majd a mv.-i Papiu Ilarian L\u00edc.-ban \u00e9s Nasz\u00f3don tanult, g. kat. teol\u00f3gi\u00e1t Kv.-on (1941\u201345) v\u00e9gzett. K\u00e9t \u00e9vig Tek\u00e9ben vall\u00e1stan\u00e1r (1945\u201346), majd Ol\u00e1hbog\u00e1ton (Szeben) papp\u00e1 szentelt\u00e9k \u00e9s ott szolg\u00e1lt (1946\u201349). \u00c1tt\u00e9rt az ortodox vall\u00e1sra, \u00e9s B\u00e9lborban lett lelk\u00e9sz, onnan Kincsesf\u0151ben (1950\u2013), [&hellip;]<\/p>\n","protected":false},"featured_media":0,"comment_status":"open","ping_status":"closed","template":"","meta":[],"product_brand":[],"product_cat":[137],"product_tag":[],"class_list":{"0":"post-17307","1":"product","2":"type-product","3":"status-publish","5":"product_cat-maros-megyei-eletrajzi-lexikon","7":"first","8":"instock","9":"shipping-taxable","10":"product-type-simple"},"_links":{"self":[{"href":"https:\/\/uj.adatbank.ro\/lexikon\/wp-json\/wp\/v2\/product\/17307","targetHints":{"allow":["GET"]}}],"collection":[{"href":"https:\/\/uj.adatbank.ro\/lexikon\/wp-json\/wp\/v2\/product"}],"about":[{"href":"https:\/\/uj.adatbank.ro\/lexikon\/wp-json\/wp\/v2\/types\/product"}],"replies":[{"embeddable":true,"href":"https:\/\/uj.adatbank.ro\/lexikon\/wp-json\/wp\/v2\/comments?post=17307"}],"wp:attachment":[{"href":"https:\/\/uj.adatbank.ro\/lexikon\/wp-json\/wp\/v2\/media?parent=17307"}],"wp:term":[{"taxonomy":"product_brand","embeddable":true,"href":"https:\/\/uj.adatbank.ro\/lexikon\/wp-json\/wp\/v2\/product_brand?post=17307"},{"taxonomy":"product_cat","embeddable":true,"href":"https:\/\/uj.adatbank.ro\/lexikon\/wp-json\/wp\/v2\/product_cat?post=17307"},{"taxonomy":"product_tag","embeddable":true,"href":"https:\/\/uj.adatbank.ro\/lexikon\/wp-json\/wp\/v2\/product_tag?post=17307"}],"curies":[{"name":"wp","href":"https:\/\/api.w.org\/{rel}","templated":true}]}}