{"id":17309,"date":"2025-07-16T10:09:51","date_gmt":"2025-07-16T08:09:51","guid":{"rendered":"https:\/\/uj.adatbank.ro\/lexikon\/termek\/paget-john-paget-janos\/"},"modified":"2025-07-16T10:09:51","modified_gmt":"2025-07-16T08:09:51","slug":"paget-john-paget-janos","status":"publish","type":"product","link":"https:\/\/uj.adatbank.ro\/lexikon\/termek\/paget-john-paget-janos\/","title":{"rendered":"PAGET, John; Paget J\u00e1nos"},"content":{"rendered":"<p>Loughborough, Thorpe Satchville (Leicestershir megye, Anglia), 1808. \u00e1pr. 18., \u2020 Aranyosgy\u00e9res, 1892. \u00e1pr. 10., temetve Kv-t a H\u00e1zsong\u00e1rdi temet\u0151ben: f\u00f6dbirtokos, orvos. \u2013 John Paget \u00e9s Anne Hunt fia. Testv\u00e9re: Edmond Artur (1810\u201398). Feles\u00e9ge: az elv\u00e1lt volt br. B\u00e1nffy L\u00e1szl\u00f3n\u00e9, br. Wessel\u00e9nyi Polix\u00e9nia (esk. 1837). Gyermekeik ikrek: Walter Arthur (Kv., 1841. szept. 5.\u20131843) \u00e9s Oliv\u00e9r (1841. szept. 5.\u20131863) \u2013 Angol polg\u00e1ri csal\u00e1db\u00f3l sz\u00e1rmazott, az orvosi tanulm\u00e1nyait befejezve, eur\u00f3pai k\u00f6r\u00fatat tett. Kv.-on h\u00e1zat v\u00e1s\u00e1rolt (1839). Aranyosgy\u00e9resen telepedett le, itt kast\u00e9lyt \u00e9p\u00edttetett (1840\u201343), parkot hozott l\u00e9tre, teny\u00e9sz\u00e1llatokat tartott, sz\u00f6l\u0151t \u00e9s gy\u00fcm\u00f6lcs\u00f6t termesztett. R\u00e9szt vett a politikai \u00e9s az unit. egyh\u00e1z \u00e9let\u00e9be. A szabads\u00e1gharcban Bem sz\u00e1rnyseg\u00e9djek\u00e9nt vett r\u00e9sz, majd Angli\u00e1ba menek\u00fclt, hat \u00e9v ut\u00e1n t\u00e9rt vissza a feld\u00falt kast\u00e9ly\u00e1ba. Megszervezte az unit\u00e1rius teol\u00f3gusok londoni tov\u00e1bbtanul\u00e1s\u00e1t, seg\u00edtette az iskol\u00e1k fenntart\u00e1s\u00e1t. A gazdas\u00e1gi \u00e9let szervez\u00e9s\u00e9nek is r\u00e9szese. Az EGE alap\u00edt\u00f3 tagja, a Pince Egylet igazgat\u00f3s\u00e1gi tagja, megszervezte az els\u0151 l\u00f3teny\u00e9szt\u0151 \u00e9s l\u00f3verseny egyletet. T\u00f6bb holdnyi kiterjed\u00e9s\u0171 sz\u0151l\u00e9szete volt Sz\u0151kefalv\u00e1n, ahol sauvignon, piros tramini, merlot, \u00e9s t\u00f6bbfajta cabernet, le\u00e1nyk\u00e1t, rajnai- \u00e9s olasz rizlinget termesztett \u00e9s k\u00e9sz\u00edtett. A lyoni borki\u00e1ll\u00edt\u00e1son (1872) erd\u00e9lyi boraival els\u0151rend\u0171 dics\u00e9r\u0151 oklevelet nyert, ekkor a sz\u0151kefalvi le\u00e1nyka asz\u00fa (1866-os) is szerepelt. Telket aj\u00e1nd\u00e9kozott a sz\u0151kefalvi unit.-oknak, ahova templomot \u00e9p\u00edtettek (1876). Az aranyosgy\u00e9resi birtokot unok\u00e1ja Paget Ilona- Wessel\u00e9nyi Mikl\u00f3sn\u00e9 (1862\u20131932) \u00f6r\u00f6k\u00f6lte. \u2013 <strong>F. m.:<\/strong> Hungary and Transylvania (1839; m.<strong>ford.:<\/strong> 1987); Magyarorsz\u00e1g \u00e9s Erd\u00e9ly: Napl\u00f3 (1849. j\u00fan. 13.- aug. 27.) \/ Sajt\u00f3 al\u00e1 rendezte, a bev. \u00e9s a jegyz. Cs. Lingvay Kl\u00e1ra (Kv., 2011). <br \/><strong>Irod.:<\/strong> Bicsok-Orb\u00e1n; Bor\u00e1szati t\u00f6rzsk\u00f6nyv (Bp., 1883); Cs\u00e1vossy; Erd\u00e9lyi unit. 1848\u201349.; H\u00e1zsong\u00e1rd; Kelemen; Kelemen Imre; Scholten<\/br><\/p>\n","protected":false},"excerpt":{"rendered":"<p>Loughborough, Thorpe Satchville (Leicestershir megye, Anglia), 1808. \u00e1pr. 18., \u2020 Aranyosgy\u00e9res, 1892. \u00e1pr. 10., temetve Kv-t a H\u00e1zsong\u00e1rdi temet\u0151ben: f\u00f6dbirtokos, orvos. \u2013 John Paget \u00e9s Anne Hunt fia. Testv\u00e9re: Edmond Artur (1810\u201398). Feles\u00e9ge: az elv\u00e1lt volt br. B\u00e1nffy L\u00e1szl\u00f3n\u00e9, br. Wessel\u00e9nyi Polix\u00e9nia (esk. 1837). Gyermekeik ikrek: Walter Arthur (Kv., 1841. szept. 5.\u20131843) \u00e9s Oliv\u00e9r (1841. [&hellip;]<\/p>\n","protected":false},"featured_media":0,"comment_status":"open","ping_status":"closed","template":"","meta":[],"product_brand":[],"product_cat":[137],"product_tag":[],"class_list":{"0":"post-17309","1":"product","2":"type-product","3":"status-publish","5":"product_cat-maros-megyei-eletrajzi-lexikon","7":"first","8":"instock","9":"shipping-taxable","10":"product-type-simple"},"_links":{"self":[{"href":"https:\/\/uj.adatbank.ro\/lexikon\/wp-json\/wp\/v2\/product\/17309","targetHints":{"allow":["GET"]}}],"collection":[{"href":"https:\/\/uj.adatbank.ro\/lexikon\/wp-json\/wp\/v2\/product"}],"about":[{"href":"https:\/\/uj.adatbank.ro\/lexikon\/wp-json\/wp\/v2\/types\/product"}],"replies":[{"embeddable":true,"href":"https:\/\/uj.adatbank.ro\/lexikon\/wp-json\/wp\/v2\/comments?post=17309"}],"wp:attachment":[{"href":"https:\/\/uj.adatbank.ro\/lexikon\/wp-json\/wp\/v2\/media?parent=17309"}],"wp:term":[{"taxonomy":"product_brand","embeddable":true,"href":"https:\/\/uj.adatbank.ro\/lexikon\/wp-json\/wp\/v2\/product_brand?post=17309"},{"taxonomy":"product_cat","embeddable":true,"href":"https:\/\/uj.adatbank.ro\/lexikon\/wp-json\/wp\/v2\/product_cat?post=17309"},{"taxonomy":"product_tag","embeddable":true,"href":"https:\/\/uj.adatbank.ro\/lexikon\/wp-json\/wp\/v2\/product_tag?post=17309"}],"curies":[{"name":"wp","href":"https:\/\/api.w.org\/{rel}","templated":true}]}}