{"id":17310,"date":"2025-07-16T10:09:54","date_gmt":"2025-07-16T08:09:54","guid":{"rendered":"https:\/\/uj.adatbank.ro\/lexikon\/termek\/paicu-ioan\/"},"modified":"2025-07-16T10:09:54","modified_gmt":"2025-07-16T08:09:54","slug":"paicu-ioan","status":"publish","type":"product","link":"https:\/\/uj.adatbank.ro\/lexikon\/termek\/paicu-ioan\/","title":{"rendered":"PAICU Ioan"},"content":{"rendered":"<p>? \u2020\u00a0?: tan\u00edt\u00f3. \u2013 R\u00e9szt vett a II.d\u00e9dai tan\u00edt\u00f3i konferenci\u00e1n, amelyet Cristea Elie Miron vezet\u00e9s\u00e9vel tartottak (1906). El\u0151ad\u00e1st tartott, amelyben a rom\u00e1n gazdas\u00e1gi \u00e9s mez\u0151gazdas\u00e1gi isk.-\u00e1k l\u00e9trehoz\u00e1s\u00e1t kezdem\u00e9nyezte, h. ez\u00e1ltal javuljon a rom\u00e1n mez\u0151gazdas\u00e1g alacsony sz\u00ednvonala. K\u00fcl\u00f6n kit\u00e9rt az iskolai mez\u0151gazdas\u00e1gi gyakorlat fontoss\u00e1g\u00e1ra. Felemelte szav\u00e1t az egyh\u00e1zi isk.-\u00e1k tan\u00edt\u00f3inak alacsony fizet\u00e9se ellen. Javaslat\u00e1ra memoriumot adtak be az egyh\u00e1zi vezet\u00e9shez ennek a probl\u00e9m\u00e1nak az orvosl\u00e1s\u00e1ra. <br \/><strong>Irod.:<\/strong> \u015eerban 2006<\/br><\/p>\n","protected":false},"excerpt":{"rendered":"<p>? \u2020\u00a0?: tan\u00edt\u00f3. \u2013 R\u00e9szt vett a II.d\u00e9dai tan\u00edt\u00f3i konferenci\u00e1n, amelyet Cristea Elie Miron vezet\u00e9s\u00e9vel tartottak (1906). El\u0151ad\u00e1st tartott, amelyben a rom\u00e1n gazdas\u00e1gi \u00e9s mez\u0151gazdas\u00e1gi isk.-\u00e1k l\u00e9trehoz\u00e1s\u00e1t kezdem\u00e9nyezte, h. ez\u00e1ltal javuljon a rom\u00e1n mez\u0151gazdas\u00e1g alacsony sz\u00ednvonala. K\u00fcl\u00f6n kit\u00e9rt az iskolai mez\u0151gazdas\u00e1gi gyakorlat fontoss\u00e1g\u00e1ra. Felemelte szav\u00e1t az egyh\u00e1zi isk.-\u00e1k tan\u00edt\u00f3inak alacsony fizet\u00e9se ellen. Javaslat\u00e1ra memoriumot adtak [&hellip;]<\/p>\n","protected":false},"featured_media":0,"comment_status":"open","ping_status":"closed","template":"","meta":[],"product_brand":[],"product_cat":[137],"product_tag":[],"class_list":{"0":"post-17310","1":"product","2":"type-product","3":"status-publish","5":"product_cat-maros-megyei-eletrajzi-lexikon","7":"first","8":"instock","9":"shipping-taxable","10":"product-type-simple"},"_links":{"self":[{"href":"https:\/\/uj.adatbank.ro\/lexikon\/wp-json\/wp\/v2\/product\/17310","targetHints":{"allow":["GET"]}}],"collection":[{"href":"https:\/\/uj.adatbank.ro\/lexikon\/wp-json\/wp\/v2\/product"}],"about":[{"href":"https:\/\/uj.adatbank.ro\/lexikon\/wp-json\/wp\/v2\/types\/product"}],"replies":[{"embeddable":true,"href":"https:\/\/uj.adatbank.ro\/lexikon\/wp-json\/wp\/v2\/comments?post=17310"}],"wp:attachment":[{"href":"https:\/\/uj.adatbank.ro\/lexikon\/wp-json\/wp\/v2\/media?parent=17310"}],"wp:term":[{"taxonomy":"product_brand","embeddable":true,"href":"https:\/\/uj.adatbank.ro\/lexikon\/wp-json\/wp\/v2\/product_brand?post=17310"},{"taxonomy":"product_cat","embeddable":true,"href":"https:\/\/uj.adatbank.ro\/lexikon\/wp-json\/wp\/v2\/product_cat?post=17310"},{"taxonomy":"product_tag","embeddable":true,"href":"https:\/\/uj.adatbank.ro\/lexikon\/wp-json\/wp\/v2\/product_tag?post=17310"}],"curies":[{"name":"wp","href":"https:\/\/api.w.org\/{rel}","templated":true}]}}