{"id":17313,"date":"2025-07-16T10:10:00","date_gmt":"2025-07-16T08:10:00","guid":{"rendered":"https:\/\/uj.adatbank.ro\/lexikon\/termek\/pais-samuel\/"},"modified":"2025-07-16T10:10:00","modified_gmt":"2025-07-16T08:10:00","slug":"pais-samuel","status":"publish","type":"product","link":"https:\/\/uj.adatbank.ro\/lexikon\/termek\/pais-samuel\/","title":{"rendered":"PAIS S\u00e1muel"},"content":{"rendered":"<p>? \u2020\u00a0Magyarr\u00e9gen, 1794. j\u00fan. 18.: ref. lelk\u00e9sz. \u2013 Feles\u00e9ge Dobai J\u00falia. \u2013 Mv.-en subscrib\u00e1lt (1763). Baselben peregrin\u00e1lt (1773). Lelk\u00e9sz Koml\u00f3don (1775\u201383), Als\u00f3b\u00f6lk\u00e9nyben (1784\u201388), Dedr\u00e1dsz\u00e9plakon (1789\u201392), \u00e9s hal\u00e1l\u00e1ig Magyarr\u00e9genben (1792\u20131794). <br \/><strong>Irod.:<\/strong> \u0150sz<\/br><\/p>\n","protected":false},"excerpt":{"rendered":"<p>? \u2020\u00a0Magyarr\u00e9gen, 1794. j\u00fan. 18.: ref. lelk\u00e9sz. \u2013 Feles\u00e9ge Dobai J\u00falia. \u2013 Mv.-en subscrib\u00e1lt (1763). Baselben peregrin\u00e1lt (1773). Lelk\u00e9sz Koml\u00f3don (1775\u201383), Als\u00f3b\u00f6lk\u00e9nyben (1784\u201388), Dedr\u00e1dsz\u00e9plakon (1789\u201392), \u00e9s hal\u00e1l\u00e1ig Magyarr\u00e9genben (1792\u20131794). Irod.: \u0150sz<\/p>\n","protected":false},"featured_media":0,"comment_status":"open","ping_status":"closed","template":"","meta":[],"product_brand":[],"product_cat":[137],"product_tag":[],"class_list":{"0":"post-17313","1":"product","2":"type-product","3":"status-publish","5":"product_cat-maros-megyei-eletrajzi-lexikon","7":"first","8":"instock","9":"shipping-taxable","10":"product-type-simple"},"_links":{"self":[{"href":"https:\/\/uj.adatbank.ro\/lexikon\/wp-json\/wp\/v2\/product\/17313","targetHints":{"allow":["GET"]}}],"collection":[{"href":"https:\/\/uj.adatbank.ro\/lexikon\/wp-json\/wp\/v2\/product"}],"about":[{"href":"https:\/\/uj.adatbank.ro\/lexikon\/wp-json\/wp\/v2\/types\/product"}],"replies":[{"embeddable":true,"href":"https:\/\/uj.adatbank.ro\/lexikon\/wp-json\/wp\/v2\/comments?post=17313"}],"wp:attachment":[{"href":"https:\/\/uj.adatbank.ro\/lexikon\/wp-json\/wp\/v2\/media?parent=17313"}],"wp:term":[{"taxonomy":"product_brand","embeddable":true,"href":"https:\/\/uj.adatbank.ro\/lexikon\/wp-json\/wp\/v2\/product_brand?post=17313"},{"taxonomy":"product_cat","embeddable":true,"href":"https:\/\/uj.adatbank.ro\/lexikon\/wp-json\/wp\/v2\/product_cat?post=17313"},{"taxonomy":"product_tag","embeddable":true,"href":"https:\/\/uj.adatbank.ro\/lexikon\/wp-json\/wp\/v2\/product_tag?post=17313"}],"curies":[{"name":"wp","href":"https:\/\/api.w.org\/{rel}","templated":true}]}}