{"id":17316,"date":"2025-07-16T10:10:05","date_gmt":"2025-07-16T08:10:05","guid":{"rendered":"https:\/\/uj.adatbank.ro\/lexikon\/termek\/paizs-jozsef\/"},"modified":"2025-07-16T10:10:05","modified_gmt":"2025-07-16T08:10:05","slug":"paizs-jozsef","status":"publish","type":"product","link":"https:\/\/uj.adatbank.ro\/lexikon\/termek\/paizs-jozsef\/","title":{"rendered":"PAIZS J\u00f3zsef"},"content":{"rendered":"<p>Palatka, 1933. m\u00e1rc. 8. \u2020\u00a0Mv., ?: orvos. \u2013 Kv.&#8211;i B\u0151ripari szakiskola ut\u00e1n, a MOGYI orvosi kar\u00e1n v\u00e9gzett (1964). Szakk\u00e9pes\u00edt\u00e9se: aneszteziol\u00f3gus. Munkahelyei. Tusn\u00e1d, Mv.-en Ortop\u00e9diai Klinika, Gyermekseb\u00e9szeti Klinika. <br \/><strong>Irod.:<\/strong><\/br><\/p>\n","protected":false},"excerpt":{"rendered":"<p>Palatka, 1933. m\u00e1rc. 8. \u2020\u00a0Mv., ?: orvos. \u2013 Kv.&#8211;i B\u0151ripari szakiskola ut\u00e1n, a MOGYI orvosi kar\u00e1n v\u00e9gzett (1964). Szakk\u00e9pes\u00edt\u00e9se: aneszteziol\u00f3gus. Munkahelyei. Tusn\u00e1d, Mv.-en Ortop\u00e9diai Klinika, Gyermekseb\u00e9szeti Klinika. Irod.:<\/p>\n","protected":false},"featured_media":0,"comment_status":"open","ping_status":"closed","template":"","meta":[],"product_brand":[],"product_cat":[137],"product_tag":[],"class_list":{"0":"post-17316","1":"product","2":"type-product","3":"status-publish","5":"product_cat-maros-megyei-eletrajzi-lexikon","7":"first","8":"instock","9":"shipping-taxable","10":"product-type-simple"},"_links":{"self":[{"href":"https:\/\/uj.adatbank.ro\/lexikon\/wp-json\/wp\/v2\/product\/17316","targetHints":{"allow":["GET"]}}],"collection":[{"href":"https:\/\/uj.adatbank.ro\/lexikon\/wp-json\/wp\/v2\/product"}],"about":[{"href":"https:\/\/uj.adatbank.ro\/lexikon\/wp-json\/wp\/v2\/types\/product"}],"replies":[{"embeddable":true,"href":"https:\/\/uj.adatbank.ro\/lexikon\/wp-json\/wp\/v2\/comments?post=17316"}],"wp:attachment":[{"href":"https:\/\/uj.adatbank.ro\/lexikon\/wp-json\/wp\/v2\/media?parent=17316"}],"wp:term":[{"taxonomy":"product_brand","embeddable":true,"href":"https:\/\/uj.adatbank.ro\/lexikon\/wp-json\/wp\/v2\/product_brand?post=17316"},{"taxonomy":"product_cat","embeddable":true,"href":"https:\/\/uj.adatbank.ro\/lexikon\/wp-json\/wp\/v2\/product_cat?post=17316"},{"taxonomy":"product_tag","embeddable":true,"href":"https:\/\/uj.adatbank.ro\/lexikon\/wp-json\/wp\/v2\/product_tag?post=17316"}],"curies":[{"name":"wp","href":"https:\/\/api.w.org\/{rel}","templated":true}]}}