{"id":17317,"date":"2025-07-16T10:10:06","date_gmt":"2025-07-16T08:10:06","guid":{"rendered":"https:\/\/uj.adatbank.ro\/lexikon\/termek\/paizs-jozsefne-dr-csiszer-hajnal\/"},"modified":"2025-07-16T10:10:06","modified_gmt":"2025-07-16T08:10:06","slug":"paizs-jozsefne-dr-csiszer-hajnal","status":"publish","type":"product","link":"https:\/\/uj.adatbank.ro\/lexikon\/termek\/paizs-jozsefne-dr-csiszer-hajnal\/","title":{"rendered":"PAIZS J\u00f3zsefn\u00e9 Dr. Csisz\u00e9r Hajnal"},"content":{"rendered":"<p>Mv. 1934\u2020\u00a02019: orvos. \u2013 Mv.-en a 4.sz. Le\u00e1nyk\u00f6z\u00e9piskol\u00e1ban tanult, a MOGYI-ban az orvosi egyetemen v\u00e9gzett (1958), f\u00e9rj\u00e9vel Paizs J\u00f3zseffel egyszerre. K\u00f6rzeti orvosok Cs\u00edksz\u00e9pv\u00edzen, Tusn\u00e1d k\u00f6zs\u00e9gben (1962-ig). Versenyvizsg\u00e1val Mv.-re ker\u00fcltek. A megyei j\u00e1r\u00f3beteg-rendel\u0151 munkak\u00e9pess\u00e9get meg\u00e1llap\u00edt\u00f3 rendel\u0151j\u00e9nek szakorvosa, vezet\u0151je nyugd\u00edjba vonul\u00e1s\u00e1ig. <br \/><strong>Irod.:<\/strong> Kiss Cs. M 4.<\/br><\/p>\n","protected":false},"excerpt":{"rendered":"<p>Mv. 1934\u2020\u00a02019: orvos. \u2013 Mv.-en a 4.sz. Le\u00e1nyk\u00f6z\u00e9piskol\u00e1ban tanult, a MOGYI-ban az orvosi egyetemen v\u00e9gzett (1958), f\u00e9rj\u00e9vel Paizs J\u00f3zseffel egyszerre. K\u00f6rzeti orvosok Cs\u00edksz\u00e9pv\u00edzen, Tusn\u00e1d k\u00f6zs\u00e9gben (1962-ig). Versenyvizsg\u00e1val Mv.-re ker\u00fcltek. A megyei j\u00e1r\u00f3beteg-rendel\u0151 munkak\u00e9pess\u00e9get meg\u00e1llap\u00edt\u00f3 rendel\u0151j\u00e9nek szakorvosa, vezet\u0151je nyugd\u00edjba vonul\u00e1s\u00e1ig. Irod.: Kiss Cs. M 4.<\/p>\n","protected":false},"featured_media":0,"comment_status":"open","ping_status":"closed","template":"","meta":[],"product_brand":[],"product_cat":[137],"product_tag":[],"class_list":{"0":"post-17317","1":"product","2":"type-product","3":"status-publish","5":"product_cat-maros-megyei-eletrajzi-lexikon","7":"first","8":"instock","9":"shipping-taxable","10":"product-type-simple"},"_links":{"self":[{"href":"https:\/\/uj.adatbank.ro\/lexikon\/wp-json\/wp\/v2\/product\/17317","targetHints":{"allow":["GET"]}}],"collection":[{"href":"https:\/\/uj.adatbank.ro\/lexikon\/wp-json\/wp\/v2\/product"}],"about":[{"href":"https:\/\/uj.adatbank.ro\/lexikon\/wp-json\/wp\/v2\/types\/product"}],"replies":[{"embeddable":true,"href":"https:\/\/uj.adatbank.ro\/lexikon\/wp-json\/wp\/v2\/comments?post=17317"}],"wp:attachment":[{"href":"https:\/\/uj.adatbank.ro\/lexikon\/wp-json\/wp\/v2\/media?parent=17317"}],"wp:term":[{"taxonomy":"product_brand","embeddable":true,"href":"https:\/\/uj.adatbank.ro\/lexikon\/wp-json\/wp\/v2\/product_brand?post=17317"},{"taxonomy":"product_cat","embeddable":true,"href":"https:\/\/uj.adatbank.ro\/lexikon\/wp-json\/wp\/v2\/product_cat?post=17317"},{"taxonomy":"product_tag","embeddable":true,"href":"https:\/\/uj.adatbank.ro\/lexikon\/wp-json\/wp\/v2\/product_tag?post=17317"}],"curies":[{"name":"wp","href":"https:\/\/api.w.org\/{rel}","templated":true}]}}