{"id":17319,"date":"2025-07-16T10:10:09","date_gmt":"2025-07-16T08:10:09","guid":{"rendered":"https:\/\/uj.adatbank.ro\/lexikon\/termek\/paizs-laszlo\/"},"modified":"2025-07-16T10:10:09","modified_gmt":"2025-07-16T08:10:09","slug":"paizs-laszlo","status":"publish","type":"product","link":"https:\/\/uj.adatbank.ro\/lexikon\/termek\/paizs-laszlo\/","title":{"rendered":"PAIZS L\u00e1szl\u00f3"},"content":{"rendered":"<p>? \u2020\u00a0?: tan\u00edt\u00f3. \u2013 Bonyh\u00e1n tan\u00edtott (1786\u20131793): a mv.-i koll\u00e9gium jeles di\u00e1kjak\u00e9nt h\u00edvt\u00e1k meg(1786 szept.). Munk\u00e1ja kifog\u00e1stalan volt. Err\u0151l a vizit\u00e1ci\u00f3s jegyz\u0151k\u00f6nyvek tanuskodnak, m\u00e9gsem kapta meg a b\u00e9r\u00e9t, nem gondoskodtak f\u00e1r\u00f3l az iskola \u00e9s alak\u00e1sa f\u0171t\u00e9s\u00e9re. Ez k\u00e9sztette t\u00e1voz\u00e1sra. <br \/><strong>Irod.:<\/strong> P\u00e9terfy L. Bonyha \u00e9s egyh\u00e1za, (Mv. 2000)<\/br><\/p>\n","protected":false},"excerpt":{"rendered":"<p>? \u2020\u00a0?: tan\u00edt\u00f3. \u2013 Bonyh\u00e1n tan\u00edtott (1786\u20131793): a mv.-i koll\u00e9gium jeles di\u00e1kjak\u00e9nt h\u00edvt\u00e1k meg(1786 szept.). Munk\u00e1ja kifog\u00e1stalan volt. Err\u0151l a vizit\u00e1ci\u00f3s jegyz\u0151k\u00f6nyvek tanuskodnak, m\u00e9gsem kapta meg a b\u00e9r\u00e9t, nem gondoskodtak f\u00e1r\u00f3l az iskola \u00e9s alak\u00e1sa f\u0171t\u00e9s\u00e9re. Ez k\u00e9sztette t\u00e1voz\u00e1sra. Irod.: P\u00e9terfy L. Bonyha \u00e9s egyh\u00e1za, (Mv. 2000)<\/p>\n","protected":false},"featured_media":0,"comment_status":"open","ping_status":"closed","template":"","meta":[],"product_brand":[],"product_cat":[137],"product_tag":[],"class_list":{"0":"post-17319","1":"product","2":"type-product","3":"status-publish","5":"product_cat-maros-megyei-eletrajzi-lexikon","7":"first","8":"instock","9":"shipping-taxable","10":"product-type-simple"},"_links":{"self":[{"href":"https:\/\/uj.adatbank.ro\/lexikon\/wp-json\/wp\/v2\/product\/17319","targetHints":{"allow":["GET"]}}],"collection":[{"href":"https:\/\/uj.adatbank.ro\/lexikon\/wp-json\/wp\/v2\/product"}],"about":[{"href":"https:\/\/uj.adatbank.ro\/lexikon\/wp-json\/wp\/v2\/types\/product"}],"replies":[{"embeddable":true,"href":"https:\/\/uj.adatbank.ro\/lexikon\/wp-json\/wp\/v2\/comments?post=17319"}],"wp:attachment":[{"href":"https:\/\/uj.adatbank.ro\/lexikon\/wp-json\/wp\/v2\/media?parent=17319"}],"wp:term":[{"taxonomy":"product_brand","embeddable":true,"href":"https:\/\/uj.adatbank.ro\/lexikon\/wp-json\/wp\/v2\/product_brand?post=17319"},{"taxonomy":"product_cat","embeddable":true,"href":"https:\/\/uj.adatbank.ro\/lexikon\/wp-json\/wp\/v2\/product_cat?post=17319"},{"taxonomy":"product_tag","embeddable":true,"href":"https:\/\/uj.adatbank.ro\/lexikon\/wp-json\/wp\/v2\/product_tag?post=17319"}],"curies":[{"name":"wp","href":"https:\/\/api.w.org\/{rel}","templated":true}]}}