{"id":17320,"date":"2025-07-16T10:10:11","date_gmt":"2025-07-16T08:10:11","guid":{"rendered":"https:\/\/uj.adatbank.ro\/lexikon\/termek\/pajko-karoly-%c2%a7-pajka-karoly\/"},"modified":"2025-07-16T10:10:11","modified_gmt":"2025-07-16T08:10:11","slug":"pajko-karoly-%c2%a7-pajka-karoly","status":"publish","type":"product","link":"https:\/\/uj.adatbank.ro\/lexikon\/termek\/pajko-karoly-%c2%a7-pajka-karoly\/","title":{"rendered":"PAJK\u00d3 K\u00e1roly, \u00a7 Pajka K\u00e1roly"},"content":{"rendered":"<p>B\u00faz\u00e1sbeseny\u0151, 1967.? \u2020 Mv., 1989. dec. 21. B\u00faz\u00e1sbeseny\u0151ben temett\u00e9k el: a forradalom m\u00e1rtirja (1989. dec. 21). \u2013 Poszt mortem Mv. d\u00edszpolg\u00e1ra (1998). Mv.-en utca viseli a nev\u00e9t. B\u00faz\u00e1sbeseny\u0151ben sz\u00fcl\u0151h\u00e1z\u00e1n eml\u00e9kt\u00e1bl\u00e1t helyeztek el (2001. dec). <br \/><strong>Irod.:<\/strong> Elm\u00falt jelen; Ioni\u0163oiu; Kincses; [Nekrol\u00f3g] (N\u00fa., 1989. dec. 24.); Mv.-i \u00e1ldozatok (N\u00fa., 1990. dec. 21.); M\u00e1th\u00e9 Levente; M\u00e1th\u00e9 M\u00e1ria: Szerette a gyermekeket (N\u00fa., 1990. febr. 21.); Maros megye; M\u00e1th\u00e9 Levente 2009; N\u00fa (1998. j\u00fan. 24); Vir\u00e1g: P. K. vagy CFR utca? (V\u00e1s\u00e1rhelyi H\u00edrlap, 2008. aug. 21.; T\u0151k\u00e9s<\/br><\/p>\n","protected":false},"excerpt":{"rendered":"<p>B\u00faz\u00e1sbeseny\u0151, 1967.? \u2020 Mv., 1989. dec. 21. B\u00faz\u00e1sbeseny\u0151ben temett\u00e9k el: a forradalom m\u00e1rtirja (1989. dec. 21). \u2013 Poszt mortem Mv. d\u00edszpolg\u00e1ra (1998). Mv.-en utca viseli a nev\u00e9t. B\u00faz\u00e1sbeseny\u0151ben sz\u00fcl\u0151h\u00e1z\u00e1n eml\u00e9kt\u00e1bl\u00e1t helyeztek el (2001. dec). Irod.: Elm\u00falt jelen; Ioni\u0163oiu; Kincses; [Nekrol\u00f3g] (N\u00fa., 1989. dec. 24.); Mv.-i \u00e1ldozatok (N\u00fa., 1990. dec. 21.); M\u00e1th\u00e9 Levente; M\u00e1th\u00e9 M\u00e1ria: Szerette [&hellip;]<\/p>\n","protected":false},"featured_media":0,"comment_status":"open","ping_status":"closed","template":"","meta":[],"product_brand":[],"product_cat":[137],"product_tag":[],"class_list":{"0":"post-17320","1":"product","2":"type-product","3":"status-publish","5":"product_cat-maros-megyei-eletrajzi-lexikon","7":"first","8":"instock","9":"shipping-taxable","10":"product-type-simple"},"_links":{"self":[{"href":"https:\/\/uj.adatbank.ro\/lexikon\/wp-json\/wp\/v2\/product\/17320","targetHints":{"allow":["GET"]}}],"collection":[{"href":"https:\/\/uj.adatbank.ro\/lexikon\/wp-json\/wp\/v2\/product"}],"about":[{"href":"https:\/\/uj.adatbank.ro\/lexikon\/wp-json\/wp\/v2\/types\/product"}],"replies":[{"embeddable":true,"href":"https:\/\/uj.adatbank.ro\/lexikon\/wp-json\/wp\/v2\/comments?post=17320"}],"wp:attachment":[{"href":"https:\/\/uj.adatbank.ro\/lexikon\/wp-json\/wp\/v2\/media?parent=17320"}],"wp:term":[{"taxonomy":"product_brand","embeddable":true,"href":"https:\/\/uj.adatbank.ro\/lexikon\/wp-json\/wp\/v2\/product_brand?post=17320"},{"taxonomy":"product_cat","embeddable":true,"href":"https:\/\/uj.adatbank.ro\/lexikon\/wp-json\/wp\/v2\/product_cat?post=17320"},{"taxonomy":"product_tag","embeddable":true,"href":"https:\/\/uj.adatbank.ro\/lexikon\/wp-json\/wp\/v2\/product_tag?post=17320"}],"curies":[{"name":"wp","href":"https:\/\/api.w.org\/{rel}","templated":true}]}}