{"id":17324,"date":"2025-07-16T10:10:23","date_gmt":"2025-07-16T08:10:23","guid":{"rendered":"https:\/\/uj.adatbank.ro\/lexikon\/termek\/pakei-lajos-pakei-pakey-lajos\/"},"modified":"2025-07-16T10:10:23","modified_gmt":"2025-07-16T08:10:23","slug":"pakei-lajos-pakei-pakey-lajos","status":"publish","type":"product","link":"https:\/\/uj.adatbank.ro\/lexikon\/termek\/pakei-lajos-pakei-pakey-lajos\/","title":{"rendered":"P\u00c1KEI Lajos, p\u00e1k\u00e9i, P\u00e1key Lajos"},"content":{"rendered":"<p>Kv., 1853. m\u00e1rc. 1., \u2020 Kv., 1921. m\u00e1rc. 23. a H\u00e1zsong\u00e1rdi temet\u0151ben nyugszik: \u00e9p\u00edt\u00e9sz. \u2013 Apja: P. L. , f\u0151korm\u00e1nysz\u00e9ki titk\u00e1r. \u2013 Egyetemi tanulm\u00e1nyait a bp.-i M\u0171egyetemen (1872), a m\u00fcncheni M\u0171egyetemen (1873\u201376), a b\u00e9csi K\u00e9pz\u0151m\u0171v\u00e9szeti Akad.-\u00e1n v\u00e9gezte. Kv. v\u00e1ros f\u0151m\u00e9rn\u00f6k\u00e9v\u00e9 nevezt\u00e9k ki (1880\u201384), lemond\u00e1sa ut\u00e1n Kv. tiszteletbeli f\u0151m\u00e9rn\u00f6ke. Munk\u00e1ss\u00e1ga jelent\u0151s m\u00e9rt\u00e9kben meghat\u00e1rozza Kv. \u00e9p\u00edt\u00e9szeti arculat\u00e1t, de m\u00e1shol is vannak \u00e1ltala tervezett \u00e9p\u00fcletek.Korban az els\u0151, m\u00e1ra m\u00e1r lebontott br. Bornemisza Andr\u00e1s v\u00e1rhegyi kast\u00e9lyterve (1892), unit. templom Dics\u0151szentm\u00e1rtonban, Magyars\u00e1roson (1912) \u00e9s Mez\u0151z\u00e1hon az Ugron-kast\u00e9ly (1909), D\u00e9sfalv\u00e1n a Pataky L\u00e1szl\u00f3 d\u00e9sfalvi h\u00e1za. Erd\u00e9ly legjelent\u0151sebb eklektikus \u00e9p\u00edt\u00e9sze. <br \/><strong>Irod.:<\/strong> Bicsok-Orb\u00e1n; Bord\u00e1s Be\u00e1ta: A mez\u0151z\u00e1hi Ugron-kast\u00e9ly \u00e9p\u00edt\u00e9st\u00f6rt\u00e9nete = Liber discipulorum; Fund\u00e1lok, pall\u00e9rok; Ga\u00e1l: Kv. vonz\u00e1s\u00e1ban; Gy. D\u00e1vid Gyula: Kv. okleveles \u00e9p\u00edt\u00e9sze (Korunk, 4. sz., 2016.); H\u00e1zsong\u00e1rd; \u00daM\u00c9L<\/br><\/p>\n","protected":false},"excerpt":{"rendered":"<p>Kv., 1853. m\u00e1rc. 1., \u2020 Kv., 1921. m\u00e1rc. 23. a H\u00e1zsong\u00e1rdi temet\u0151ben nyugszik: \u00e9p\u00edt\u00e9sz. \u2013 Apja: P. L. , f\u0151korm\u00e1nysz\u00e9ki titk\u00e1r. \u2013 Egyetemi tanulm\u00e1nyait a bp.-i M\u0171egyetemen (1872), a m\u00fcncheni M\u0171egyetemen (1873\u201376), a b\u00e9csi K\u00e9pz\u0151m\u0171v\u00e9szeti Akad.-\u00e1n v\u00e9gezte. Kv. v\u00e1ros f\u0151m\u00e9rn\u00f6k\u00e9v\u00e9 nevezt\u00e9k ki (1880\u201384), lemond\u00e1sa ut\u00e1n Kv. tiszteletbeli f\u0151m\u00e9rn\u00f6ke. Munk\u00e1ss\u00e1ga jelent\u0151s m\u00e9rt\u00e9kben meghat\u00e1rozza Kv. \u00e9p\u00edt\u00e9szeti arculat\u00e1t, [&hellip;]<\/p>\n","protected":false},"featured_media":0,"comment_status":"open","ping_status":"closed","template":"","meta":[],"product_brand":[],"product_cat":[137],"product_tag":[],"class_list":{"0":"post-17324","1":"product","2":"type-product","3":"status-publish","5":"product_cat-maros-megyei-eletrajzi-lexikon","7":"first","8":"instock","9":"shipping-taxable","10":"product-type-simple"},"_links":{"self":[{"href":"https:\/\/uj.adatbank.ro\/lexikon\/wp-json\/wp\/v2\/product\/17324","targetHints":{"allow":["GET"]}}],"collection":[{"href":"https:\/\/uj.adatbank.ro\/lexikon\/wp-json\/wp\/v2\/product"}],"about":[{"href":"https:\/\/uj.adatbank.ro\/lexikon\/wp-json\/wp\/v2\/types\/product"}],"replies":[{"embeddable":true,"href":"https:\/\/uj.adatbank.ro\/lexikon\/wp-json\/wp\/v2\/comments?post=17324"}],"wp:attachment":[{"href":"https:\/\/uj.adatbank.ro\/lexikon\/wp-json\/wp\/v2\/media?parent=17324"}],"wp:term":[{"taxonomy":"product_brand","embeddable":true,"href":"https:\/\/uj.adatbank.ro\/lexikon\/wp-json\/wp\/v2\/product_brand?post=17324"},{"taxonomy":"product_cat","embeddable":true,"href":"https:\/\/uj.adatbank.ro\/lexikon\/wp-json\/wp\/v2\/product_cat?post=17324"},{"taxonomy":"product_tag","embeddable":true,"href":"https:\/\/uj.adatbank.ro\/lexikon\/wp-json\/wp\/v2\/product_tag?post=17324"}],"curies":[{"name":"wp","href":"https:\/\/api.w.org\/{rel}","templated":true}]}}