{"id":17326,"date":"2025-07-16T10:10:28","date_gmt":"2025-07-16T08:10:28","guid":{"rendered":"https:\/\/uj.adatbank.ro\/lexikon\/termek\/pako-benedek\/"},"modified":"2025-07-16T10:10:28","modified_gmt":"2025-07-16T08:10:28","slug":"pako-benedek","status":"publish","type":"product","link":"https:\/\/uj.adatbank.ro\/lexikon\/termek\/pako-benedek\/","title":{"rendered":"PAK\u00d3 Benedek"},"content":{"rendered":"<p>? \u2020\u00a0?: r. k. pap. \u2013 Pl\u00e9b\u00e1nos Sz\u00e1szr\u00e9genben (1989\u20132009). A Fels\u0151marosmente szorv\u00e1nymagyars\u00e1g\u00e1nak szoci\u00e1lis gondoz\u00e1s\u00e1ban el\u00e9rt kimagasl\u00f3 eredm\u00e9nyei\u00e9rt kit\u00fcntett\u00e9k a Mocs\u00e1ry Lajos Alap\u00edtv\u00e1ny d\u00edj\u00e1val. <br \/><strong>Irod.:<\/strong> N\u00fa. (2002. nov. 11)<\/br><\/p>\n","protected":false},"excerpt":{"rendered":"<p>? \u2020\u00a0?: r. k. pap. \u2013 Pl\u00e9b\u00e1nos Sz\u00e1szr\u00e9genben (1989\u20132009). A Fels\u0151marosmente szorv\u00e1nymagyars\u00e1g\u00e1nak szoci\u00e1lis gondoz\u00e1s\u00e1ban el\u00e9rt kimagasl\u00f3 eredm\u00e9nyei\u00e9rt kit\u00fcntett\u00e9k a Mocs\u00e1ry Lajos Alap\u00edtv\u00e1ny d\u00edj\u00e1val. Irod.: N\u00fa. (2002. nov. 11)<\/p>\n","protected":false},"featured_media":0,"comment_status":"open","ping_status":"closed","template":"","meta":[],"product_brand":[],"product_cat":[137],"product_tag":[],"class_list":{"0":"post-17326","1":"product","2":"type-product","3":"status-publish","5":"product_cat-maros-megyei-eletrajzi-lexikon","7":"first","8":"instock","9":"shipping-taxable","10":"product-type-simple"},"_links":{"self":[{"href":"https:\/\/uj.adatbank.ro\/lexikon\/wp-json\/wp\/v2\/product\/17326","targetHints":{"allow":["GET"]}}],"collection":[{"href":"https:\/\/uj.adatbank.ro\/lexikon\/wp-json\/wp\/v2\/product"}],"about":[{"href":"https:\/\/uj.adatbank.ro\/lexikon\/wp-json\/wp\/v2\/types\/product"}],"replies":[{"embeddable":true,"href":"https:\/\/uj.adatbank.ro\/lexikon\/wp-json\/wp\/v2\/comments?post=17326"}],"wp:attachment":[{"href":"https:\/\/uj.adatbank.ro\/lexikon\/wp-json\/wp\/v2\/media?parent=17326"}],"wp:term":[{"taxonomy":"product_brand","embeddable":true,"href":"https:\/\/uj.adatbank.ro\/lexikon\/wp-json\/wp\/v2\/product_brand?post=17326"},{"taxonomy":"product_cat","embeddable":true,"href":"https:\/\/uj.adatbank.ro\/lexikon\/wp-json\/wp\/v2\/product_cat?post=17326"},{"taxonomy":"product_tag","embeddable":true,"href":"https:\/\/uj.adatbank.ro\/lexikon\/wp-json\/wp\/v2\/product_tag?post=17326"}],"curies":[{"name":"wp","href":"https:\/\/api.w.org\/{rel}","templated":true}]}}