{"id":17327,"date":"2025-07-16T10:10:31","date_gmt":"2025-07-16T08:10:31","guid":{"rendered":"https:\/\/uj.adatbank.ro\/lexikon\/termek\/pako-istvan-hatolykai\/"},"modified":"2025-07-16T10:10:31","modified_gmt":"2025-07-16T08:10:31","slug":"pako-istvan-hatolykai","status":"publish","type":"product","link":"https:\/\/uj.adatbank.ro\/lexikon\/termek\/pako-istvan-hatolykai\/","title":{"rendered":"PAK\u00d3 Istv\u00e1n, hatolykai"},"content":{"rendered":"<p>Mv., 1917. febr. 10., \u2020\u00a0Mv., 1999. szept. 12.: igazgat\u00f3- tan\u00edt\u00f3. \u2013 Feles\u00e9ge\u00a0: Moldov\u00e1n Katalin. \u2013 Mv.-en, Cs\u00edkszered\u00e1ban tanult, Kv.-on nyert k\u00e9pes\u00edt\u00e9st. Mez\u0151cs\u00e1v\u00e1son tan\u00edtott (1940\u2013). A II. vh.-ban tart. z\u00e1szl\u00f3si rangban vett r\u00e9szt. Szovjet hadifogs\u00e1gban volt. <br \/><strong>Irod.:<\/strong> Berekm\u00e9ri; Erd\u00e9lyi v\u00e1rmegy\u00e9k; [Nekrol\u00f3g] (N\u00fa., 1999. szept. 14.); <\/br><\/p>\n","protected":false},"excerpt":{"rendered":"<p>Mv., 1917. febr. 10., \u2020\u00a0Mv., 1999. szept. 12.: igazgat\u00f3- tan\u00edt\u00f3. \u2013 Feles\u00e9ge\u00a0: Moldov\u00e1n Katalin. \u2013 Mv.-en, Cs\u00edkszered\u00e1ban tanult, Kv.-on nyert k\u00e9pes\u00edt\u00e9st. Mez\u0151cs\u00e1v\u00e1son tan\u00edtott (1940\u2013). A II. vh.-ban tart. z\u00e1szl\u00f3si rangban vett r\u00e9szt. Szovjet hadifogs\u00e1gban volt. Irod.: Berekm\u00e9ri; Erd\u00e9lyi v\u00e1rmegy\u00e9k; [Nekrol\u00f3g] (N\u00fa., 1999. szept. 14.);<\/p>\n","protected":false},"featured_media":0,"comment_status":"open","ping_status":"closed","template":"","meta":[],"product_brand":[],"product_cat":[137],"product_tag":[],"class_list":{"0":"post-17327","1":"product","2":"type-product","3":"status-publish","5":"product_cat-maros-megyei-eletrajzi-lexikon","7":"first","8":"instock","9":"shipping-taxable","10":"product-type-simple"},"_links":{"self":[{"href":"https:\/\/uj.adatbank.ro\/lexikon\/wp-json\/wp\/v2\/product\/17327","targetHints":{"allow":["GET"]}}],"collection":[{"href":"https:\/\/uj.adatbank.ro\/lexikon\/wp-json\/wp\/v2\/product"}],"about":[{"href":"https:\/\/uj.adatbank.ro\/lexikon\/wp-json\/wp\/v2\/types\/product"}],"replies":[{"embeddable":true,"href":"https:\/\/uj.adatbank.ro\/lexikon\/wp-json\/wp\/v2\/comments?post=17327"}],"wp:attachment":[{"href":"https:\/\/uj.adatbank.ro\/lexikon\/wp-json\/wp\/v2\/media?parent=17327"}],"wp:term":[{"taxonomy":"product_brand","embeddable":true,"href":"https:\/\/uj.adatbank.ro\/lexikon\/wp-json\/wp\/v2\/product_brand?post=17327"},{"taxonomy":"product_cat","embeddable":true,"href":"https:\/\/uj.adatbank.ro\/lexikon\/wp-json\/wp\/v2\/product_cat?post=17327"},{"taxonomy":"product_tag","embeddable":true,"href":"https:\/\/uj.adatbank.ro\/lexikon\/wp-json\/wp\/v2\/product_tag?post=17327"}],"curies":[{"name":"wp","href":"https:\/\/api.w.org\/{rel}","templated":true}]}}