{"id":17328,"date":"2025-07-16T10:10:33","date_gmt":"2025-07-16T08:10:33","guid":{"rendered":"https:\/\/uj.adatbank.ro\/lexikon\/termek\/pakot-fulop-pakcsi\/"},"modified":"2025-07-16T10:10:33","modified_gmt":"2025-07-16T08:10:33","slug":"pakot-fulop-pakcsi","status":"publish","type":"product","link":"https:\/\/uj.adatbank.ro\/lexikon\/termek\/pakot-fulop-pakcsi\/","title":{"rendered":"PAKOT F\u00fcl\u00f6p, Pakcsi"},"content":{"rendered":"<p>1948.\u00a0febr.? \u2020\u00a02008. jan. 18.: \u00fajs\u00e1g\u00edr\u00f3, k\u00f6z\u00f6ns\u00e9gszervez\u0151. \u2013 Sz\u00e9kelyudvarhelyen v\u00e9gzett szakmai iskol\u00e1t, m\u00e1r ekkor sajt\u00f3levelez\u0151 lett, a V. Z. \u2013ba k\u00fcldte cikkeit, \u00f6nk\u00e9ntes IMSZ aktivista. Lakatos szakmunk\u00e1s az udvarhelyi G\u00e1bor \u00c1ron \u00e1llami v\u00e1llalatn\u00e1l. A Mv.-i Nemzeti Sz\u00ednh\u00e1z k\u00f6z\u00f6ns\u00e9gszervez\u0151je (1969\u20132002). K\u00fcls\u0151 munkat\u00e1rsa volt a V. Z. \u00e9s N\u00fa.-nak. <br \/><strong>Irod.:<\/strong> P\u00e1ll Erzs\u00e9bet\u00a0: Az \u00e9lenj\u00e1r\u00f3k sor\u00e1ban (V. Z., 1960. j\u00fal. 29.); [R\u00e9szv\u00e9tnyilv\u00e1n\u00edt\u00e1s] (N\u00fa., 2008. jan.)<\/br><\/p>\n","protected":false},"excerpt":{"rendered":"<p>1948.\u00a0febr.? \u2020\u00a02008. jan. 18.: \u00fajs\u00e1g\u00edr\u00f3, k\u00f6z\u00f6ns\u00e9gszervez\u0151. \u2013 Sz\u00e9kelyudvarhelyen v\u00e9gzett szakmai iskol\u00e1t, m\u00e1r ekkor sajt\u00f3levelez\u0151 lett, a V. Z. \u2013ba k\u00fcldte cikkeit, \u00f6nk\u00e9ntes IMSZ aktivista. Lakatos szakmunk\u00e1s az udvarhelyi G\u00e1bor \u00c1ron \u00e1llami v\u00e1llalatn\u00e1l. A Mv.-i Nemzeti Sz\u00ednh\u00e1z k\u00f6z\u00f6ns\u00e9gszervez\u0151je (1969\u20132002). K\u00fcls\u0151 munkat\u00e1rsa volt a V. Z. \u00e9s N\u00fa.-nak. Irod.: P\u00e1ll Erzs\u00e9bet\u00a0: Az \u00e9lenj\u00e1r\u00f3k sor\u00e1ban (V. Z., 1960. [&hellip;]<\/p>\n","protected":false},"featured_media":0,"comment_status":"open","ping_status":"closed","template":"","meta":[],"product_brand":[],"product_cat":[137],"product_tag":[],"class_list":{"0":"post-17328","1":"product","2":"type-product","3":"status-publish","5":"product_cat-maros-megyei-eletrajzi-lexikon","7":"first","8":"instock","9":"shipping-taxable","10":"product-type-simple"},"_links":{"self":[{"href":"https:\/\/uj.adatbank.ro\/lexikon\/wp-json\/wp\/v2\/product\/17328","targetHints":{"allow":["GET"]}}],"collection":[{"href":"https:\/\/uj.adatbank.ro\/lexikon\/wp-json\/wp\/v2\/product"}],"about":[{"href":"https:\/\/uj.adatbank.ro\/lexikon\/wp-json\/wp\/v2\/types\/product"}],"replies":[{"embeddable":true,"href":"https:\/\/uj.adatbank.ro\/lexikon\/wp-json\/wp\/v2\/comments?post=17328"}],"wp:attachment":[{"href":"https:\/\/uj.adatbank.ro\/lexikon\/wp-json\/wp\/v2\/media?parent=17328"}],"wp:term":[{"taxonomy":"product_brand","embeddable":true,"href":"https:\/\/uj.adatbank.ro\/lexikon\/wp-json\/wp\/v2\/product_brand?post=17328"},{"taxonomy":"product_cat","embeddable":true,"href":"https:\/\/uj.adatbank.ro\/lexikon\/wp-json\/wp\/v2\/product_cat?post=17328"},{"taxonomy":"product_tag","embeddable":true,"href":"https:\/\/uj.adatbank.ro\/lexikon\/wp-json\/wp\/v2\/product_tag?post=17328"}],"curies":[{"name":"wp","href":"https:\/\/api.w.org\/{rel}","templated":true}]}}