{"id":1733,"date":"2025-06-28T11:51:27","date_gmt":"2025-06-28T09:51:27","guid":{"rendered":"https:\/\/uj.adatbank.ro\/lexikon\/termek\/albert-michael-%c2%a7\/"},"modified":"2025-06-28T11:51:27","modified_gmt":"2025-06-28T09:51:27","slug":"albert-michael-%c2%a7","status":"publish","type":"product","link":"https:\/\/uj.adatbank.ro\/lexikon\/termek\/albert-michael-%c2%a7\/","title":{"rendered":"ALBERT Michael, \u00a7"},"content":{"rendered":"<p>Apold, 1836. okt. 21., \u2020 Segesv\u00e1r, 1893. \u00e1pr. 21.: sz\u00e1sz tan\u00e1r, k\u00f6lt\u0151. \u2013 Fr. M\u00fcller p\u00fcsp\u00f6k testv\u00e9r\u00e9t vette feles\u00e9g\u00fcl (1863). \u2013 Az elemi iskol\u00e1t sz\u00fcl\u0151faluj\u00e1ban, az ev. gimn.-ot Segesv\u00e1ron v\u00e9gezte (1847\u201357), filoz\u00f3fi\u00e1t \u00e9s teol\u00f3gi\u00e1t a j\u00e9nai egyetem hittudom\u00e1nyi kar\u00e1n (1857. okt. 9.\u2013), teol\u00f3gi\u00e1t \u00e9s germanisztik\u00e1t Berlinben (1858. okt. 16.\u201359. j\u00fal. 30), B\u00e9csben (1859.okt. 5.\u201360. m\u00e1rc.28.) tanult. Hazat\u00e9rve a besztercei ev. gimn.-ban tan\u00edtott (1860\u2013), majd a segesv\u00e1ri ev. sz\u00e1sz gimn.-ban (1861\u201393), emellett a segesv\u00e1ri ev. tan\u00edt\u00f3k\u00e9pz\u0151 igazgat\u00f3ja volt (1878\u201392). Jelent\u0151s szerepet t\u00f6lt\u00f6tt be Segesv\u00e1ron az Askalon nev\u0171 helyi egyes\u00fclet l\u00e9trehoz\u00e1s\u00e1ban, fejleszt\u00e9s\u00e9ben \u00e9s h\u00edrnev\u00e9nek n\u00f6vel\u00e9s\u00e9ben. A segesv\u00e1ri h\u00e1za (19. sz.-ban \u00e9p\u00fclt), ma a \u201eB\u201d kateg\u00f3ri\u00e1ba tartoz\u00f3 m\u0171eml\u00e9k (Doja Gh. u. 23.). Feles\u00e9g\u00e9vel kir\u00e1ndul\u00e1sokat tett Erd\u00e9ly szerte, N\u00e9meto.-ban \u00e9s Sv\u00e1jcban. Novell\u00e1k, t\u00e1rc\u00e1k, versek, sz\u00edndarabok szerz\u0151je volt. Az erd\u00e9lyi sz\u00e1sz irodalomt\u00f6rt\u00e9net meg\u00edr\u00e1s\u00e1ra t\u00f6rekedett. A Das Rosetum Franckianum tanulm\u00e1ny\u00e1val, a korabeli irodalomhoz kritikusan viszonyult. \u00cdr\u00e1sai, cikkei megjelentek: Der S\u00e4chsische Hausfreund, Hermanst\u00e4dtar Zeitung, Siebenb\u00fcrgisch-Deutsches Wochenblatt, Siebenb\u00fcrgisch-Deutsches Tagblatt, Sch\u00e4ssburger Kalender, Schul- und Kirchenbote, Neuer Volkskalender, Illustr. Fremdenbl. Sz\u00e9kfoglalkoz\u00f3j\u00e1t a segesv\u00e1ri ev. gimn. \u00c9rtes\u00edt\u0151-j\u00e9ben k\u00f6z\u00f6lte (1872\/73). T\u00f6bb verse a Gesangbuch ev. \u00e9nekesk\u00f6nyvben (Nagyszeben, 1898). \u2013 <strong>F. m.:<\/strong> Die Dorfschule (Nagyszeben, 1866); Die Kandidaten (Nagyszeben, 1872); Traugott (Nagyszeben, 1874); Klotz und Trotz (Segesv\u00e1r, 1881); Das Rosetum Franckianum (Segesv\u00e1r, 1882); Die Flandrer am Alt Hist. Schauspiel (Leipzig, 1883, Nagyszeben, 1912, 1923); Harteneck (Hermannstadt, 1886); Angelina, oder die T\u00fcrken vor Sch\u00e4ssburg (Segesv\u00e1r, 1887, 1891, 1913); Altes und Neues Gesammelte siebenb\u00fcrgisch s\u00e4chsische Erz\u00e4hlungen (Nagyszeben, 1890); Aus meinem Reisetagebuch (Nagyszeben, 1892); Ulrich von Hutten: T\u00f6rt\u00e9nelmi dr\u00e1ma (Nagyszeben, 1893, bemutatt\u00e1k 1894-ben); Gedichte (Nagyszeben, 1893, 1937); Aufgabe und Lehrgang des deutschen Sprachunterricht in unserer Volksschule (Nagyszeben, 1899); Ausgew\u00e4hlte Schriften (Buk., 1966); Michael Albert Gedichte und Prosa (M\u00fcnchen, 1986); Sezia: Romantikus opera (Segesv\u00e1r, 1994); K\u00e9zirata: Karl XII.: Szomor\u00faj\u00e1t\u00e9k (1860); In der obersten Baiergasse: Boh\u00f3zat (bemutatt\u00e1k Segesv\u00e1rt, 1877); Im Hotel Stern: Boh\u00f3zat (bemutatt\u00e1k Segesv\u00e1r, 1878); Ein Vereinsgast: Boh\u00f3zat (bemutatt\u00e1k Segesv\u00e1rt, 1878); Rettung durch die Feuerwehr: Boh\u00f3zat (bemutatt\u00e1k Segesv\u00e1rt, 1883). <br \/><strong>Irod.:<\/strong> Czir\u00e1ki Zsuzsanna: Az erd\u00e9lyi sz\u00e1szok t\u00f6rt\u00e9nete \u2013 Erd\u00e9lyi sz\u00e1sz irodalomt\u00f6rt\u00e9net (Koz\u00e1rmisleny, 2006); Deutsch-Ungarische Begegnungen (Bp., 1943); Guly\u00e1s; [Gy\u00e1szh\u00edr] (Marosv\u00e1s\u00e1rhely, 1893. \u00e1pr. 26.); Leixner Otto: Geschichte der Deutschen Literatur (Leipzig, 1910); LSS; M\u00e1ln\u00e1si; A mo.-i k\u00f6z\u00e9piskol\u00e1kban 1850\u201355 megjelent \u00f6sszes program\u00e9rtekez\u00e9seknek repert\u00f3riuma (Bp., 1887); Pint\u00e9r; Profiluri mure\u015fene. 2.; RNL; S\u00e2n Giorgiu, Ion: Aspecte literare (Sibiu, 1938); Szab\u00f3\u2013Simon\u2013Sz\u00f6gi; Szinnyei; Valori mure\u015fene de patrimoniu<\/br><\/p>\n","protected":false},"excerpt":{"rendered":"<p>Apold, 1836. okt. 21., \u2020 Segesv\u00e1r, 1893. \u00e1pr. 21.: sz\u00e1sz tan\u00e1r, k\u00f6lt\u0151. \u2013 Fr. M\u00fcller p\u00fcsp\u00f6k testv\u00e9r\u00e9t vette feles\u00e9g\u00fcl (1863). \u2013 Az elemi iskol\u00e1t sz\u00fcl\u0151faluj\u00e1ban, az ev. gimn.-ot Segesv\u00e1ron v\u00e9gezte (1847\u201357), filoz\u00f3fi\u00e1t \u00e9s teol\u00f3gi\u00e1t a j\u00e9nai egyetem hittudom\u00e1nyi kar\u00e1n (1857. okt. 9.\u2013), teol\u00f3gi\u00e1t \u00e9s germanisztik\u00e1t Berlinben (1858. okt. 16.\u201359. j\u00fal. 30), B\u00e9csben (1859.okt. 5.\u201360. m\u00e1rc.28.) [&hellip;]<\/p>\n","protected":false},"featured_media":0,"comment_status":"open","ping_status":"closed","template":"","meta":[],"product_brand":[],"product_cat":[137],"product_tag":[],"class_list":{"0":"post-1733","1":"product","2":"type-product","3":"status-publish","5":"product_cat-maros-megyei-eletrajzi-lexikon","7":"first","8":"instock","9":"shipping-taxable","10":"product-type-simple"},"_links":{"self":[{"href":"https:\/\/uj.adatbank.ro\/lexikon\/wp-json\/wp\/v2\/product\/1733","targetHints":{"allow":["GET"]}}],"collection":[{"href":"https:\/\/uj.adatbank.ro\/lexikon\/wp-json\/wp\/v2\/product"}],"about":[{"href":"https:\/\/uj.adatbank.ro\/lexikon\/wp-json\/wp\/v2\/types\/product"}],"replies":[{"embeddable":true,"href":"https:\/\/uj.adatbank.ro\/lexikon\/wp-json\/wp\/v2\/comments?post=1733"}],"wp:attachment":[{"href":"https:\/\/uj.adatbank.ro\/lexikon\/wp-json\/wp\/v2\/media?parent=1733"}],"wp:term":[{"taxonomy":"product_brand","embeddable":true,"href":"https:\/\/uj.adatbank.ro\/lexikon\/wp-json\/wp\/v2\/product_brand?post=1733"},{"taxonomy":"product_cat","embeddable":true,"href":"https:\/\/uj.adatbank.ro\/lexikon\/wp-json\/wp\/v2\/product_cat?post=1733"},{"taxonomy":"product_tag","embeddable":true,"href":"https:\/\/uj.adatbank.ro\/lexikon\/wp-json\/wp\/v2\/product_tag?post=1733"}],"curies":[{"name":"wp","href":"https:\/\/api.w.org\/{rel}","templated":true}]}}