{"id":17337,"date":"2025-07-16T10:10:55","date_gmt":"2025-07-16T08:10:55","guid":{"rendered":"https:\/\/uj.adatbank.ro\/lexikon\/termek\/pal-4\/"},"modified":"2025-07-16T10:10:55","modified_gmt":"2025-07-16T08:10:55","slug":"pal-4","status":"publish","type":"product","link":"https:\/\/uj.adatbank.ro\/lexikon\/termek\/pal-4\/","title":{"rendered":"P\u00c1L"},"content":{"rendered":"<p>? \u2020\u00a0?: r. k. pap. \u2013 A magyarf\u00fclp\u00f6si pl\u00e9b\u00e1niatemplom papja (1332), fizette a p\u00e1pai tizedet (1332\u201335). <br \/><strong>Irod.:<\/strong> Ferenczi S\u00e1ndor 2009; Keresztes Gyula: Templomaink 25.: A magyarf\u00fclp\u00f6si k\u00f6z\u00e9pkori templom (N\u00fa., 1999. m\u00e1rc. 27.); L\u00e9sty\u00e1n \u2013 templomok 1.; Magyarf\u00fclp\u00f6s<\/br><\/p>\n","protected":false},"excerpt":{"rendered":"<p>? \u2020\u00a0?: r. k. pap. \u2013 A magyarf\u00fclp\u00f6si pl\u00e9b\u00e1niatemplom papja (1332), fizette a p\u00e1pai tizedet (1332\u201335). Irod.: Ferenczi S\u00e1ndor 2009; Keresztes Gyula: Templomaink 25.: A magyarf\u00fclp\u00f6si k\u00f6z\u00e9pkori templom (N\u00fa., 1999. m\u00e1rc. 27.); L\u00e9sty\u00e1n \u2013 templomok 1.; Magyarf\u00fclp\u00f6s<\/p>\n","protected":false},"featured_media":0,"comment_status":"open","ping_status":"closed","template":"","meta":[],"product_brand":[],"product_cat":[137],"product_tag":[],"class_list":{"0":"post-17337","1":"product","2":"type-product","3":"status-publish","5":"product_cat-maros-megyei-eletrajzi-lexikon","7":"first","8":"instock","9":"shipping-taxable","10":"product-type-simple"},"_links":{"self":[{"href":"https:\/\/uj.adatbank.ro\/lexikon\/wp-json\/wp\/v2\/product\/17337","targetHints":{"allow":["GET"]}}],"collection":[{"href":"https:\/\/uj.adatbank.ro\/lexikon\/wp-json\/wp\/v2\/product"}],"about":[{"href":"https:\/\/uj.adatbank.ro\/lexikon\/wp-json\/wp\/v2\/types\/product"}],"replies":[{"embeddable":true,"href":"https:\/\/uj.adatbank.ro\/lexikon\/wp-json\/wp\/v2\/comments?post=17337"}],"wp:attachment":[{"href":"https:\/\/uj.adatbank.ro\/lexikon\/wp-json\/wp\/v2\/media?parent=17337"}],"wp:term":[{"taxonomy":"product_brand","embeddable":true,"href":"https:\/\/uj.adatbank.ro\/lexikon\/wp-json\/wp\/v2\/product_brand?post=17337"},{"taxonomy":"product_cat","embeddable":true,"href":"https:\/\/uj.adatbank.ro\/lexikon\/wp-json\/wp\/v2\/product_cat?post=17337"},{"taxonomy":"product_tag","embeddable":true,"href":"https:\/\/uj.adatbank.ro\/lexikon\/wp-json\/wp\/v2\/product_tag?post=17337"}],"curies":[{"name":"wp","href":"https:\/\/api.w.org\/{rel}","templated":true}]}}