{"id":1735,"date":"2025-06-28T11:51:32","date_gmt":"2025-06-28T09:51:32","guid":{"rendered":"https:\/\/uj.adatbank.ro\/lexikon\/termek\/albert-mihaly-2\/"},"modified":"2025-06-28T11:51:32","modified_gmt":"2025-06-28T09:51:32","slug":"albert-mihaly-2","status":"publish","type":"product","link":"https:\/\/uj.adatbank.ro\/lexikon\/termek\/albert-mihaly-2\/","title":{"rendered":"ALBERT Mih\u00e1ly"},"content":{"rendered":"<p>Cs\u00edkszentm\u00e1rton, 1832. okt. 2.,\u2020.K\u00e1szon\u00fajfalu, 1902. m\u00e1j. 18.: r. k. pap, tan\u00e1r. \u2013 A gimn.-ot Cs\u00edksomly\u00f3n \u00e9s Sz\u00e9kelyudvarhelyen, teol. tanulm\u00e1nyait Gyulafeh\u00e9rv\u00e1ron v\u00e9gezte. Papp\u00e1 szentelt\u00e9k (1859. j\u00fal. 24.). K\u00e1pl\u00e1n Bar\u00f3ton, Gimn.-i tan\u00e1r Mv.-en (1862\u201364). K\u00e1pl\u00e1nk\u00e9nt szolg\u00e1lt Sz\u00e9kelyhodoson (1864\u2013), Szentegyh\u00e1zasfaluban (1866\u2013), Cs\u00edkszentimr\u00e9n (1868\u2013), Sz\u00e9kelyv\u00e9ck\u00e9n (1873\u2013), Sz\u00e9kelyudvarhelyen (1876\u2013). Lelkip\u00e1sztor Sz\u00e9kelyk\u00e1lon (1877\u2013), Bal\u00e1nb\u00e1ny\u00e1n nyugd\u00edjaz\u00e1s\u00e1ig (1881\u201385). <br \/><strong>Irod.:<\/strong> Ferenczi S\u00e1ndor 2009<\/br><\/p>\n","protected":false},"excerpt":{"rendered":"<p>Cs\u00edkszentm\u00e1rton, 1832. okt. 2.,\u2020.K\u00e1szon\u00fajfalu, 1902. m\u00e1j. 18.: r. k. pap, tan\u00e1r. \u2013 A gimn.-ot Cs\u00edksomly\u00f3n \u00e9s Sz\u00e9kelyudvarhelyen, teol. tanulm\u00e1nyait Gyulafeh\u00e9rv\u00e1ron v\u00e9gezte. Papp\u00e1 szentelt\u00e9k (1859. j\u00fal. 24.). K\u00e1pl\u00e1n Bar\u00f3ton, Gimn.-i tan\u00e1r Mv.-en (1862\u201364). K\u00e1pl\u00e1nk\u00e9nt szolg\u00e1lt Sz\u00e9kelyhodoson (1864\u2013), Szentegyh\u00e1zasfaluban (1866\u2013), Cs\u00edkszentimr\u00e9n (1868\u2013), Sz\u00e9kelyv\u00e9ck\u00e9n (1873\u2013), Sz\u00e9kelyudvarhelyen (1876\u2013). Lelkip\u00e1sztor Sz\u00e9kelyk\u00e1lon (1877\u2013), Bal\u00e1nb\u00e1ny\u00e1n nyugd\u00edjaz\u00e1s\u00e1ig (1881\u201385). Irod.: Ferenczi S\u00e1ndor 2009<\/p>\n","protected":false},"featured_media":0,"comment_status":"open","ping_status":"closed","template":"","meta":[],"product_brand":[],"product_cat":[137],"product_tag":[],"class_list":{"0":"post-1735","1":"product","2":"type-product","3":"status-publish","5":"product_cat-maros-megyei-eletrajzi-lexikon","7":"first","8":"instock","9":"shipping-taxable","10":"product-type-simple"},"_links":{"self":[{"href":"https:\/\/uj.adatbank.ro\/lexikon\/wp-json\/wp\/v2\/product\/1735","targetHints":{"allow":["GET"]}}],"collection":[{"href":"https:\/\/uj.adatbank.ro\/lexikon\/wp-json\/wp\/v2\/product"}],"about":[{"href":"https:\/\/uj.adatbank.ro\/lexikon\/wp-json\/wp\/v2\/types\/product"}],"replies":[{"embeddable":true,"href":"https:\/\/uj.adatbank.ro\/lexikon\/wp-json\/wp\/v2\/comments?post=1735"}],"wp:attachment":[{"href":"https:\/\/uj.adatbank.ro\/lexikon\/wp-json\/wp\/v2\/media?parent=1735"}],"wp:term":[{"taxonomy":"product_brand","embeddable":true,"href":"https:\/\/uj.adatbank.ro\/lexikon\/wp-json\/wp\/v2\/product_brand?post=1735"},{"taxonomy":"product_cat","embeddable":true,"href":"https:\/\/uj.adatbank.ro\/lexikon\/wp-json\/wp\/v2\/product_cat?post=1735"},{"taxonomy":"product_tag","embeddable":true,"href":"https:\/\/uj.adatbank.ro\/lexikon\/wp-json\/wp\/v2\/product_tag?post=1735"}],"curies":[{"name":"wp","href":"https:\/\/api.w.org\/{rel}","templated":true}]}}