{"id":17356,"date":"2025-07-16T10:11:32","date_gmt":"2025-07-16T08:11:32","guid":{"rendered":"https:\/\/uj.adatbank.ro\/lexikon\/termek\/pal-andras-%c2%a7\/"},"modified":"2025-07-16T10:11:32","modified_gmt":"2025-07-16T08:11:32","slug":"pal-andras-%c2%a7","status":"publish","type":"product","link":"https:\/\/uj.adatbank.ro\/lexikon\/termek\/pal-andras-%c2%a7\/","title":{"rendered":"P\u00c1L Andr\u00e1s, \u00a7"},"content":{"rendered":"<p>Szov\u00e1ta, 1931. dec. 20. \u2020\u00a0Nagys\u00e1rm\u00e1s, 1987. febr. 18.: orvos. \u2013 Feles\u00e9ge: Jakab Annam\u00e1ria. \u2013 A MOGYI orvosi szak\u00e1n v\u00e9gzett (1961). Nagys\u00e1rm\u00e1sra ker\u00fclt k\u00f6rorvosnak (1961\u2013). Marokk\u00f3ban dolgozott (1974\u201379). Belgy\u00f3gy\u00e1sz szakorvos, a s\u00e1rm\u00e1si k\u00f3rh\u00e1z igazgat\u00f3ja \u00e9s a k\u00f6zs\u00e9g f\u0151orvosa. <br \/><strong>Irod.:<\/strong> B\u00e9rczes Judit; Dr. P. A.[Nekrol\u00f3g] (V. Z., 1987. febr. 20.)<\/br><\/p>\n","protected":false},"excerpt":{"rendered":"<p>Szov\u00e1ta, 1931. dec. 20. \u2020\u00a0Nagys\u00e1rm\u00e1s, 1987. febr. 18.: orvos. \u2013 Feles\u00e9ge: Jakab Annam\u00e1ria. \u2013 A MOGYI orvosi szak\u00e1n v\u00e9gzett (1961). Nagys\u00e1rm\u00e1sra ker\u00fclt k\u00f6rorvosnak (1961\u2013). Marokk\u00f3ban dolgozott (1974\u201379). Belgy\u00f3gy\u00e1sz szakorvos, a s\u00e1rm\u00e1si k\u00f3rh\u00e1z igazgat\u00f3ja \u00e9s a k\u00f6zs\u00e9g f\u0151orvosa. Irod.: B\u00e9rczes Judit; Dr. P. A.[Nekrol\u00f3g] (V. Z., 1987. febr. 20.)<\/p>\n","protected":false},"featured_media":0,"comment_status":"open","ping_status":"closed","template":"","meta":[],"product_brand":[],"product_cat":[137],"product_tag":[],"class_list":{"0":"post-17356","1":"product","2":"type-product","3":"status-publish","5":"product_cat-maros-megyei-eletrajzi-lexikon","7":"first","8":"instock","9":"shipping-taxable","10":"product-type-simple"},"_links":{"self":[{"href":"https:\/\/uj.adatbank.ro\/lexikon\/wp-json\/wp\/v2\/product\/17356","targetHints":{"allow":["GET"]}}],"collection":[{"href":"https:\/\/uj.adatbank.ro\/lexikon\/wp-json\/wp\/v2\/product"}],"about":[{"href":"https:\/\/uj.adatbank.ro\/lexikon\/wp-json\/wp\/v2\/types\/product"}],"replies":[{"embeddable":true,"href":"https:\/\/uj.adatbank.ro\/lexikon\/wp-json\/wp\/v2\/comments?post=17356"}],"wp:attachment":[{"href":"https:\/\/uj.adatbank.ro\/lexikon\/wp-json\/wp\/v2\/media?parent=17356"}],"wp:term":[{"taxonomy":"product_brand","embeddable":true,"href":"https:\/\/uj.adatbank.ro\/lexikon\/wp-json\/wp\/v2\/product_brand?post=17356"},{"taxonomy":"product_cat","embeddable":true,"href":"https:\/\/uj.adatbank.ro\/lexikon\/wp-json\/wp\/v2\/product_cat?post=17356"},{"taxonomy":"product_tag","embeddable":true,"href":"https:\/\/uj.adatbank.ro\/lexikon\/wp-json\/wp\/v2\/product_tag?post=17356"}],"curies":[{"name":"wp","href":"https:\/\/api.w.org\/{rel}","templated":true}]}}