{"id":17358,"date":"2025-07-16T10:11:36","date_gmt":"2025-07-16T08:11:36","guid":{"rendered":"https:\/\/uj.adatbank.ro\/lexikon\/termek\/pal-balazs-lajos\/"},"modified":"2025-07-16T10:11:36","modified_gmt":"2025-07-16T08:11:36","slug":"pal-balazs-lajos","status":"publish","type":"product","link":"https:\/\/uj.adatbank.ro\/lexikon\/termek\/pal-balazs-lajos\/","title":{"rendered":"P\u00c1L Bal\u00e1zs Lajos"},"content":{"rendered":"<p>Gyergy\u00f3remete, 1887., \u2020\u00a0?: \u00e1csmester, gazd\u00e1lkod\u00f3. \u2013 Iskol\u00e1it sz\u00fcl\u0151faluj\u00e1ban \u00e9s Gyergy\u00f3szentmikl\u00f3son v\u00e9gezte, majd \u00f6n\u00e1ll\u00f3 \u00e1csmester lett Harc\u00f3n, saj\u00e1t f\u00f6ldj\u00e9n gazd\u00e1lkodott is. Az els\u0151 vh.-ban a 12. \u00e1rk\u00e1sz \u00e9s hid\u00e1sz z\u00e1szl\u00f3aljban az olasz fronton harcolt megsebes\u00fclt \u00e9s rokkantan t\u00e9rt haza mint tizedes, megkapta a II. ez\u00fcst, a bronz v. \u00e9. \u00e9s a K\u00e1roly Csapatkersztet. A k\u00f6zs\u00e9g tan\u00e1csosa, tekint\u00e9lyes polg\u00e1r, a MP tagja volt. <br \/><strong>Irod.:<\/strong> Sz\u00e9kelyf\u00f6ld \u00ed.k.<\/br><\/p>\n","protected":false},"excerpt":{"rendered":"<p>Gyergy\u00f3remete, 1887., \u2020\u00a0?: \u00e1csmester, gazd\u00e1lkod\u00f3. \u2013 Iskol\u00e1it sz\u00fcl\u0151faluj\u00e1ban \u00e9s Gyergy\u00f3szentmikl\u00f3son v\u00e9gezte, majd \u00f6n\u00e1ll\u00f3 \u00e1csmester lett Harc\u00f3n, saj\u00e1t f\u00f6ldj\u00e9n gazd\u00e1lkodott is. Az els\u0151 vh.-ban a 12. \u00e1rk\u00e1sz \u00e9s hid\u00e1sz z\u00e1szl\u00f3aljban az olasz fronton harcolt megsebes\u00fclt \u00e9s rokkantan t\u00e9rt haza mint tizedes, megkapta a II. ez\u00fcst, a bronz v. \u00e9. \u00e9s a K\u00e1roly Csapatkersztet. A k\u00f6zs\u00e9g tan\u00e1csosa, [&hellip;]<\/p>\n","protected":false},"featured_media":0,"comment_status":"open","ping_status":"closed","template":"","meta":[],"product_brand":[],"product_cat":[137],"product_tag":[],"class_list":{"0":"post-17358","1":"product","2":"type-product","3":"status-publish","5":"product_cat-maros-megyei-eletrajzi-lexikon","7":"first","8":"instock","9":"shipping-taxable","10":"product-type-simple"},"_links":{"self":[{"href":"https:\/\/uj.adatbank.ro\/lexikon\/wp-json\/wp\/v2\/product\/17358","targetHints":{"allow":["GET"]}}],"collection":[{"href":"https:\/\/uj.adatbank.ro\/lexikon\/wp-json\/wp\/v2\/product"}],"about":[{"href":"https:\/\/uj.adatbank.ro\/lexikon\/wp-json\/wp\/v2\/types\/product"}],"replies":[{"embeddable":true,"href":"https:\/\/uj.adatbank.ro\/lexikon\/wp-json\/wp\/v2\/comments?post=17358"}],"wp:attachment":[{"href":"https:\/\/uj.adatbank.ro\/lexikon\/wp-json\/wp\/v2\/media?parent=17358"}],"wp:term":[{"taxonomy":"product_brand","embeddable":true,"href":"https:\/\/uj.adatbank.ro\/lexikon\/wp-json\/wp\/v2\/product_brand?post=17358"},{"taxonomy":"product_cat","embeddable":true,"href":"https:\/\/uj.adatbank.ro\/lexikon\/wp-json\/wp\/v2\/product_cat?post=17358"},{"taxonomy":"product_tag","embeddable":true,"href":"https:\/\/uj.adatbank.ro\/lexikon\/wp-json\/wp\/v2\/product_tag?post=17358"}],"curies":[{"name":"wp","href":"https:\/\/api.w.org\/{rel}","templated":true}]}}