{"id":1736,"date":"2025-06-28T11:51:36","date_gmt":"2025-06-28T09:51:36","guid":{"rendered":"https:\/\/uj.adatbank.ro\/lexikon\/termek\/albert-miklos\/"},"modified":"2025-06-28T11:51:36","modified_gmt":"2025-06-28T09:51:36","slug":"albert-miklos","status":"publish","type":"product","link":"https:\/\/uj.adatbank.ro\/lexikon\/termek\/albert-miklos\/","title":{"rendered":"ALBERT Mikl\u00f3s"},"content":{"rendered":"<p>? \u2020\u00a0?: ref. lelk\u00e9sz. \u2013 Sz\u00e9kelycs\u00f3k\u00e1ban szolg\u00e1lt (1897\u20131921). Nev\u00e9hez f\u0171z\u0151dik a papilak (1901) \u00e9s a tan\u00edt\u00f3i lak\u00e1s \u00e9p\u00fclet\u00e9nek b\u0151v\u00edt\u00e9se (1911), a ref. templom orgon\u00e1j\u00e1nak a beszereltet\u00e9se (1912). Megkezdte \u00e9s rendszeres bejegyz\u00e9seket v\u00e9gzett az Aranyk\u00f6nyv-be, amely a falu n\u00e9pess\u00e9gi adatait \u00f6sszes\u00edtette, t\u00fckr\u00f6zve a falu gyors elsorvad\u00e1s\u00e1t. <br \/><strong>Irod.:<\/strong> Sz\u00e9kelycs\u00f3ka<\/br><\/p>\n","protected":false},"excerpt":{"rendered":"<p>? \u2020\u00a0?: ref. lelk\u00e9sz. \u2013 Sz\u00e9kelycs\u00f3k\u00e1ban szolg\u00e1lt (1897\u20131921). Nev\u00e9hez f\u0171z\u0151dik a papilak (1901) \u00e9s a tan\u00edt\u00f3i lak\u00e1s \u00e9p\u00fclet\u00e9nek b\u0151v\u00edt\u00e9se (1911), a ref. templom orgon\u00e1j\u00e1nak a beszereltet\u00e9se (1912). Megkezdte \u00e9s rendszeres bejegyz\u00e9seket v\u00e9gzett az Aranyk\u00f6nyv-be, amely a falu n\u00e9pess\u00e9gi adatait \u00f6sszes\u00edtette, t\u00fckr\u00f6zve a falu gyors elsorvad\u00e1s\u00e1t. Irod.: Sz\u00e9kelycs\u00f3ka<\/p>\n","protected":false},"featured_media":0,"comment_status":"open","ping_status":"closed","template":"","meta":[],"product_brand":[],"product_cat":[137],"product_tag":[],"class_list":{"0":"post-1736","1":"product","2":"type-product","3":"status-publish","5":"product_cat-maros-megyei-eletrajzi-lexikon","7":"first","8":"instock","9":"shipping-taxable","10":"product-type-simple"},"_links":{"self":[{"href":"https:\/\/uj.adatbank.ro\/lexikon\/wp-json\/wp\/v2\/product\/1736","targetHints":{"allow":["GET"]}}],"collection":[{"href":"https:\/\/uj.adatbank.ro\/lexikon\/wp-json\/wp\/v2\/product"}],"about":[{"href":"https:\/\/uj.adatbank.ro\/lexikon\/wp-json\/wp\/v2\/types\/product"}],"replies":[{"embeddable":true,"href":"https:\/\/uj.adatbank.ro\/lexikon\/wp-json\/wp\/v2\/comments?post=1736"}],"wp:attachment":[{"href":"https:\/\/uj.adatbank.ro\/lexikon\/wp-json\/wp\/v2\/media?parent=1736"}],"wp:term":[{"taxonomy":"product_brand","embeddable":true,"href":"https:\/\/uj.adatbank.ro\/lexikon\/wp-json\/wp\/v2\/product_brand?post=1736"},{"taxonomy":"product_cat","embeddable":true,"href":"https:\/\/uj.adatbank.ro\/lexikon\/wp-json\/wp\/v2\/product_cat?post=1736"},{"taxonomy":"product_tag","embeddable":true,"href":"https:\/\/uj.adatbank.ro\/lexikon\/wp-json\/wp\/v2\/product_tag?post=1736"}],"curies":[{"name":"wp","href":"https:\/\/api.w.org\/{rel}","templated":true}]}}