{"id":17362,"date":"2025-07-16T10:11:49","date_gmt":"2025-07-16T08:11:49","guid":{"rendered":"https:\/\/uj.adatbank.ro\/lexikon\/termek\/pal-denes-g\/"},"modified":"2025-07-16T10:11:49","modified_gmt":"2025-07-16T08:11:49","slug":"pal-denes-g","status":"publish","type":"product","link":"https:\/\/uj.adatbank.ro\/lexikon\/termek\/pal-denes-g\/","title":{"rendered":"P\u00c1L D\u00e9nes G."},"content":{"rendered":"<p>? \u2020\u00a0?: f\u00f6ldm\u0171ves Szov\u00e1t\u00e1n. \u2013 Az els\u0151 vh.-ban az olasz \u00e9s az orosz fronton harcolt. Az imp\u00e9rium v\u00e1lt\u00e1s ut\u00e1n r\u00e9szt vett a szov\u00e1tai felkel\u00e9sben, letart\u00f3ztatt\u00e1k.-<br \/><strong>Irod.:<\/strong> Visnai<\/br><\/p>\n","protected":false},"excerpt":{"rendered":"<p>? \u2020\u00a0?: f\u00f6ldm\u0171ves Szov\u00e1t\u00e1n. \u2013 Az els\u0151 vh.-ban az olasz \u00e9s az orosz fronton harcolt. Az imp\u00e9rium v\u00e1lt\u00e1s ut\u00e1n r\u00e9szt vett a szov\u00e1tai felkel\u00e9sben, letart\u00f3ztatt\u00e1k.-Irod.: Visnai<\/p>\n","protected":false},"featured_media":0,"comment_status":"open","ping_status":"closed","template":"","meta":[],"product_brand":[],"product_cat":[137],"product_tag":[],"class_list":{"0":"post-17362","1":"product","2":"type-product","3":"status-publish","5":"product_cat-maros-megyei-eletrajzi-lexikon","7":"first","8":"instock","9":"shipping-taxable","10":"product-type-simple"},"_links":{"self":[{"href":"https:\/\/uj.adatbank.ro\/lexikon\/wp-json\/wp\/v2\/product\/17362","targetHints":{"allow":["GET"]}}],"collection":[{"href":"https:\/\/uj.adatbank.ro\/lexikon\/wp-json\/wp\/v2\/product"}],"about":[{"href":"https:\/\/uj.adatbank.ro\/lexikon\/wp-json\/wp\/v2\/types\/product"}],"replies":[{"embeddable":true,"href":"https:\/\/uj.adatbank.ro\/lexikon\/wp-json\/wp\/v2\/comments?post=17362"}],"wp:attachment":[{"href":"https:\/\/uj.adatbank.ro\/lexikon\/wp-json\/wp\/v2\/media?parent=17362"}],"wp:term":[{"taxonomy":"product_brand","embeddable":true,"href":"https:\/\/uj.adatbank.ro\/lexikon\/wp-json\/wp\/v2\/product_brand?post=17362"},{"taxonomy":"product_cat","embeddable":true,"href":"https:\/\/uj.adatbank.ro\/lexikon\/wp-json\/wp\/v2\/product_cat?post=17362"},{"taxonomy":"product_tag","embeddable":true,"href":"https:\/\/uj.adatbank.ro\/lexikon\/wp-json\/wp\/v2\/product_tag?post=17362"}],"curies":[{"name":"wp","href":"https:\/\/api.w.org\/{rel}","templated":true}]}}