{"id":17363,"date":"2025-07-16T10:11:53","date_gmt":"2025-07-16T08:11:53","guid":{"rendered":"https:\/\/uj.adatbank.ro\/lexikon\/termek\/pal-domokos\/"},"modified":"2025-07-16T10:11:53","modified_gmt":"2025-07-16T08:11:53","slug":"pal-domokos","status":"publish","type":"product","link":"https:\/\/uj.adatbank.ro\/lexikon\/termek\/pal-domokos\/","title":{"rendered":"P\u00c1L Domokos"},"content":{"rendered":"<p>Cs\u00edkmenas\u00e1g, 1903. febr. 28., \u2020\u00a0K\u00e9zdiszentl\u00e9lek, 1984. m\u00e1j. 12.: r. k. pap. \u2013 Cs\u00edkszered\u00e1ban, Debrecenben \u00e9s Gyulafeh\u00e1rv\u00e1ron tanult, itt szentelt\u00e9k papp\u00e1 (1927. j\u00fan. 11.). K\u00e1pl\u00e1n Gyergy\u00f3remet\u00e9n, Lup\u00e9nyban. Pl\u00e9b\u00e1nos K\u00e9zdiszentl\u00e9leken, Tusn\u00e1don, majd Szentdemeteren \u00e9s Kadicsfalv\u00e1n nyugd\u00edjaz\u00e1s\u00e1ig (1950\u201380). A kommunista hat\u00f3s\u00e1gok t\u00f6bbsz\u00f6r elhurcolt\u00e1k, vizsg\u00e1lati fogs\u00e1gban, b\u00f6rt\u00f6nben volt. <br \/><strong>Irod.:<\/strong> Ferenczi S\u00e1ndor 2009<\/br><\/p>\n","protected":false},"excerpt":{"rendered":"<p>Cs\u00edkmenas\u00e1g, 1903. febr. 28., \u2020\u00a0K\u00e9zdiszentl\u00e9lek, 1984. m\u00e1j. 12.: r. k. pap. \u2013 Cs\u00edkszered\u00e1ban, Debrecenben \u00e9s Gyulafeh\u00e1rv\u00e1ron tanult, itt szentelt\u00e9k papp\u00e1 (1927. j\u00fan. 11.). K\u00e1pl\u00e1n Gyergy\u00f3remet\u00e9n, Lup\u00e9nyban. Pl\u00e9b\u00e1nos K\u00e9zdiszentl\u00e9leken, Tusn\u00e1don, majd Szentdemeteren \u00e9s Kadicsfalv\u00e1n nyugd\u00edjaz\u00e1s\u00e1ig (1950\u201380). A kommunista hat\u00f3s\u00e1gok t\u00f6bbsz\u00f6r elhurcolt\u00e1k, vizsg\u00e1lati fogs\u00e1gban, b\u00f6rt\u00f6nben volt. Irod.: Ferenczi S\u00e1ndor 2009<\/p>\n","protected":false},"featured_media":0,"comment_status":"open","ping_status":"closed","template":"","meta":[],"product_brand":[],"product_cat":[137],"product_tag":[],"class_list":{"0":"post-17363","1":"product","2":"type-product","3":"status-publish","5":"product_cat-maros-megyei-eletrajzi-lexikon","7":"first","8":"instock","9":"shipping-taxable","10":"product-type-simple"},"_links":{"self":[{"href":"https:\/\/uj.adatbank.ro\/lexikon\/wp-json\/wp\/v2\/product\/17363","targetHints":{"allow":["GET"]}}],"collection":[{"href":"https:\/\/uj.adatbank.ro\/lexikon\/wp-json\/wp\/v2\/product"}],"about":[{"href":"https:\/\/uj.adatbank.ro\/lexikon\/wp-json\/wp\/v2\/types\/product"}],"replies":[{"embeddable":true,"href":"https:\/\/uj.adatbank.ro\/lexikon\/wp-json\/wp\/v2\/comments?post=17363"}],"wp:attachment":[{"href":"https:\/\/uj.adatbank.ro\/lexikon\/wp-json\/wp\/v2\/media?parent=17363"}],"wp:term":[{"taxonomy":"product_brand","embeddable":true,"href":"https:\/\/uj.adatbank.ro\/lexikon\/wp-json\/wp\/v2\/product_brand?post=17363"},{"taxonomy":"product_cat","embeddable":true,"href":"https:\/\/uj.adatbank.ro\/lexikon\/wp-json\/wp\/v2\/product_cat?post=17363"},{"taxonomy":"product_tag","embeddable":true,"href":"https:\/\/uj.adatbank.ro\/lexikon\/wp-json\/wp\/v2\/product_tag?post=17363"}],"curies":[{"name":"wp","href":"https:\/\/api.w.org\/{rel}","templated":true}]}}