{"id":17364,"date":"2025-07-16T10:11:55","date_gmt":"2025-07-16T08:11:55","guid":{"rendered":"https:\/\/uj.adatbank.ro\/lexikon\/termek\/pal-domokos-pall-domokos\/"},"modified":"2025-07-16T10:11:55","modified_gmt":"2025-07-16T08:11:55","slug":"pal-domokos-pall-domokos","status":"publish","type":"product","link":"https:\/\/uj.adatbank.ro\/lexikon\/termek\/pal-domokos-pall-domokos\/","title":{"rendered":"P\u00c1L Domokos, P\u00e1ll Domokos"},"content":{"rendered":"<p>1878., \u2020\u00a01927 v. 1929.: sz\u00e1lloda tulajdonos. \u2013 Mv.-en volt Domokos Sz\u00e1lloda \u00e9s \u00e9tterme a Gecse D\u00e1niel u. 1. sz. alatt (1912), majd sz\u00e1lod\u00e1ja, a Domokos Sz\u00e1ll\u00f3 volt a Szent Mikl\u00f3s, majd Bolyai u.-ban, emeletes, tornyos, szecesszi\u00f3s st\u00edlus\u00fa h\u00e1z (ma Statisztikai Hivatal), a f\u00f6ldsz\u00ednten \u00e9tterm, fedett s\u00f6r\u00f6z\u0151terasz, az udvarban kocsisz\u00edn \u00e9s ist\u00e1l\u00f3 volt. Bern\u00e1dy Gy\u00f6rgy itt l\u00e1tta vend\u00e9g\u00fcl Ady Endr\u00e9t \u00e9s feles\u00e9g\u00e9t Boncza Bert\u00e1t (1915) \u00e9s M\u00f3ricz Zsigmondot (1916). T\u00edzm\u00e1zs\u00e1s nagyharangot adom\u00e1nyozott a V\u00e1rtemplomnak (1929). <br \/><strong>Irod.:<\/strong> Csekme; Fodor S\u00e1ndor. J\u00e1rom az utat\u2026(N\u00fa., 2004. okt. 8.)<\/br><\/p>\n","protected":false},"excerpt":{"rendered":"<p>1878., \u2020\u00a01927 v. 1929.: sz\u00e1lloda tulajdonos. \u2013 Mv.-en volt Domokos Sz\u00e1lloda \u00e9s \u00e9tterme a Gecse D\u00e1niel u. 1. sz. alatt (1912), majd sz\u00e1lod\u00e1ja, a Domokos Sz\u00e1ll\u00f3 volt a Szent Mikl\u00f3s, majd Bolyai u.-ban, emeletes, tornyos, szecesszi\u00f3s st\u00edlus\u00fa h\u00e1z (ma Statisztikai Hivatal), a f\u00f6ldsz\u00ednten \u00e9tterm, fedett s\u00f6r\u00f6z\u0151terasz, az udvarban kocsisz\u00edn \u00e9s ist\u00e1l\u00f3 volt. Bern\u00e1dy Gy\u00f6rgy itt [&hellip;]<\/p>\n","protected":false},"featured_media":0,"comment_status":"open","ping_status":"closed","template":"","meta":[],"product_brand":[],"product_cat":[137],"product_tag":[],"class_list":{"0":"post-17364","1":"product","2":"type-product","3":"status-publish","5":"product_cat-maros-megyei-eletrajzi-lexikon","7":"first","8":"instock","9":"shipping-taxable","10":"product-type-simple"},"_links":{"self":[{"href":"https:\/\/uj.adatbank.ro\/lexikon\/wp-json\/wp\/v2\/product\/17364","targetHints":{"allow":["GET"]}}],"collection":[{"href":"https:\/\/uj.adatbank.ro\/lexikon\/wp-json\/wp\/v2\/product"}],"about":[{"href":"https:\/\/uj.adatbank.ro\/lexikon\/wp-json\/wp\/v2\/types\/product"}],"replies":[{"embeddable":true,"href":"https:\/\/uj.adatbank.ro\/lexikon\/wp-json\/wp\/v2\/comments?post=17364"}],"wp:attachment":[{"href":"https:\/\/uj.adatbank.ro\/lexikon\/wp-json\/wp\/v2\/media?parent=17364"}],"wp:term":[{"taxonomy":"product_brand","embeddable":true,"href":"https:\/\/uj.adatbank.ro\/lexikon\/wp-json\/wp\/v2\/product_brand?post=17364"},{"taxonomy":"product_cat","embeddable":true,"href":"https:\/\/uj.adatbank.ro\/lexikon\/wp-json\/wp\/v2\/product_cat?post=17364"},{"taxonomy":"product_tag","embeddable":true,"href":"https:\/\/uj.adatbank.ro\/lexikon\/wp-json\/wp\/v2\/product_tag?post=17364"}],"curies":[{"name":"wp","href":"https:\/\/api.w.org\/{rel}","templated":true}]}}