{"id":17365,"date":"2025-07-16T10:11:57","date_gmt":"2025-07-16T08:11:57","guid":{"rendered":"https:\/\/uj.adatbank.ro\/lexikon\/termek\/pal-elek\/"},"modified":"2025-07-16T10:11:57","modified_gmt":"2025-07-16T08:11:57","slug":"pal-elek","status":"publish","type":"product","link":"https:\/\/uj.adatbank.ro\/lexikon\/termek\/pal-elek\/","title":{"rendered":"P\u00c1L Elek"},"content":{"rendered":"<p>Sz\u00e9kelyszentkir\u00e1ly, 1902. j\u00fal. 17. \u2020 Feh\u00e9regyh\u00e1za, 1978. j\u00fal. 12.: r. k. pap. \u2013 Sz\u00e9kelyudvarhelyen \u00e9s Gyulafeh\u00e9rv\u00e1ron tanult, itt papp\u00e1 szentelt\u00e9k (1924. dec. 1.). K\u00e1pl\u00e1n volt K\u00e9zdiszentl\u00e9leken, Sepsiszentgy\u00f6rgy\u00f6n, Kv.-on. Pl\u00e9b\u00e1nos G\u00f6rg\u00e9ny\u00fcvegcs\u0171r\u00f6n (1930\u201333), Parajdon (1935). Gyergy\u00f3remet\u00e9n (1940). Azzal a v\u00e1ddal, hogy \u0151k vitt\u00e9k el a k\u00f6zs\u00e9gh\u00e1za fal\u00e1r\u00f3l a vall\u00e1st \u00e9s az egyh\u00e1zat kig\u00fanyol\u00f3 cikket k\u00f6zl\u0151 fali\u00fajs\u00e1got, k\u00e1pl\u00e1nj\u00e1val, Kov\u00e1cs Jakabbal, egy\u00fctt letart\u00f3ztatt\u00e1k (1949), vallat\u00e1sukkor megk\u00ednozt\u00e1k. Kv. -ra, majd Brass\u00f3ba hurcolt\u00e1k, 6 h\u00f3nap vizsg\u00e1lati fogs\u00e1g ut\u00e1n \u201el\u00e1z\u00edt\u00e1s\u201d v\u00e1dj\u00e1val b\u00edr\u00f3s\u00e1g el\u00e9 \u00e1ll\u00edtott\u00e1k \u00e9s 7 \u00e9v b\u00f6rt\u00f6nre \u00edt\u00e9lt\u00e9k. B\u00f6rt\u00f6n\u00e9vei egy r\u00e9sz\u00e9t Szamos\u00fajv\u00e1rt t\u00f6lt\u00f6tte, 4 \u00e9vet k\u00e1pl\u00e1nj\u00e1val egy cell\u00e1ban raboskodott, a Duna-delta fogolyt\u00e1bor\u00e1ban is dolgoztatt\u00e1k. Szabadul\u00e1sa ut\u00e1n s\u00e1rpataki sz\u00f3rv\u00e1nylelk\u00e9sz (1960\u201378), Feh\u00e9regyh\u00e1z\u00e1n az egykori kolostortemplom dombj\u00e1n k\u00e1poln\u00e1t l\u00e9tes\u00edtett a kat. h\u00edvek r\u00e9sz\u00e9re (1960 k.). <br \/><strong>Irod.:<\/strong> Ferenczi S\u00e1ndor 2009; L\u00e9sty\u00e1n \u2013 templomok, Maros-k\u00fck\u00fcll\u0151i f\u0151esp.; MKL<\/br><\/p>\n","protected":false},"excerpt":{"rendered":"<p>Sz\u00e9kelyszentkir\u00e1ly, 1902. j\u00fal. 17. \u2020 Feh\u00e9regyh\u00e1za, 1978. j\u00fal. 12.: r. k. pap. \u2013 Sz\u00e9kelyudvarhelyen \u00e9s Gyulafeh\u00e9rv\u00e1ron tanult, itt papp\u00e1 szentelt\u00e9k (1924. dec. 1.). K\u00e1pl\u00e1n volt K\u00e9zdiszentl\u00e9leken, Sepsiszentgy\u00f6rgy\u00f6n, Kv.-on. Pl\u00e9b\u00e1nos G\u00f6rg\u00e9ny\u00fcvegcs\u0171r\u00f6n (1930\u201333), Parajdon (1935). Gyergy\u00f3remet\u00e9n (1940). Azzal a v\u00e1ddal, hogy \u0151k vitt\u00e9k el a k\u00f6zs\u00e9gh\u00e1za fal\u00e1r\u00f3l a vall\u00e1st \u00e9s az egyh\u00e1zat kig\u00fanyol\u00f3 cikket k\u00f6zl\u0151 fali\u00fajs\u00e1got, k\u00e1pl\u00e1nj\u00e1val, [&hellip;]<\/p>\n","protected":false},"featured_media":0,"comment_status":"open","ping_status":"closed","template":"","meta":[],"product_brand":[],"product_cat":[137],"product_tag":[],"class_list":{"0":"post-17365","1":"product","2":"type-product","3":"status-publish","5":"product_cat-maros-megyei-eletrajzi-lexikon","7":"first","8":"instock","9":"shipping-taxable","10":"product-type-simple"},"_links":{"self":[{"href":"https:\/\/uj.adatbank.ro\/lexikon\/wp-json\/wp\/v2\/product\/17365","targetHints":{"allow":["GET"]}}],"collection":[{"href":"https:\/\/uj.adatbank.ro\/lexikon\/wp-json\/wp\/v2\/product"}],"about":[{"href":"https:\/\/uj.adatbank.ro\/lexikon\/wp-json\/wp\/v2\/types\/product"}],"replies":[{"embeddable":true,"href":"https:\/\/uj.adatbank.ro\/lexikon\/wp-json\/wp\/v2\/comments?post=17365"}],"wp:attachment":[{"href":"https:\/\/uj.adatbank.ro\/lexikon\/wp-json\/wp\/v2\/media?parent=17365"}],"wp:term":[{"taxonomy":"product_brand","embeddable":true,"href":"https:\/\/uj.adatbank.ro\/lexikon\/wp-json\/wp\/v2\/product_brand?post=17365"},{"taxonomy":"product_cat","embeddable":true,"href":"https:\/\/uj.adatbank.ro\/lexikon\/wp-json\/wp\/v2\/product_cat?post=17365"},{"taxonomy":"product_tag","embeddable":true,"href":"https:\/\/uj.adatbank.ro\/lexikon\/wp-json\/wp\/v2\/product_tag?post=17365"}],"curies":[{"name":"wp","href":"https:\/\/api.w.org\/{rel}","templated":true}]}}