{"id":17367,"date":"2025-07-16T10:12:00","date_gmt":"2025-07-16T08:12:00","guid":{"rendered":"https:\/\/uj.adatbank.ro\/lexikon\/termek\/pal-gyorgy\/"},"modified":"2025-07-16T10:12:00","modified_gmt":"2025-07-16T08:12:00","slug":"pal-gyorgy","status":"publish","type":"product","link":"https:\/\/uj.adatbank.ro\/lexikon\/termek\/pal-gyorgy\/","title":{"rendered":"P\u00c1L Gy\u00f6rgy"},"content":{"rendered":"<p>Mv., 1862. szept. 12., \u2020\u00a0?: tan\u00edt\u00f3. \u2013 Mv.-en a polg\u00e1ri fi\u00fa iskol\u00e1bsn tanult, Kv.-on tan\u00edt\u00f3k\u00e9pz\u0151t v\u00e9gzett. A mv.-i ref. le\u00e1nyiskol\u00e1ban kedett tan\u00edtani, az elemi iskolasz\u00e9k vez\u00e9r.tan\u00edt\u00f3ja. K\u00fcl\u00f6n\u00f6sen zenei k\u00e9pzetts\u00e9ge volt h\u00edres, Bo\u00e9r Gergely tan\u00e1rt\u00f3l tanulta az alapokat. Mint koncert heged\u0171s \u00e9s quartetista is szerepelt. A tollforgat\u00e1shoz is \u00e9rtett, p\u00e1lyamunk\u00e1ival tekintetes d\u00edjakat nyert. A MT megyei \u00c1ltal\u00e1nos Tan\u00edt\u00f3test\u00fclet vezet\u0151s\u00e9gi tagja, ellen\u0151re.- <strong>F. m.:<\/strong> <strong>antol\u00f3g.:<\/strong> Eml\u00e9kk\u00f6nyv a MT megyei \u00c1ltal\u00e1nos Tan\u00edt\u00f3test\u00fclet 25 \u00e9ves jubileuma alkalm\u00e1b\u00f3l (Bp., 1903).-<br \/><strong>Irod.:<\/strong> Eml\u00e9kk\u00f6nyv; Vaday<\/br><\/p>\n","protected":false},"excerpt":{"rendered":"<p>Mv., 1862. szept. 12., \u2020\u00a0?: tan\u00edt\u00f3. \u2013 Mv.-en a polg\u00e1ri fi\u00fa iskol\u00e1bsn tanult, Kv.-on tan\u00edt\u00f3k\u00e9pz\u0151t v\u00e9gzett. A mv.-i ref. le\u00e1nyiskol\u00e1ban kedett tan\u00edtani, az elemi iskolasz\u00e9k vez\u00e9r.tan\u00edt\u00f3ja. K\u00fcl\u00f6n\u00f6sen zenei k\u00e9pzetts\u00e9ge volt h\u00edres, Bo\u00e9r Gergely tan\u00e1rt\u00f3l tanulta az alapokat. Mint koncert heged\u0171s \u00e9s quartetista is szerepelt. A tollforgat\u00e1shoz is \u00e9rtett, p\u00e1lyamunk\u00e1ival tekintetes d\u00edjakat nyert. A MT megyei [&hellip;]<\/p>\n","protected":false},"featured_media":0,"comment_status":"open","ping_status":"closed","template":"","meta":[],"product_brand":[],"product_cat":[137],"product_tag":[],"class_list":{"0":"post-17367","1":"product","2":"type-product","3":"status-publish","5":"product_cat-maros-megyei-eletrajzi-lexikon","7":"first","8":"instock","9":"shipping-taxable","10":"product-type-simple"},"_links":{"self":[{"href":"https:\/\/uj.adatbank.ro\/lexikon\/wp-json\/wp\/v2\/product\/17367","targetHints":{"allow":["GET"]}}],"collection":[{"href":"https:\/\/uj.adatbank.ro\/lexikon\/wp-json\/wp\/v2\/product"}],"about":[{"href":"https:\/\/uj.adatbank.ro\/lexikon\/wp-json\/wp\/v2\/types\/product"}],"replies":[{"embeddable":true,"href":"https:\/\/uj.adatbank.ro\/lexikon\/wp-json\/wp\/v2\/comments?post=17367"}],"wp:attachment":[{"href":"https:\/\/uj.adatbank.ro\/lexikon\/wp-json\/wp\/v2\/media?parent=17367"}],"wp:term":[{"taxonomy":"product_brand","embeddable":true,"href":"https:\/\/uj.adatbank.ro\/lexikon\/wp-json\/wp\/v2\/product_brand?post=17367"},{"taxonomy":"product_cat","embeddable":true,"href":"https:\/\/uj.adatbank.ro\/lexikon\/wp-json\/wp\/v2\/product_cat?post=17367"},{"taxonomy":"product_tag","embeddable":true,"href":"https:\/\/uj.adatbank.ro\/lexikon\/wp-json\/wp\/v2\/product_tag?post=17367"}],"curies":[{"name":"wp","href":"https:\/\/api.w.org\/{rel}","templated":true}]}}