{"id":17368,"date":"2025-07-16T10:12:03","date_gmt":"2025-07-16T08:12:03","guid":{"rendered":"https:\/\/uj.adatbank.ro\/lexikon\/termek\/pal-gyorgy-2\/"},"modified":"2025-07-16T10:12:03","modified_gmt":"2025-07-16T08:12:03","slug":"pal-gyorgy-2","status":"publish","type":"product","link":"https:\/\/uj.adatbank.ro\/lexikon\/termek\/pal-gyorgy-2\/","title":{"rendered":"P\u00c1L Gy\u00f6rgy"},"content":{"rendered":"<p>Mv., 1938, \u2020\u00a02021: orvos. \u2013 A mv.-i fi\u00fal\u00edc.-ban \u00e9retts\u00e9gizett (1955), a MOGYI orvoskar\u00e1n v\u00e9gzett (1961). Marosh\u00e9v\u00edzen orvos (1961\u201365). Versenyvizsga ut\u00e1n gyerrmekseb\u00e9sz alorvos Mv.-en (1965\u20131970). A mv.-i ment\u0151szolg\u00e1lat igazgat\u00f3ja (1970\u201375). A Gyermekseb\u00e9szeten szakorvos nyugd\u00edjaz\u00e1s\u00e1ig (1975\u20132008)..-<br \/><strong>Irod.:<\/strong> Kiss Cs. M 4.<\/br><\/p>\n","protected":false},"excerpt":{"rendered":"<p>Mv., 1938, \u2020\u00a02021: orvos. \u2013 A mv.-i fi\u00fal\u00edc.-ban \u00e9retts\u00e9gizett (1955), a MOGYI orvoskar\u00e1n v\u00e9gzett (1961). Marosh\u00e9v\u00edzen orvos (1961\u201365). Versenyvizsga ut\u00e1n gyerrmekseb\u00e9sz alorvos Mv.-en (1965\u20131970). A mv.-i ment\u0151szolg\u00e1lat igazgat\u00f3ja (1970\u201375). A Gyermekseb\u00e9szeten szakorvos nyugd\u00edjaz\u00e1s\u00e1ig (1975\u20132008)..-Irod.: Kiss Cs. M 4.<\/p>\n","protected":false},"featured_media":0,"comment_status":"open","ping_status":"closed","template":"","meta":[],"product_brand":[],"product_cat":[137],"product_tag":[],"class_list":{"0":"post-17368","1":"product","2":"type-product","3":"status-publish","5":"product_cat-maros-megyei-eletrajzi-lexikon","7":"first","8":"instock","9":"shipping-taxable","10":"product-type-simple"},"_links":{"self":[{"href":"https:\/\/uj.adatbank.ro\/lexikon\/wp-json\/wp\/v2\/product\/17368","targetHints":{"allow":["GET"]}}],"collection":[{"href":"https:\/\/uj.adatbank.ro\/lexikon\/wp-json\/wp\/v2\/product"}],"about":[{"href":"https:\/\/uj.adatbank.ro\/lexikon\/wp-json\/wp\/v2\/types\/product"}],"replies":[{"embeddable":true,"href":"https:\/\/uj.adatbank.ro\/lexikon\/wp-json\/wp\/v2\/comments?post=17368"}],"wp:attachment":[{"href":"https:\/\/uj.adatbank.ro\/lexikon\/wp-json\/wp\/v2\/media?parent=17368"}],"wp:term":[{"taxonomy":"product_brand","embeddable":true,"href":"https:\/\/uj.adatbank.ro\/lexikon\/wp-json\/wp\/v2\/product_brand?post=17368"},{"taxonomy":"product_cat","embeddable":true,"href":"https:\/\/uj.adatbank.ro\/lexikon\/wp-json\/wp\/v2\/product_cat?post=17368"},{"taxonomy":"product_tag","embeddable":true,"href":"https:\/\/uj.adatbank.ro\/lexikon\/wp-json\/wp\/v2\/product_tag?post=17368"}],"curies":[{"name":"wp","href":"https:\/\/api.w.org\/{rel}","templated":true}]}}