{"id":17369,"date":"2025-07-16T10:12:06","date_gmt":"2025-07-16T08:12:06","guid":{"rendered":"https:\/\/uj.adatbank.ro\/lexikon\/termek\/pal-gyula\/"},"modified":"2025-07-16T10:12:06","modified_gmt":"2025-07-16T08:12:06","slug":"pal-gyula","status":"publish","type":"product","link":"https:\/\/uj.adatbank.ro\/lexikon\/termek\/pal-gyula\/","title":{"rendered":"P\u00c1L Gyula"},"content":{"rendered":"<p>Cs\u00edkmenas\u00e1g, 1901. m\u00e1rc. 25., \u2020\u00a0K\u00fck\u00fcll\u0151kem\u00e9nyfalva, 1966. szept. 15.: r. k. pap. \u2013 Cs\u00edkszered\u00e1ban, Debrecenben \u00e9s Gyulafeh\u00e9rv\u00e1ron v\u00e9gezte, itt papp\u00e1 szentelt\u00e9k (1924. j\u00fal. 6.).K\u00e1pl\u00e1n Nagyk\u00e1szonban, Gyergy\u00f3alfaluban, Gelenc\u00e9n, Brass\u00f3ban, pl\u00e9b\u00e1nos Marosilly\u00e9n. K\u00e1pl\u00e1n Mv.-en (1930\u201332), Szolg\u00e1lt m\u00e9g K\u00e9zdiszentl\u00e9leken, Cs\u00edkszered\u00e1ban, Verestoronyban, Nagyszebenben. Pl\u00e9b\u00e1nos Abosfalv\u00e1n (1937\u201340), Szentdemeter negyedik pl\u00e9b\u00e1nosa (1940. aug. 17.\u20131950). \u00c1rv\u00edz sulytotta a k\u00f6zs\u00e9get (1940. aug. 14.\u2013), 30 h\u00e1zat tett t\u00f6nkre. A n\u00e9p- \u00e9s csal\u00e1dv\u00e9delmi sz\u00f6vetkezettel segits\u00e9g\u00e9vel megkezdt\u00e9k az \u00e1rv\u00edzk\u00e1rosultak \u00e9s nagycsal\u00e1dosok h\u00e1z\u00e9p\u00edt\u00e9s\u00e9t, br. Schell Istv\u00e1n f\u00f6ldbirtokos k\u00f6zbenj\u00e1r\u00e1s\u00e1ra 30 000 peng\u0151 seg\u00e9lyt kapott az egyh\u00e1z \u00e9s 10 \u00faj h\u00e1zat \u00e9p\u00edttettek fel (1941). Nev\u00e9hez f\u0171z\u0151dik Szentdemeteren a csuh\u00e9fon\u00e1s h\u00e1ziipari tev\u00e9kenys\u00e9g meghonos\u00edt\u00e1sa (1940), a tan\u00edt\u00f3n\u00f6k vezet\u00e9s\u00e9vel a le\u00e1nyok Kalka-egyes\u00fcletbe t\u00f6m\u00f6r\u00fcltek \u00e9s szatyork\u00f6t\u0151 tanfolyamon vettek r\u00e9szt. A faluban megalak\u00edtott\u00e1k a Hangya sz\u00f6vetkezetet (1941). A kulturh\u00e1zban mozirendszert hozott l\u00e9tre, de r\u00e1fizet\u00e9ssel j\u00e1rt \u00e9s megsz\u00fcntett\u00e9k. Az I. vh.-ban elesettek eml\u00e9k\u00e9re eml\u00e9kk\u00f6vet \u00e1ll\u00edtottak a kulturh\u00e1z el\u00e9. Elmenek\u00fclt (1944. szept.- 1945. m\u00e1j). Nev\u00e9t viseli a szentdemeteri nyolc oszt\u00e1lyos \u00e1ltal\u00e1nos iskola (2002. j\u00fan.. Lelkip\u00e1sztor Tusn\u00e1don (1950\u201358). Beb\u00f6rt\u00f6n\u00f6zt\u00e9k (1958-?). Pl\u00e9b\u00e1nos K\u00fck\u00fcll\u0151kem\u00e9nyfalv\u00e1n (1966\u2013). <br \/><strong>Irod.:<\/strong> Antal Erika: Iskolai keresztel\u0151 (Kr\u00f3nika, 2002. j\u00fan. 3.); Ferenczi S\u00e1ndor 2009; Maros-k\u00fck\u00fcll\u0151i f\u0151esp.; Sepsisz\u00e9ki<\/br><\/p>\n","protected":false},"excerpt":{"rendered":"<p>Cs\u00edkmenas\u00e1g, 1901. m\u00e1rc. 25., \u2020\u00a0K\u00fck\u00fcll\u0151kem\u00e9nyfalva, 1966. szept. 15.: r. k. pap. \u2013 Cs\u00edkszered\u00e1ban, Debrecenben \u00e9s Gyulafeh\u00e9rv\u00e1ron v\u00e9gezte, itt papp\u00e1 szentelt\u00e9k (1924. j\u00fal. 6.).K\u00e1pl\u00e1n Nagyk\u00e1szonban, Gyergy\u00f3alfaluban, Gelenc\u00e9n, Brass\u00f3ban, pl\u00e9b\u00e1nos Marosilly\u00e9n. K\u00e1pl\u00e1n Mv.-en (1930\u201332), Szolg\u00e1lt m\u00e9g K\u00e9zdiszentl\u00e9leken, Cs\u00edkszered\u00e1ban, Verestoronyban, Nagyszebenben. Pl\u00e9b\u00e1nos Abosfalv\u00e1n (1937\u201340), Szentdemeter negyedik pl\u00e9b\u00e1nosa (1940. aug. 17.\u20131950). \u00c1rv\u00edz sulytotta a k\u00f6zs\u00e9get (1940. aug. 14.\u2013), 30 [&hellip;]<\/p>\n","protected":false},"featured_media":0,"comment_status":"open","ping_status":"closed","template":"","meta":[],"product_brand":[],"product_cat":[137],"product_tag":[],"class_list":{"0":"post-17369","1":"product","2":"type-product","3":"status-publish","5":"product_cat-maros-megyei-eletrajzi-lexikon","7":"first","8":"instock","9":"shipping-taxable","10":"product-type-simple"},"_links":{"self":[{"href":"https:\/\/uj.adatbank.ro\/lexikon\/wp-json\/wp\/v2\/product\/17369","targetHints":{"allow":["GET"]}}],"collection":[{"href":"https:\/\/uj.adatbank.ro\/lexikon\/wp-json\/wp\/v2\/product"}],"about":[{"href":"https:\/\/uj.adatbank.ro\/lexikon\/wp-json\/wp\/v2\/types\/product"}],"replies":[{"embeddable":true,"href":"https:\/\/uj.adatbank.ro\/lexikon\/wp-json\/wp\/v2\/comments?post=17369"}],"wp:attachment":[{"href":"https:\/\/uj.adatbank.ro\/lexikon\/wp-json\/wp\/v2\/media?parent=17369"}],"wp:term":[{"taxonomy":"product_brand","embeddable":true,"href":"https:\/\/uj.adatbank.ro\/lexikon\/wp-json\/wp\/v2\/product_brand?post=17369"},{"taxonomy":"product_cat","embeddable":true,"href":"https:\/\/uj.adatbank.ro\/lexikon\/wp-json\/wp\/v2\/product_cat?post=17369"},{"taxonomy":"product_tag","embeddable":true,"href":"https:\/\/uj.adatbank.ro\/lexikon\/wp-json\/wp\/v2\/product_tag?post=17369"}],"curies":[{"name":"wp","href":"https:\/\/api.w.org\/{rel}","templated":true}]}}