{"id":17370,"date":"2025-07-16T10:12:07","date_gmt":"2025-07-16T08:12:07","guid":{"rendered":"https:\/\/uj.adatbank.ro\/lexikon\/termek\/pal-gyula-jozsef-p-pal-gyula-kupertin-jozsef\/"},"modified":"2025-07-16T10:12:07","modified_gmt":"2025-07-16T08:12:07","slug":"pal-gyula-jozsef-p-pal-gyula-kupertin-jozsef","status":"publish","type":"product","link":"https:\/\/uj.adatbank.ro\/lexikon\/termek\/pal-gyula-jozsef-p-pal-gyula-kupertin-jozsef\/","title":{"rendered":"P\u00c1L Gyula J\u00f3zsef, P. P\u00e1l Gyula Kupertin J\u00f3zsef"},"content":{"rendered":"<p>Cs\u00edktapolca, 1906, \u2020\u00a0Mv., 1983. \u00e1pr. 29.: r.k. pl\u00e9b\u00e1nos. \u2013 \u00dajoncmester \u2013 helyettes (1930\u20131934) Maros megyei t\u00f6rt.; h\u00e1zf\u0151n\u00f6k (1956\u20131983 ). A mv.-i minorita templom igazgat\u00f3ja. F\u0151esperesi titk\u00e1rk\u00e9nt mindent \u0151 \u00edrt al\u00e1, amig kinevezt\u00e9k az \u00faj f\u0151esperest, Lesty\u00e1n Ferencet (1968-ig). <br \/><strong>Irod.:<\/strong> Maros-k\u00fck\u00fcll\u0151i f\u0151esp.; Maros megyei t\u00f6rt.; [Nekrol\u00f3g] (V. Z., 1983. \u00e1pr. 30.)<\/br><\/p>\n","protected":false},"excerpt":{"rendered":"<p>Cs\u00edktapolca, 1906, \u2020\u00a0Mv., 1983. \u00e1pr. 29.: r.k. pl\u00e9b\u00e1nos. \u2013 \u00dajoncmester \u2013 helyettes (1930\u20131934) Maros megyei t\u00f6rt.; h\u00e1zf\u0151n\u00f6k (1956\u20131983 ). A mv.-i minorita templom igazgat\u00f3ja. F\u0151esperesi titk\u00e1rk\u00e9nt mindent \u0151 \u00edrt al\u00e1, amig kinevezt\u00e9k az \u00faj f\u0151esperest, Lesty\u00e1n Ferencet (1968-ig). Irod.: Maros-k\u00fck\u00fcll\u0151i f\u0151esp.; Maros megyei t\u00f6rt.; [Nekrol\u00f3g] (V. Z., 1983. \u00e1pr. 30.)<\/p>\n","protected":false},"featured_media":0,"comment_status":"open","ping_status":"closed","template":"","meta":[],"product_brand":[],"product_cat":[137],"product_tag":[],"class_list":{"0":"post-17370","1":"product","2":"type-product","3":"status-publish","5":"product_cat-maros-megyei-eletrajzi-lexikon","7":"first","8":"instock","9":"shipping-taxable","10":"product-type-simple"},"_links":{"self":[{"href":"https:\/\/uj.adatbank.ro\/lexikon\/wp-json\/wp\/v2\/product\/17370","targetHints":{"allow":["GET"]}}],"collection":[{"href":"https:\/\/uj.adatbank.ro\/lexikon\/wp-json\/wp\/v2\/product"}],"about":[{"href":"https:\/\/uj.adatbank.ro\/lexikon\/wp-json\/wp\/v2\/types\/product"}],"replies":[{"embeddable":true,"href":"https:\/\/uj.adatbank.ro\/lexikon\/wp-json\/wp\/v2\/comments?post=17370"}],"wp:attachment":[{"href":"https:\/\/uj.adatbank.ro\/lexikon\/wp-json\/wp\/v2\/media?parent=17370"}],"wp:term":[{"taxonomy":"product_brand","embeddable":true,"href":"https:\/\/uj.adatbank.ro\/lexikon\/wp-json\/wp\/v2\/product_brand?post=17370"},{"taxonomy":"product_cat","embeddable":true,"href":"https:\/\/uj.adatbank.ro\/lexikon\/wp-json\/wp\/v2\/product_cat?post=17370"},{"taxonomy":"product_tag","embeddable":true,"href":"https:\/\/uj.adatbank.ro\/lexikon\/wp-json\/wp\/v2\/product_tag?post=17370"}],"curies":[{"name":"wp","href":"https:\/\/api.w.org\/{rel}","templated":true}]}}