{"id":17372,"date":"2025-07-16T10:12:11","date_gmt":"2025-07-16T08:12:11","guid":{"rendered":"https:\/\/uj.adatbank.ro\/lexikon\/termek\/pal-kalman\/"},"modified":"2025-07-16T10:12:11","modified_gmt":"2025-07-16T08:12:11","slug":"pal-kalman","status":"publish","type":"product","link":"https:\/\/uj.adatbank.ro\/lexikon\/termek\/pal-kalman\/","title":{"rendered":"P\u00c1L K\u00e1lm\u00e1n"},"content":{"rendered":"<p>Sz\u00e9kelybetlenfalva, 1848. dec. 2., \u2020 1925. jan. 25.: r. k. pap. \u2013 Sz\u00e9kelyudvarhelyen \u00e9s Gyulafeh\u00e9rv\u00e1ron tanult, papp\u00e1 szentelt\u00e9k (1872. \u00e1pr. 15.). K\u00e1pl\u00e1n Ditr\u00f3ban, tan\u00e1r Sz\u00e9kelyudvarhelyen, Gyulafeh\u00e9rv\u00e1ron. Lelkip\u00e1sztor Szentegyh\u00e1zasfaluban, Kaj\u00e1nt\u00f3n, Sz\u00e9kelyv\u00e9ck\u00e9n (1877\u201381), T\u00fcrk\u00f6s\u00f6n, Hossz\u00faasz\u00f3n. Nyugd\u00edjazt\u00e1k (1913). <br \/><strong>Irod.:<\/strong> Ferenczi S\u00e1ndor 2009<\/br><\/p>\n","protected":false},"excerpt":{"rendered":"<p>Sz\u00e9kelybetlenfalva, 1848. dec. 2., \u2020 1925. jan. 25.: r. k. pap. \u2013 Sz\u00e9kelyudvarhelyen \u00e9s Gyulafeh\u00e9rv\u00e1ron tanult, papp\u00e1 szentelt\u00e9k (1872. \u00e1pr. 15.). K\u00e1pl\u00e1n Ditr\u00f3ban, tan\u00e1r Sz\u00e9kelyudvarhelyen, Gyulafeh\u00e9rv\u00e1ron. Lelkip\u00e1sztor Szentegyh\u00e1zasfaluban, Kaj\u00e1nt\u00f3n, Sz\u00e9kelyv\u00e9ck\u00e9n (1877\u201381), T\u00fcrk\u00f6s\u00f6n, Hossz\u00faasz\u00f3n. Nyugd\u00edjazt\u00e1k (1913). Irod.: Ferenczi S\u00e1ndor 2009<\/p>\n","protected":false},"featured_media":0,"comment_status":"open","ping_status":"closed","template":"","meta":[],"product_brand":[],"product_cat":[137],"product_tag":[],"class_list":{"0":"post-17372","1":"product","2":"type-product","3":"status-publish","5":"product_cat-maros-megyei-eletrajzi-lexikon","7":"first","8":"instock","9":"shipping-taxable","10":"product-type-simple"},"_links":{"self":[{"href":"https:\/\/uj.adatbank.ro\/lexikon\/wp-json\/wp\/v2\/product\/17372","targetHints":{"allow":["GET"]}}],"collection":[{"href":"https:\/\/uj.adatbank.ro\/lexikon\/wp-json\/wp\/v2\/product"}],"about":[{"href":"https:\/\/uj.adatbank.ro\/lexikon\/wp-json\/wp\/v2\/types\/product"}],"replies":[{"embeddable":true,"href":"https:\/\/uj.adatbank.ro\/lexikon\/wp-json\/wp\/v2\/comments?post=17372"}],"wp:attachment":[{"href":"https:\/\/uj.adatbank.ro\/lexikon\/wp-json\/wp\/v2\/media?parent=17372"}],"wp:term":[{"taxonomy":"product_brand","embeddable":true,"href":"https:\/\/uj.adatbank.ro\/lexikon\/wp-json\/wp\/v2\/product_brand?post=17372"},{"taxonomy":"product_cat","embeddable":true,"href":"https:\/\/uj.adatbank.ro\/lexikon\/wp-json\/wp\/v2\/product_cat?post=17372"},{"taxonomy":"product_tag","embeddable":true,"href":"https:\/\/uj.adatbank.ro\/lexikon\/wp-json\/wp\/v2\/product_tag?post=17372"}],"curies":[{"name":"wp","href":"https:\/\/api.w.org\/{rel}","templated":true}]}}