{"id":17375,"date":"2025-07-16T10:12:17","date_gmt":"2025-07-16T08:12:17","guid":{"rendered":"https:\/\/uj.adatbank.ro\/lexikon\/termek\/pal-magda-keresztes-gyulane\/"},"modified":"2025-07-16T10:12:17","modified_gmt":"2025-07-16T08:12:17","slug":"pal-magda-keresztes-gyulane","status":"publish","type":"product","link":"https:\/\/uj.adatbank.ro\/lexikon\/termek\/pal-magda-keresztes-gyulane\/","title":{"rendered":"P\u00c1L Magda; Keresztes Gyul\u00e1n\u00e9"},"content":{"rendered":"<p>? \u2020\u00a0?: zongoram\u0171v\u00e9sz, tan\u00e1r. \u2013 Zenei tanulm\u00e1nyait Mv.-en kezdte Erkel Sarolt\u00e1n\u00e1l, majd a kv.-i konzervat\u00f3riumban szerzett oklevelet. \u00d6n\u00e1ll\u00f3 esteket adott Buk., Kv. Iasi, Mv.-en (1956\u2013). A mv.-i zeneiskola tan\u00e1ra volt 35 \u00e9vet. <br \/><strong>Irod.:<\/strong> MMK (R\u00e1di\u00f3 2000 okt 17)<\/br><\/p>\n","protected":false},"excerpt":{"rendered":"<p>? \u2020\u00a0?: zongoram\u0171v\u00e9sz, tan\u00e1r. \u2013 Zenei tanulm\u00e1nyait Mv.-en kezdte Erkel Sarolt\u00e1n\u00e1l, majd a kv.-i konzervat\u00f3riumban szerzett oklevelet. \u00d6n\u00e1ll\u00f3 esteket adott Buk., Kv. Iasi, Mv.-en (1956\u2013). A mv.-i zeneiskola tan\u00e1ra volt 35 \u00e9vet. Irod.: MMK (R\u00e1di\u00f3 2000 okt 17)<\/p>\n","protected":false},"featured_media":0,"comment_status":"open","ping_status":"closed","template":"","meta":[],"product_brand":[],"product_cat":[137],"product_tag":[],"class_list":{"0":"post-17375","1":"product","2":"type-product","3":"status-publish","5":"product_cat-maros-megyei-eletrajzi-lexikon","7":"first","8":"instock","9":"shipping-taxable","10":"product-type-simple"},"_links":{"self":[{"href":"https:\/\/uj.adatbank.ro\/lexikon\/wp-json\/wp\/v2\/product\/17375","targetHints":{"allow":["GET"]}}],"collection":[{"href":"https:\/\/uj.adatbank.ro\/lexikon\/wp-json\/wp\/v2\/product"}],"about":[{"href":"https:\/\/uj.adatbank.ro\/lexikon\/wp-json\/wp\/v2\/types\/product"}],"replies":[{"embeddable":true,"href":"https:\/\/uj.adatbank.ro\/lexikon\/wp-json\/wp\/v2\/comments?post=17375"}],"wp:attachment":[{"href":"https:\/\/uj.adatbank.ro\/lexikon\/wp-json\/wp\/v2\/media?parent=17375"}],"wp:term":[{"taxonomy":"product_brand","embeddable":true,"href":"https:\/\/uj.adatbank.ro\/lexikon\/wp-json\/wp\/v2\/product_brand?post=17375"},{"taxonomy":"product_cat","embeddable":true,"href":"https:\/\/uj.adatbank.ro\/lexikon\/wp-json\/wp\/v2\/product_cat?post=17375"},{"taxonomy":"product_tag","embeddable":true,"href":"https:\/\/uj.adatbank.ro\/lexikon\/wp-json\/wp\/v2\/product_tag?post=17375"}],"curies":[{"name":"wp","href":"https:\/\/api.w.org\/{rel}","templated":true}]}}