{"id":17376,"date":"2025-07-16T10:12:19","date_gmt":"2025-07-16T08:12:19","guid":{"rendered":"https:\/\/uj.adatbank.ro\/lexikon\/termek\/pal-markusz-%c2%a7\/"},"modified":"2025-07-16T10:12:19","modified_gmt":"2025-07-16T08:12:19","slug":"pal-markusz-%c2%a7","status":"publish","type":"product","link":"https:\/\/uj.adatbank.ro\/lexikon\/termek\/pal-markusz-%c2%a7\/","title":{"rendered":"P\u00c1L M\u00e1rkusz, \u00a7"},"content":{"rendered":"<p>? \u2020 ?: vulkaniz\u00e1l\u00f3. \u2013 Mv.-en vukaniz\u00e1l\u00f3 \u00fczem tulajdonosa volt. Az I. vh.-ban (1916. m\u00e1j.\u201318. nov.) a mv.-i 62. gy. ezredhez vonult be. Az orosz \u00e9s olasz harct\u00e9ren gyalogosk\u00e9nt teljes\u00edtett csapatszolg\u00e1latot. <br \/><strong>Irod.:<\/strong> M. hadviselt zsid\u00f3k<\/br><\/p>\n","protected":false},"excerpt":{"rendered":"<p>? \u2020 ?: vulkaniz\u00e1l\u00f3. \u2013 Mv.-en vukaniz\u00e1l\u00f3 \u00fczem tulajdonosa volt. Az I. vh.-ban (1916. m\u00e1j.\u201318. nov.) a mv.-i 62. gy. ezredhez vonult be. Az orosz \u00e9s olasz harct\u00e9ren gyalogosk\u00e9nt teljes\u00edtett csapatszolg\u00e1latot. Irod.: M. hadviselt zsid\u00f3k<\/p>\n","protected":false},"featured_media":0,"comment_status":"open","ping_status":"closed","template":"","meta":[],"product_brand":[],"product_cat":[137],"product_tag":[],"class_list":{"0":"post-17376","1":"product","2":"type-product","3":"status-publish","5":"product_cat-maros-megyei-eletrajzi-lexikon","7":"first","8":"instock","9":"shipping-taxable","10":"product-type-simple"},"_links":{"self":[{"href":"https:\/\/uj.adatbank.ro\/lexikon\/wp-json\/wp\/v2\/product\/17376","targetHints":{"allow":["GET"]}}],"collection":[{"href":"https:\/\/uj.adatbank.ro\/lexikon\/wp-json\/wp\/v2\/product"}],"about":[{"href":"https:\/\/uj.adatbank.ro\/lexikon\/wp-json\/wp\/v2\/types\/product"}],"replies":[{"embeddable":true,"href":"https:\/\/uj.adatbank.ro\/lexikon\/wp-json\/wp\/v2\/comments?post=17376"}],"wp:attachment":[{"href":"https:\/\/uj.adatbank.ro\/lexikon\/wp-json\/wp\/v2\/media?parent=17376"}],"wp:term":[{"taxonomy":"product_brand","embeddable":true,"href":"https:\/\/uj.adatbank.ro\/lexikon\/wp-json\/wp\/v2\/product_brand?post=17376"},{"taxonomy":"product_cat","embeddable":true,"href":"https:\/\/uj.adatbank.ro\/lexikon\/wp-json\/wp\/v2\/product_cat?post=17376"},{"taxonomy":"product_tag","embeddable":true,"href":"https:\/\/uj.adatbank.ro\/lexikon\/wp-json\/wp\/v2\/product_tag?post=17376"}],"curies":[{"name":"wp","href":"https:\/\/api.w.org\/{rel}","templated":true}]}}